{"id":94,"date":"2019-04-24T09:17:31","date_gmt":"2019-04-24T12:17:31","guid":{"rendered":"http:\/\/sites.igc.usp.br\/sti\/?page_id=94"},"modified":"2019-04-24T09:17:31","modified_gmt":"2019-04-24T12:17:31","slug":"telefonia","status":"publish","type":"page","link":"https:\/\/igc.usp.br\/sti\/telefonia\/","title":{"rendered":"Telefonia"},"content":{"rendered":"\n<h2 class=\"wp-block-heading\">Video-Confer\u00eancia<\/h2>\n\n\n\n<h3 class=\"wp-block-heading\">\n\nChamadas via Telefone VVX 1500 Polycom (V\u00eddeo-chamada)\n\n<\/h3>\n\n\n\n<p> Se voc\u00ea tem um telefone Polycom com capacidade de v\u00eddeo-confer\u00eancia (VVX 1500) e est\u00e1 dentro da USP, siga os seguintes passos para se conectar: <\/p>\n\n\n\n<ol class=\"wp-block-list\"><li>Discar para: 480901<\/li><li>Ap\u00f3s entrar o atendimento autom\u00e1tico, discar: XXXX#, onde XXXX \u00e9 o n\u00famero da sala virtual de v\u00eddeo-confer\u00eancia desejada. <\/li><\/ol>\n\n\n\n<p>O IGc possui a sala 2983. <\/p>\n","protected":false},"excerpt":{"rendered":"<p>Video-Confer\u00eancia Chamadas via Telefone VVX 1500 Polycom (V\u00eddeo-chamada) Se voc\u00ea tem um telefone Polycom com capacidade de v\u00eddeo-confer\u00eancia (VVX 1500)&#46;&#46;&#46;<\/p>\n","protected":false},"author":1,"featured_media":0,"parent":0,"menu_order":0,"comment_status":"closed","ping_status":"closed","template":"","meta":{"_acf_changed":false,"om_disable_all_campaigns":false,"_monsterinsights_skip_tracking":false,"_monsterinsights_sitenote_active":false,"_monsterinsights_sitenote_note":"","_monsterinsights_sitenote_category":0,"_uf_show_specific_survey":0,"_uf_disable_surveys":false,"footnotes":"","_links_to":"","_links_to_target":""},"class_list":["post-94","page","type-page","status-publish","hentry"],"acf":[],"aioseo_notices":[],"publishpress_future_action":{"enabled":false,"date":"2026-04-15 14:45:34","action":"change-status","newStatus":"draft","terms":[],"taxonomy":"language","extraData":[]},"publishpress_future_workflow_manual_trigger":{"enabledWorkflows":[]},"_links":{"self":[{"href":"https:\/\/igc.usp.br\/sti\/wp-json\/wp\/v2\/pages\/94","targetHints":{"allow":["GET"]}}],"collection":[{"href":"https:\/\/igc.usp.br\/sti\/wp-json\/wp\/v2\/pages"}],"about":[{"href":"https:\/\/igc.usp.br\/sti\/wp-json\/wp\/v2\/types\/page"}],"author":[{"embeddable":true,"href":"https:\/\/igc.usp.br\/sti\/wp-json\/wp\/v2\/users\/1"}],"replies":[{"embeddable":true,"href":"https:\/\/igc.usp.br\/sti\/wp-json\/wp\/v2\/comments?post=94"}],"version-history":[{"count":1,"href":"https:\/\/igc.usp.br\/sti\/wp-json\/wp\/v2\/pages\/94\/revisions"}],"predecessor-version":[{"id":95,"href":"https:\/\/igc.usp.br\/sti\/wp-json\/wp\/v2\/pages\/94\/revisions\/95"}],"wp:attachment":[{"href":"https:\/\/igc.usp.br\/sti\/wp-json\/wp\/v2\/media?parent=94"}],"curies":[{"name":"wp","href":"https:\/\/api.w.org\/{rel}","templated":true}]}}