{"id":61,"date":"2018-10-05T11:23:47","date_gmt":"2018-10-05T14:23:47","guid":{"rendered":"http:\/\/sites.igc.usp.br\/sti\/?page_id=61"},"modified":"2018-10-05T11:23:48","modified_gmt":"2018-10-05T14:23:48","slug":"a-sti","status":"publish","type":"page","link":"https:\/\/igc.usp.br\/sti\/a-sti\/","title":{"rendered":"A STI"},"content":{"rendered":"\n<h2 class=\"wp-block-heading\">Se\u00e7\u00e3o T\u00e9cnica de Inform\u00e1tica<\/h2>\n\n\n\n<h3 class=\"wp-block-heading\">Miss\u00e3o<br\/><\/h3>\n\n\n\n<p>A STI tem como miss\u00e3o proporcionar a comunidade do Instituto de Geoci\u00eancias servi\u00e7os relacionados a tecnologia da informa\u00e7\u00e3o com presteza e qualidade para seu uso nas atividades acad\u00eamicas, de pesquisa e administrativas.<\/p>\n\n\n\n<h3 class=\"wp-block-heading\">Vis\u00e3o<\/h3>\n\n\n\n<p>A vis\u00e3o da STI \u00e9 torn\u00e1-la reconhecida por seus usu\u00e1rios como um centro de excel\u00eancia da gest\u00e3o da tecnologia da informa\u00e7\u00e3o no IGc.<\/p>\n\n\n\n<h3 class=\"wp-block-heading\">Valores<\/h3>\n\n\n\n<p>Integridade, confian\u00e7a, qualidade, diversidade, inclus\u00e3o, seriedade, presteza, inova\u00e7\u00e3o.<\/p>\n\n\n\n<h3 class=\"wp-block-heading\">Atividades<\/h3>\n\n\n\n<p>As principais atividades desenvolvidas na STI s\u00e3o:<\/p>\n\n\n\n<ul class=\"wp-block-list\"><li>Manuten\u00e7\u00e3o e atualiza\u00e7\u00e3o cont\u00ednua da rede de dados do IGc, tornando-a cada vez mais est\u00e1vel, veloz e segura.<\/li><li>Instala\u00e7\u00e3o, manuten\u00e7\u00e3o e atualiza\u00e7\u00e3o dos servidores de servi\u00e7os do Instituto.<\/li><li>Desenvolvimento de softwares de divulga\u00e7\u00e3o de conhecimento e administrativos.<\/li><li>Gerenciar e especificar compras relacionadas a inform\u00e1tica.<\/li><li>Gerenciar e manter a Sala Pr\u00f3-Aluno, utilizada pelos graduandos do Instituto para suas atividades acad\u00eamicas.<\/li><li>Tamb\u00e9m s\u00e3o atividades realizadas pela STI:<\/li><li>Atendimento de chamados t\u00e9cnicos, dentre os quais, instala\u00e7\u00e3o e configura\u00e7\u00e3o de novos equipamentos, pequenos consertos de hardware, suporte quanto a utiliza\u00e7\u00e3o de softwares, reinstala\u00e7\u00f5es de equipamentos etc<\/li><li>Realiza\u00e7\u00e3o de impress\u00f5es e digitaliza\u00e7\u00f5es de grande formato em equipamento dedicado a estas atividades.<\/li><\/ul>\n","protected":false},"excerpt":{"rendered":"<p>Se\u00e7\u00e3o T\u00e9cnica de Inform\u00e1tica Miss\u00e3o A STI tem como miss\u00e3o proporcionar a comunidade do Instituto de Geoci\u00eancias servi\u00e7os relacionados a&#46;&#46;&#46;<\/p>\n","protected":false},"author":1,"featured_media":0,"parent":0,"menu_order":0,"comment_status":"closed","ping_status":"closed","template":"","meta":{"_acf_changed":false,"om_disable_all_campaigns":false,"_monsterinsights_skip_tracking":false,"_monsterinsights_sitenote_active":false,"_monsterinsights_sitenote_note":"","_monsterinsights_sitenote_category":0,"_uf_show_specific_survey":0,"_uf_disable_surveys":false,"footnotes":"","_links_to":"","_links_to_target":""},"class_list":["post-61","page","type-page","status-publish","hentry"],"acf":[],"aioseo_notices":[],"publishpress_future_action":{"enabled":false,"date":"2026-04-15 20:13:01","action":"change-status","newStatus":"draft","terms":[],"taxonomy":"language","extraData":[]},"publishpress_future_workflow_manual_trigger":{"enabledWorkflows":[]},"_links":{"self":[{"href":"https:\/\/igc.usp.br\/sti\/wp-json\/wp\/v2\/pages\/61","targetHints":{"allow":["GET"]}}],"collection":[{"href":"https:\/\/igc.usp.br\/sti\/wp-json\/wp\/v2\/pages"}],"about":[{"href":"https:\/\/igc.usp.br\/sti\/wp-json\/wp\/v2\/types\/page"}],"author":[{"embeddable":true,"href":"https:\/\/igc.usp.br\/sti\/wp-json\/wp\/v2\/users\/1"}],"replies":[{"embeddable":true,"href":"https:\/\/igc.usp.br\/sti\/wp-json\/wp\/v2\/comments?post=61"}],"version-history":[{"count":1,"href":"https:\/\/igc.usp.br\/sti\/wp-json\/wp\/v2\/pages\/61\/revisions"}],"predecessor-version":[{"id":62,"href":"https:\/\/igc.usp.br\/sti\/wp-json\/wp\/v2\/pages\/61\/revisions\/62"}],"wp:attachment":[{"href":"https:\/\/igc.usp.br\/sti\/wp-json\/wp\/v2\/media?parent=61"}],"curies":[{"name":"wp","href":"https:\/\/api.w.org\/{rel}","templated":true}]}}