{"id":59,"date":"2018-10-05T11:17:55","date_gmt":"2018-10-05T14:17:55","guid":{"rendered":"http:\/\/sites.igc.usp.br\/sti\/?page_id=59"},"modified":"2019-04-24T09:08:32","modified_gmt":"2019-04-24T12:08:32","slug":"e-mail-institucional","status":"publish","type":"page","link":"https:\/\/igc.usp.br\/sti\/e-mail-institucional\/","title":{"rendered":"E-Mail Institucional"},"content":{"rendered":"\n<p>Para solicitar um e-mail institucional para uma se\u00e7\u00e3o administrativa, laborat\u00f3rio ou para algum outro objetivo institucional, favor solicitar clicando\u00a0<a href=\"http:\/\/id.usp.br\">aqui<\/a>.<\/p>\n\n\n\n<p>Ap\u00f3s isto, aguardar a autoriza\u00e7\u00e3o pela STI.<\/p>\n\n\n\n<h4 class=\"wp-block-heading\">Alterar senha do e-mail institucional<\/h4>\n\n\n\n<p>Para alterar a senha de um e-mail institucional, acesse <a href=\"http:\/\/id.usp.br\">id.usp.br<\/a>, usando <strong>seu n\u00famero USP e sua senha \u00fanica<\/strong>, clique em <strong>Contas Institucionais<\/strong>, escolha o endere\u00e7o que deseja alterar a senha e escolha esta op\u00e7\u00e3o.<\/p>\n","protected":false},"excerpt":{"rendered":"<p>Para solicitar um e-mail institucional para uma se\u00e7\u00e3o administrativa, laborat\u00f3rio ou para algum outro objetivo institucional, favor solicitar clicando\u00a0aqui. Ap\u00f3s&#46;&#46;&#46;<\/p>\n","protected":false},"author":1,"featured_media":0,"parent":0,"menu_order":0,"comment_status":"closed","ping_status":"closed","template":"","meta":{"_acf_changed":false,"om_disable_all_campaigns":false,"_monsterinsights_skip_tracking":false,"_monsterinsights_sitenote_active":false,"_monsterinsights_sitenote_note":"","_monsterinsights_sitenote_category":0,"_uf_show_specific_survey":0,"_uf_disable_surveys":false,"footnotes":"","_links_to":"","_links_to_target":""},"class_list":["post-59","page","type-page","status-publish","hentry"],"acf":[],"aioseo_notices":[],"publishpress_future_action":{"enabled":false,"date":"2026-04-15 10:49:32","action":"change-status","newStatus":"draft","terms":[],"taxonomy":"language","extraData":[]},"publishpress_future_workflow_manual_trigger":{"enabledWorkflows":[]},"_links":{"self":[{"href":"https:\/\/igc.usp.br\/sti\/wp-json\/wp\/v2\/pages\/59","targetHints":{"allow":["GET"]}}],"collection":[{"href":"https:\/\/igc.usp.br\/sti\/wp-json\/wp\/v2\/pages"}],"about":[{"href":"https:\/\/igc.usp.br\/sti\/wp-json\/wp\/v2\/types\/page"}],"author":[{"embeddable":true,"href":"https:\/\/igc.usp.br\/sti\/wp-json\/wp\/v2\/users\/1"}],"replies":[{"embeddable":true,"href":"https:\/\/igc.usp.br\/sti\/wp-json\/wp\/v2\/comments?post=59"}],"version-history":[{"count":3,"href":"https:\/\/igc.usp.br\/sti\/wp-json\/wp\/v2\/pages\/59\/revisions"}],"predecessor-version":[{"id":92,"href":"https:\/\/igc.usp.br\/sti\/wp-json\/wp\/v2\/pages\/59\/revisions\/92"}],"wp:attachment":[{"href":"https:\/\/igc.usp.br\/sti\/wp-json\/wp\/v2\/media?parent=59"}],"curies":[{"name":"wp","href":"https:\/\/api.w.org\/{rel}","templated":true}]}}