{"id":56,"date":"2018-10-05T10:53:59","date_gmt":"2018-10-05T13:53:59","guid":{"rendered":"http:\/\/sites.igc.usp.br\/sti\/?page_id=56"},"modified":"2018-10-05T10:54:00","modified_gmt":"2018-10-05T13:54:00","slug":"rede-cabeada","status":"publish","type":"page","link":"https:\/\/igc.usp.br\/sti\/rede-cabeada\/","title":{"rendered":"Rede Cabeada"},"content":{"rendered":"\n<p>A rede l\u00f3gica do Instituto possui cabeamento estruturado dispon\u00edvel em quase 100% do pr\u00e9dio.<\/p>\n\n\n\n<p>Para utiliza\u00e7\u00e3o, o ponto de rede deve estar ativado.\u00a0<\/p>\n\n\n\n<p>Caso necessite de ativa\u00e7\u00e3o de ponto de rede, solicitar via chamado t\u00e9cnico em nossa <a href=\"http:\/\/intranet.igc.usp.br\">intranet<\/a>.<\/p>\n","protected":false},"excerpt":{"rendered":"<p>A rede l\u00f3gica do Instituto possui cabeamento estruturado dispon\u00edvel em quase 100% do pr\u00e9dio. Para utiliza\u00e7\u00e3o, o ponto de rede&#46;&#46;&#46;<\/p>\n","protected":false},"author":1,"featured_media":0,"parent":0,"menu_order":4,"comment_status":"closed","ping_status":"closed","template":"","meta":{"_acf_changed":false,"om_disable_all_campaigns":false,"_monsterinsights_skip_tracking":false,"_monsterinsights_sitenote_active":false,"_monsterinsights_sitenote_note":"","_monsterinsights_sitenote_category":0,"_uf_show_specific_survey":0,"_uf_disable_surveys":false,"footnotes":"","_links_to":"","_links_to_target":""},"class_list":["post-56","page","type-page","status-publish","hentry"],"acf":[],"aioseo_notices":[],"publishpress_future_action":{"enabled":false,"date":"2026-04-22 11:33:40","action":"change-status","newStatus":"draft","terms":[],"taxonomy":"language","extraData":[]},"publishpress_future_workflow_manual_trigger":{"enabledWorkflows":[]},"_links":{"self":[{"href":"https:\/\/igc.usp.br\/sti\/wp-json\/wp\/v2\/pages\/56","targetHints":{"allow":["GET"]}}],"collection":[{"href":"https:\/\/igc.usp.br\/sti\/wp-json\/wp\/v2\/pages"}],"about":[{"href":"https:\/\/igc.usp.br\/sti\/wp-json\/wp\/v2\/types\/page"}],"author":[{"embeddable":true,"href":"https:\/\/igc.usp.br\/sti\/wp-json\/wp\/v2\/users\/1"}],"replies":[{"embeddable":true,"href":"https:\/\/igc.usp.br\/sti\/wp-json\/wp\/v2\/comments?post=56"}],"version-history":[{"count":1,"href":"https:\/\/igc.usp.br\/sti\/wp-json\/wp\/v2\/pages\/56\/revisions"}],"predecessor-version":[{"id":57,"href":"https:\/\/igc.usp.br\/sti\/wp-json\/wp\/v2\/pages\/56\/revisions\/57"}],"wp:attachment":[{"href":"https:\/\/igc.usp.br\/sti\/wp-json\/wp\/v2\/media?parent=56"}],"curies":[{"name":"wp","href":"https:\/\/api.w.org\/{rel}","templated":true}]}}