{"id":50,"date":"2018-10-05T10:25:35","date_gmt":"2018-10-05T13:25:35","guid":{"rendered":"http:\/\/sites.igc.usp.br\/sti\/?page_id=50"},"modified":"2018-10-05T10:25:36","modified_gmt":"2018-10-05T13:25:36","slug":"wireless","status":"publish","type":"page","link":"https:\/\/igc.usp.br\/sti\/wireless\/","title":{"rendered":"Wireless"},"content":{"rendered":"\n<h3 class=\"wp-block-heading\">eduroam<\/h3>\n\n\n\n<div class=\"wp-block-image\"><figure class=\"alignleft is-resized\"><a href=\"https:\/\/eduroam.usp.br\"><img decoding=\"async\" src=\"http:\/\/sites.igc.usp.br\/sti\/wp-content\/uploads\/sites\/2\/2018\/10\/logo_eduroam-300x130.png\" alt=\"\" class=\"wp-image-51\" width=\"225\" height=\"98\" srcset=\"https:\/\/igc.usp.br\/sti\/wp-content\/uploads\/sites\/2\/2018\/10\/logo_eduroam-300x130.png 300w, https:\/\/igc.usp.br\/sti\/wp-content\/uploads\/sites\/2\/2018\/10\/logo_eduroam.png 450w\" sizes=\"(max-width: 225px) 100vw, 225px\" \/><\/a><\/figure><\/div>\n\n\n\n<p>Pessoas com v\u00ednculo com a Universidade de S\u00e3o Paulo e quaisquer institui\u00e7\u00f5es do mundo participantes do projeto. Mais informa\u00e7\u00f5es em <a href=\"http:\/\/eduroam.usp.br\">eduroam.usp.br<\/a><\/p>\n\n\n\n<p>.<\/p>\n\n\n\n<hr class=\"wp-block-separator\"\/>\n\n\n\n<h3 class=\"wp-block-heading\">igcnet<\/h3>\n\n\n\n<p>Para visitantes com perman\u00eancia extensa, como pesquisadores, e para fins administrativos.<\/p>\n\n\n\n<hr class=\"wp-block-separator\"\/>\n\n\n\n<h3 class=\"wp-block-heading\">igc-guest<\/h3>\n\n\n\n<p>Para visitantes espor\u00e1dicos, como do museu, biblioteca, lanchonete, que necessitam de acesso r\u00e1pido \u00e0 internet.<br\/>A autentica\u00e7\u00e3o \u00e9 via check-in no facebook.<\/p>\n","protected":false},"excerpt":{"rendered":"<p>eduroam Pessoas com v\u00ednculo com a Universidade de S\u00e3o Paulo e quaisquer institui\u00e7\u00f5es do mundo participantes do projeto. Mais informa\u00e7\u00f5es&#46;&#46;&#46;<\/p>\n","protected":false},"author":1,"featured_media":0,"parent":0,"menu_order":3,"comment_status":"closed","ping_status":"closed","template":"","meta":{"_acf_changed":false,"om_disable_all_campaigns":false,"_monsterinsights_skip_tracking":false,"_monsterinsights_sitenote_active":false,"_monsterinsights_sitenote_note":"","_monsterinsights_sitenote_category":0,"_uf_show_specific_survey":0,"_uf_disable_surveys":false,"footnotes":"","_links_to":"","_links_to_target":""},"class_list":["post-50","page","type-page","status-publish","hentry"],"acf":[],"aioseo_notices":[],"publishpress_future_action":{"enabled":false,"date":"2026-04-18 09:42:58","action":"change-status","newStatus":"draft","terms":[],"taxonomy":"language","extraData":[]},"publishpress_future_workflow_manual_trigger":{"enabledWorkflows":[]},"_links":{"self":[{"href":"https:\/\/igc.usp.br\/sti\/wp-json\/wp\/v2\/pages\/50","targetHints":{"allow":["GET"]}}],"collection":[{"href":"https:\/\/igc.usp.br\/sti\/wp-json\/wp\/v2\/pages"}],"about":[{"href":"https:\/\/igc.usp.br\/sti\/wp-json\/wp\/v2\/types\/page"}],"author":[{"embeddable":true,"href":"https:\/\/igc.usp.br\/sti\/wp-json\/wp\/v2\/users\/1"}],"replies":[{"embeddable":true,"href":"https:\/\/igc.usp.br\/sti\/wp-json\/wp\/v2\/comments?post=50"}],"version-history":[{"count":2,"href":"https:\/\/igc.usp.br\/sti\/wp-json\/wp\/v2\/pages\/50\/revisions"}],"predecessor-version":[{"id":158,"href":"https:\/\/igc.usp.br\/sti\/wp-json\/wp\/v2\/pages\/50\/revisions\/158"}],"wp:attachment":[{"href":"https:\/\/igc.usp.br\/sti\/wp-json\/wp\/v2\/media?parent=50"}],"curies":[{"name":"wp","href":"https:\/\/api.w.org\/{rel}","templated":true}]}}