{"id":44,"date":"2018-10-05T10:14:20","date_gmt":"2018-10-05T13:14:20","guid":{"rendered":"http:\/\/sites.igc.usp.br\/sti\/?page_id=44"},"modified":"2025-06-23T15:32:23","modified_gmt":"2025-06-23T18:32:23","slug":"atendimento","status":"publish","type":"page","link":"https:\/\/igc.usp.br\/sti\/atendimento\/","title":{"rendered":"Atendimento"},"content":{"rendered":"\n<h4 class=\"wp-block-heading\">Suporte t\u00e9cnico<\/h4>\n\n\n\n<p>Para receber atendimento t\u00e9cnico, seja de manuten\u00e7\u00e3o, suporte, sistemas, servidores, websites, consultas, abrir chamado no <a href=\"http:\/\/intranet.igc.usp.br\">HelpDesk<\/a>.<\/p>\n\n\n\n<h4 class=\"wp-block-heading\">Atendimento pelo STI-SP (antigo CCE)<\/h4>\n\n\n\n<p><a href=\"https:\/\/atendimento.sti.usp.br\/\">Clique aqui<\/a><\/p>\n\n\n\n<h4 class=\"wp-block-heading\">Solicita\u00e7\u00e3o de licen\u00e7as de softwares<\/h4>\n\n\n\n<p><a href=\"https:\/\/software.sti.usp.br\">Clique aqui<\/a><\/p>\n\n\n\n<p><\/p>\n","protected":false},"excerpt":{"rendered":"<p>Suporte t\u00e9cnico Para receber atendimento t\u00e9cnico, seja de manuten\u00e7\u00e3o, suporte, sistemas, servidores, websites, consultas, abrir chamado no HelpDesk. Atendimento pelo&#46;&#46;&#46;<\/p>\n","protected":false},"author":1,"featured_media":0,"parent":0,"menu_order":1,"comment_status":"closed","ping_status":"closed","template":"","meta":{"_acf_changed":false,"om_disable_all_campaigns":false,"_monsterinsights_skip_tracking":false,"_monsterinsights_sitenote_active":false,"_monsterinsights_sitenote_note":"","_monsterinsights_sitenote_category":0,"_uf_show_specific_survey":0,"_uf_disable_surveys":false,"footnotes":"","_links_to":"","_links_to_target":""},"class_list":["post-44","page","type-page","status-publish","hentry"],"acf":[],"aioseo_notices":[],"publishpress_future_action":{"enabled":false,"date":"2026-04-15 14:45:34","action":"change-status","newStatus":"draft","terms":[],"taxonomy":"language","extraData":[]},"publishpress_future_workflow_manual_trigger":{"enabledWorkflows":[]},"_links":{"self":[{"href":"https:\/\/igc.usp.br\/sti\/wp-json\/wp\/v2\/pages\/44","targetHints":{"allow":["GET"]}}],"collection":[{"href":"https:\/\/igc.usp.br\/sti\/wp-json\/wp\/v2\/pages"}],"about":[{"href":"https:\/\/igc.usp.br\/sti\/wp-json\/wp\/v2\/types\/page"}],"author":[{"embeddable":true,"href":"https:\/\/igc.usp.br\/sti\/wp-json\/wp\/v2\/users\/1"}],"replies":[{"embeddable":true,"href":"https:\/\/igc.usp.br\/sti\/wp-json\/wp\/v2\/comments?post=44"}],"version-history":[{"count":5,"href":"https:\/\/igc.usp.br\/sti\/wp-json\/wp\/v2\/pages\/44\/revisions"}],"predecessor-version":[{"id":193,"href":"https:\/\/igc.usp.br\/sti\/wp-json\/wp\/v2\/pages\/44\/revisions\/193"}],"wp:attachment":[{"href":"https:\/\/igc.usp.br\/sti\/wp-json\/wp\/v2\/media?parent=44"}],"curies":[{"name":"wp","href":"https:\/\/api.w.org\/{rel}","templated":true}]}}