{"id":75,"date":"2018-09-27T14:24:07","date_gmt":"2018-09-27T17:24:07","guid":{"rendered":"http:\/\/sites.igc.usp.br\/posgraduacao\/?page_id=75"},"modified":"2018-10-23T16:48:13","modified_gmt":"2018-10-23T19:48:13","slug":"mp","status":"publish","type":"page","link":"https:\/\/igc.usp.br\/posgraduacao\/mp\/","title":{"rendered":"Mineralogia e Petrologia"},"content":{"rendered":"\n<p>O Programa de P\u00f3s-Gradua\u00e7\u00e3o Geoci\u00eancias (Mineralogia e Petrologia) tem por objetivos a forma\u00e7\u00e3o de recursos humanos em n\u00edveis de Mestrado e Doutorado qualificados para exercer atividades acad\u00eamicas e profissionais relevantes, bem como a atualiza\u00e7\u00e3o de profissionais nos campos afins das Geoci\u00eancias. \u00c9 um programa \u00fanico no seu g\u00eanero no pa\u00eds que formou e forma pesquisadores que nucleiam diversas IES do Brasil e do exterior e profissionais que se destacaram em empresas estatais e privadas.<\/p>\n\n\n\n<p>As atividades de pesquisa s\u00e3o reunidas em duas \u00c1reas de Concentra\u00e7\u00e3o: Petrologia \u00cdgnea e Metam\u00f3rfica e Mineralogia Geral, Anal\u00edtica e Aplicada, as quais cobrem amplo espectro de temas ligados \u00e0 petrologia, mineralogia, metalog\u00eanese, geoqu\u00edmica anal\u00edtica e patrim\u00f4nio geol\u00f3gico.<\/p>\n\n\n\n<p>A \u00c1rea de Petrologia \u00cdgnea e Metam\u00f3rfica re\u00fane as linhas de pesquisa Geologia, petrologia e metalog\u00eanese de prov\u00edncias \u00edgneas e evolu\u00e7\u00e3o litosf\u00e9rica, na qual s\u00e3o desenvolvidos 15 projetos de pesquisa, e Geologia, petrologia, metalog\u00eanese e evolu\u00e7\u00e3o dos cintur\u00f5es metam\u00f3rficos, com 6 projetos. A \u00e1rea de Mineralogia contempla as linhas Mineralogia Geral, Anal\u00edtica e Aplicada e Patrim\u00f4nio Geol\u00f3gico Natural e Constru\u00eddo e Geoconserva\u00e7\u00e3o, com 7 projetos espec\u00edficos. Os projetos, individuais e\/ou de grande porte desenvolvidos, incluem colabora\u00e7\u00e3o de diversas institui\u00e7\u00f5es de pesquisa do Brasil e do exterior e abordam diversos temas de fronteira em mineralogia e petrologia.<\/p>\n\n\n\n<p>O curso de mestrado propicia a forma\u00e7\u00e3o avan\u00e7ada atrav\u00e9s de disciplinas espec\u00edficas bem organizadas, bibliografia especializada e intensas atividades laboratoriais, enquanto no doutorado, os estudantes desenvolvem com propriedade desde temas cl\u00e1ssicos at\u00e9 temas de ponta em mineralogia, petrologia e geoqu\u00edmica anal\u00edtica, os quais s\u00e3o explorados com apoio da excelente infraestrutura anal\u00edtica dispon\u00edvel.<\/p>\n","protected":false},"excerpt":{"rendered":"<p>O Programa de P\u00f3s-Gradua\u00e7\u00e3o Geoci\u00eancias (Mineralogia e Petrologia) tem por objetivos a forma\u00e7\u00e3o de recursos humanos em n\u00edveis de Mestrado&#46;&#46;&#46;<\/p>\n","protected":false},"author":1,"featured_media":0,"parent":0,"menu_order":7,"comment_status":"closed","ping_status":"closed","template":"","meta":{"_acf_changed":false,"om_disable_all_campaigns":false,"_monsterinsights_skip_tracking":false,"_monsterinsights_sitenote_active":false,"_monsterinsights_sitenote_note":"","_monsterinsights_sitenote_category":0,"_uf_show_specific_survey":0,"_uf_disable_surveys":false,"footnotes":"","_links_to":"","_links_to_target":""},"class_list":["post-75","page","type-page","status-publish","hentry"],"acf":[],"aioseo_notices":[],"publishpress_future_action":{"enabled":false,"date":"2026-05-21 15:23:39","action":"change-status","newStatus":"draft","terms":[],"taxonomy":"language","extraData":[]},"publishpress_future_workflow_manual_trigger":{"enabledWorkflows":[]},"_links":{"self":[{"href":"https:\/\/igc.usp.br\/posgraduacao\/wp-json\/wp\/v2\/pages\/75","targetHints":{"allow":["GET"]}}],"collection":[{"href":"https:\/\/igc.usp.br\/posgraduacao\/wp-json\/wp\/v2\/pages"}],"about":[{"href":"https:\/\/igc.usp.br\/posgraduacao\/wp-json\/wp\/v2\/types\/page"}],"author":[{"embeddable":true,"href":"https:\/\/igc.usp.br\/posgraduacao\/wp-json\/wp\/v2\/users\/1"}],"replies":[{"embeddable":true,"href":"https:\/\/igc.usp.br\/posgraduacao\/wp-json\/wp\/v2\/comments?post=75"}],"version-history":[{"count":3,"href":"https:\/\/igc.usp.br\/posgraduacao\/wp-json\/wp\/v2\/pages\/75\/revisions"}],"predecessor-version":[{"id":254,"href":"https:\/\/igc.usp.br\/posgraduacao\/wp-json\/wp\/v2\/pages\/75\/revisions\/254"}],"wp:attachment":[{"href":"https:\/\/igc.usp.br\/posgraduacao\/wp-json\/wp\/v2\/media?parent=75"}],"curies":[{"name":"wp","href":"https:\/\/api.w.org\/{rel}","templated":true}]}}