{"id":73,"date":"2018-09-27T14:23:55","date_gmt":"2018-09-27T17:23:55","guid":{"rendered":"http:\/\/sites.igc.usp.br\/posgraduacao\/?page_id=73"},"modified":"2018-10-23T16:47:48","modified_gmt":"2018-10-23T19:47:48","slug":"gg","status":"publish","type":"page","link":"https:\/\/igc.usp.br\/posgraduacao\/gg\/","title":{"rendered":"Geoqu\u00edmica e Geotect\u00f4nica"},"content":{"rendered":"\n<p>O Programa de P\u00f3s-Gradua\u00e7\u00e3o em Geoqu\u00edmica e Geotect\u00f4nica da Universidade de S\u00e3o Paulo \u00e9 um dos mais importantes centros de gera\u00e7\u00e3o de conhecimento e forma\u00e7\u00e3o de pesquisadores no \u00e2mbito das Geoci\u00eancias no Brasil. O Programa tem como principal caracter\u00edstica o envolvimento de mestrandos e doutorandos em projetos de pesquisa inovadores e que resultam em produ\u00e7\u00e3o de grande impacto, com consequente forma\u00e7\u00e3o de lideran\u00e7as acad\u00eamicas inseridas no panorama cient\u00edfico internacional. Essa caracter\u00edstica decorre da atua\u00e7\u00e3o de um quadro de orientadores permanentes notoriamente qualificado (21 bolsistas de produtividade CNPq, sendo 12 de n\u00edvel 1), sete membros da Academia Brasileira de Ci\u00eancias, quatro membros da Academia Paulista de Ci\u00eancias e um membro da Academia Francesa de Ci\u00eancias), capta\u00e7\u00e3o expressiva de recursos para a pesquisa e moderno e diversificado conjunto de laborat\u00f3rios. Outra caracter\u00edstica marcante do Programa \u00e9 sua grande inser\u00e7\u00e3o internacional, caracterizada por grande propor\u00e7\u00e3o de alunos estrangeiros (m\u00e9dia de 19.4% no tri\u00eanio 2010-2012), 36 conv\u00eanios e projetos de coopera\u00e7\u00e3o com institui\u00e7\u00f5es estrangeiras, frequente interc\u00e2mbio de alunos e pesquisadores e expressiva colabora\u00e7\u00e3o do corpo de docentes na organiza\u00e7\u00e3o de eventos e edi\u00e7\u00e3o de peri\u00f3dicos internacionais.<\/p>\n\n\n\n<p>O Programa tem como principais objetivos a forma\u00e7\u00e3o de recursos humanos e a gera\u00e7\u00e3o e propaga\u00e7\u00e3o de conhecimento t\u00e9cnico-cient\u00edfico em Geoci\u00eancias, com foco na forma\u00e7\u00e3o de lideran\u00e7as acad\u00eamicas e t\u00e9cnicas com s\u00f3lida base conceitual e vis\u00e3o ampla das quest\u00f5es cient\u00edficas e suas aplica\u00e7\u00f5es. O curso de Mestrado visa fornecer aos estudantes uma forma\u00e7\u00e3o metodol\u00f3gica e te\u00f3rica atualizada, al\u00e9m de experi\u00eancia no desenvolvimento de todas as etapas de um projeto de pesquisa, utilizando-se da infraestrutura dispon\u00edvel no Instituto de Geoci\u00eancias da USP. O curso de Doutorado visa formar pesquisadores com experi\u00eancia no desenvolvimento de projetos inovadores, com abordagem original e inserida no esfor\u00e7o internacional para o avan\u00e7o do conhecimento cient\u00edfico. Os projetos desenvolvidos no Programa apresentam \u00eanfase em temas relacionados \u00e0 Geotect\u00f4nica, Geologia Isot\u00f3pica, Geologia Estrutural, Geologia Sedimentar, Geoqu\u00edmica de Rochas, Geoqu\u00edmica de Superf\u00edcie e Geoqu\u00edmica Ambiental, estimulando a integra\u00e7\u00e3o destas com outras \u00e1reas do conhecimento geol\u00f3gico.<\/p>\n\n\n\n<p>O Programa possui duas \u00e1reas de concentra\u00e7\u00e3o: Geotect\u00f4nica e Geoqu\u00edmica de Processos Ex\u00f3genos. A \u00e1rea de concentra\u00e7\u00e3o Geotect\u00f4nica abriga estudos sobre a din\u00e2mica interna e externa da Terra em v\u00e1rias escalas, contando com tr\u00eas linhas de pesquisa: Geologia Estrutural e Tectonof\u00edsica, Evolu\u00e7\u00e3o Crustal e Evolu\u00e7\u00e3o de Bacias.<\/p>\n\n\n\n<p>A \u00e1rea de concentra\u00e7\u00e3o Geoqu\u00edmica de Processos Ex\u00f3genos conta com quatro linhas de pesquisa: Pedog\u00eanese Tropical, Geoqu\u00edmica de Elementos de Interesse Ambiental e Metalogen\u00e9tico, Geoqu\u00edmica Isot\u00f3pica Aplicada a Estudos ambientais e Sistemas C\u00e1rsticos.<\/p>\n\n\n\n<p>Os projetos cient\u00edficos desenvolvidos nas duas \u00e1reas de concentra\u00e7\u00e3o s\u00e3o frequentemente multidisciplinares e sua realiza\u00e7\u00e3o \u00e9 auxiliada pela possibilidade de utiliza\u00e7\u00e3o de t\u00e9cnicas anal\u00edticas modernas, dispon\u00edveis no parque de equipamentos e laborat\u00f3rios do Instituto de Geoci\u00eancias da USP, as quais incluem: Anisotropia de Susceptibilidade e Reman\u00eancia Magn\u00e9ticas, An\u00e1lise Estrutural por EBSD (Electron Backscattering Difraction), An\u00e1lise Estrutural por Restitui\u00e7\u00e3o Fotogram\u00e9trica Digital, An\u00e1lise de Imagem (por microscopia \u00f3ptica e eletr\u00f4nica), Espectrometria Gama e Luminesc\u00eancia, al\u00e9m de amplo conjunto de laborat\u00f3rios de Geologia Isot\u00f3pica e Geocronologia, abrangendo os m\u00e9todos K-Ar, Rb-Sr, Sm-Nd, Pb-Pb, is\u00f3topos est\u00e1veis e U-Pb (TIMS, LA-ICP-MS e SHRIMP).<\/p>\n","protected":false},"excerpt":{"rendered":"<p>O Programa de P\u00f3s-Gradua\u00e7\u00e3o em Geoqu\u00edmica e Geotect\u00f4nica da Universidade de S\u00e3o Paulo \u00e9 um dos mais importantes centros de&#46;&#46;&#46;<\/p>\n","protected":false},"author":1,"featured_media":0,"parent":0,"menu_order":6,"comment_status":"closed","ping_status":"closed","template":"","meta":{"_acf_changed":false,"om_disable_all_campaigns":false,"_monsterinsights_skip_tracking":false,"_monsterinsights_sitenote_active":false,"_monsterinsights_sitenote_note":"","_monsterinsights_sitenote_category":0,"_uf_show_specific_survey":0,"_uf_disable_surveys":false,"footnotes":"","_links_to":"","_links_to_target":""},"class_list":["post-73","page","type-page","status-publish","hentry"],"acf":[],"aioseo_notices":[],"publishpress_future_action":{"enabled":false,"date":"2026-05-22 10:06:51","action":"change-status","newStatus":"draft","terms":[],"taxonomy":"language","extraData":[]},"publishpress_future_workflow_manual_trigger":{"enabledWorkflows":[]},"_links":{"self":[{"href":"https:\/\/igc.usp.br\/posgraduacao\/wp-json\/wp\/v2\/pages\/73","targetHints":{"allow":["GET"]}}],"collection":[{"href":"https:\/\/igc.usp.br\/posgraduacao\/wp-json\/wp\/v2\/pages"}],"about":[{"href":"https:\/\/igc.usp.br\/posgraduacao\/wp-json\/wp\/v2\/types\/page"}],"author":[{"embeddable":true,"href":"https:\/\/igc.usp.br\/posgraduacao\/wp-json\/wp\/v2\/users\/1"}],"replies":[{"embeddable":true,"href":"https:\/\/igc.usp.br\/posgraduacao\/wp-json\/wp\/v2\/comments?post=73"}],"version-history":[{"count":3,"href":"https:\/\/igc.usp.br\/posgraduacao\/wp-json\/wp\/v2\/pages\/73\/revisions"}],"predecessor-version":[{"id":103,"href":"https:\/\/igc.usp.br\/posgraduacao\/wp-json\/wp\/v2\/pages\/73\/revisions\/103"}],"wp:attachment":[{"href":"https:\/\/igc.usp.br\/posgraduacao\/wp-json\/wp\/v2\/media?parent=73"}],"curies":[{"name":"wp","href":"https:\/\/api.w.org\/{rel}","templated":true}]}}