{"id":5,"date":"2018-09-27T11:13:58","date_gmt":"2018-09-27T14:13:58","guid":{"rendered":"http:\/\/sites.igc.usp.br\/posgraduacao\/?page_id=5"},"modified":"2021-12-16T07:27:22","modified_gmt":"2021-12-16T10:27:22","slug":"servico-de-pos-graduacao","status":"publish","type":"page","link":"https:\/\/igc.usp.br\/posgraduacao\/institucional\/servico-de-pos-graduacao\/","title":{"rendered":"Servi\u00e7o de P\u00f3s-Gradua\u00e7\u00e3o"},"content":{"rendered":"\n<p>Apoia a rotina acad\u00eamica dos alunos e controla a confec\u00e7\u00e3o e o registro de diplomas de P\u00f3s-gradua\u00e7\u00e3o. Gerencia o Programa de Aperfei\u00e7oamento de Ensino &#8211; PAE, e zela pelo cumprimento das diretrizes da Comiss\u00e3o de P\u00f3s-gradua\u00e7\u00e3o e Colegiados Superiores.<\/p>\n\n\n\n<h3 class=\"wp-block-heading\" id=\"equipe\">Equipe<\/h3>\n\n\n\n<p>Claudio Satoru Higa &#8211; pg2igc@usp.br &#8211; telefone (11) 3091-4241<\/p>\n\n\n\n<p>Katherine Kutsumbos &#8211; pgigc@usp.br &#8211; telefone (11) 3091-4143<\/p>\n\n\n\n<h3 class=\"wp-block-heading\"><\/h3>\n\n\n\n<p><\/p>\n\n\n\n<p>Rua do Lago, 562 &#8211; Cidade Universit\u00e1ria<br>05508-080 S\u00e3o Paulo &#8211; SP<\/p>\n\n\n\n<h3 class=\"wp-block-heading\" id=\"assistente-academico\">Assistente Acad\u00eamico<\/h3>\n\n\n\n<p>Nanci Iurico Assakura<br>11 3091 3974<br>atacigc@usp.br<\/p>\n","protected":false},"excerpt":{"rendered":"<p>Apoia a rotina acad\u00eamica dos alunos e controla a confec\u00e7\u00e3o e o registro de diplomas de P\u00f3s-gradua\u00e7\u00e3o. Gerencia o Programa&#46;&#46;&#46;<\/p>\n","protected":false},"author":1,"featured_media":0,"parent":7,"menu_order":1,"comment_status":"closed","ping_status":"closed","template":"","meta":{"_acf_changed":false,"om_disable_all_campaigns":false,"_monsterinsights_skip_tracking":false,"_monsterinsights_sitenote_active":false,"_monsterinsights_sitenote_note":"","_monsterinsights_sitenote_category":0,"_uf_show_specific_survey":0,"_uf_disable_surveys":false,"footnotes":"","_links_to":"","_links_to_target":""},"class_list":["post-5","page","type-page","status-publish","hentry"],"acf":[],"aioseo_notices":[],"publishpress_future_action":{"enabled":false,"date":"2026-04-23 14:05:22","action":"change-status","newStatus":"draft","terms":[],"taxonomy":"language","extraData":[]},"publishpress_future_workflow_manual_trigger":{"enabledWorkflows":[]},"_links":{"self":[{"href":"https:\/\/igc.usp.br\/posgraduacao\/wp-json\/wp\/v2\/pages\/5","targetHints":{"allow":["GET"]}}],"collection":[{"href":"https:\/\/igc.usp.br\/posgraduacao\/wp-json\/wp\/v2\/pages"}],"about":[{"href":"https:\/\/igc.usp.br\/posgraduacao\/wp-json\/wp\/v2\/types\/page"}],"author":[{"embeddable":true,"href":"https:\/\/igc.usp.br\/posgraduacao\/wp-json\/wp\/v2\/users\/1"}],"replies":[{"embeddable":true,"href":"https:\/\/igc.usp.br\/posgraduacao\/wp-json\/wp\/v2\/comments?post=5"}],"version-history":[{"count":4,"href":"https:\/\/igc.usp.br\/posgraduacao\/wp-json\/wp\/v2\/pages\/5\/revisions"}],"predecessor-version":[{"id":1477,"href":"https:\/\/igc.usp.br\/posgraduacao\/wp-json\/wp\/v2\/pages\/5\/revisions\/1477"}],"up":[{"embeddable":true,"href":"https:\/\/igc.usp.br\/posgraduacao\/wp-json\/wp\/v2\/pages\/7"}],"wp:attachment":[{"href":"https:\/\/igc.usp.br\/posgraduacao\/wp-json\/wp\/v2\/media?parent=5"}],"curies":[{"name":"wp","href":"https:\/\/api.w.org\/{rel}","templated":true}]}}