{"id":48,"date":"2018-09-27T14:12:38","date_gmt":"2018-09-27T17:12:38","guid":{"rendered":"http:\/\/sites.igc.usp.br\/posgraduacao\/?page_id=48"},"modified":"2024-08-27T10:45:22","modified_gmt":"2024-08-27T13:45:22","slug":"principais-normas","status":"publish","type":"page","link":"https:\/\/igc.usp.br\/posgraduacao\/alunos\/principais-normas\/","title":{"rendered":"Principais Normas"},"content":{"rendered":"\n<h3 class=\"wp-block-heading\">Resolu\u00e7\u00e3o 02\/2010 &#8211; Encaminhamento de c\u00f3pia de presta\u00e7\u00e3o de contas relativas \u00e0 aplica\u00e7\u00e3o de recursos das taxas de bancada pelos bolsistas CNPq &#8211; curso de doutorado<\/h3>\n\n\n\n<p>A Comiss\u00e3o de P\u00f3s-Gradua\u00e7\u00e3o do IGc\/USP, em reuni\u00e3o realizada no dia 25\/05\/2010, visando regularizar e normatizar os procedimentos para arquivamento de c\u00f3pias de presta\u00e7\u00e3o de contas relativas \u00e0 utiliza\u00e7\u00e3o das taxas de bancada pelos bolsistas CNPq, curso de doutorado, resolveu que uma c\u00f3pia completa da presta\u00e7\u00e3o de contas enviada ao CNPq pelos bolsistas que concluiram doutorado dever\u00e1 ser depositada na Secretaria de P\u00f3s-Gradua\u00e7\u00e3o do Instituto no mesmo momento do dep\u00f3sito dos exemplares da tese.<\/p>\n\n\n\n<hr class=\"wp-block-separator has-css-opacity\" \/>\n\n\n\n<h3 class=\"wp-block-heading\">Normas para a Realiza\u00e7\u00e3o dos Exames de Qualifica\u00e7\u00e3o<\/h3>\n\n\n\n<div class=\"wp-block-file\"><a href=\"http:\/\/sites.igc.usp.br\/posgraduacao\/wp-content\/uploads\/sites\/10\/2018\/09\/Exame_de_Qualificacao_GG.pdf\">Exame_de_Qualificacao_GG<\/a><\/div>\n\n\n\n<div class=\"wp-block-file\"><a href=\"http:\/\/sites.igc.usp.br\/posgraduacao\/wp-content\/uploads\/sites\/10\/2018\/09\/Exame_de_Qualificacao_MP.pdf\">Exame_de_Qualificacao_MP<\/a><\/div>\n\n\n\n<div class=\"wp-block-file\"><a href=\"http:\/\/sites.igc.usp.br\/posgraduacao\/wp-content\/uploads\/sites\/10\/2018\/09\/Exame_de_Qualificacao_RMH.pdf\">Exame_de_Qualificacao_RMH<\/a><\/div>\n\n\n\n<h4 class=\"wp-block-heading\">Norma 01\/2009 &#8211; Profici\u00eancia em l\u00edngua portuguesa para estrangeiros<\/h4>\n\n\n\n<p>A Comiss\u00e3o de P\u00f3s-Gradua\u00e7\u00e3o do IGc\/USP, usando das atribui\u00e7\u00f5es que lhe s\u00e3o conferidas, em reuni\u00e3o realizada no dia&nbsp;<strong>23\/01\/2009,<\/strong>&nbsp;resolveu que ir\u00e1 aceitar como&nbsp; Profici\u00eancia em L\u00edngua Portuguesa para Estrangeiros, de alunos estrangeiros n\u00e3o oriundos de pa\u00edses de l\u00edngua portuguesa, um dos Certificados abaixo relacionados:<\/p>\n\n\n\n<p>1) CELPE-Bras, n\u00edvel Intermedi\u00e1rio, desenvolvido e outorgado pelo Minist\u00e9rio da Educa\u00e7\u00e3o (MEC);<\/p>\n\n\n\n<p>2) Centro de L\u00ednguas da Faculdade de Filosofia, Letras e Ci\u00eancias Humanas da Universidade de S\u00e3o Paulo (FFLCH\/USP).<\/p>\n\n\n\n<hr class=\"wp-block-separator has-css-opacity\" \/>\n\n\n\n<h3 class=\"wp-block-heading\"><strong>Crit\u00e9rios para Solicita\u00e7\u00e3o de Prorroga\u00e7\u00e3o de Prazo M\u00e1ximo de <\/strong><strong>04 (Quatro) Meses<\/strong><\/h3>\n\n\n\n<p>1. A prorroga\u00e7\u00e3o de prazo para conclus\u00e3o dos trabalhos de p\u00f3s-gradua\u00e7\u00e3o poder\u00e1 ser concedida, em car\u00e1ter excepcional, pela CPG, sendo destinada \u00e0 ado\u00e7\u00e3o, pelo p\u00f3s-graduando, de provid\u00eancias finais para a conclus\u00e3o de tese ou disserta\u00e7\u00e3o. N\u00e3o ser\u00e3o acolhidas solicita\u00e7\u00f5es que incluam etapas de obten\u00e7\u00e3o de dados.<\/p>\n\n\n\n<p>2. O requerimento firmado pelo aluno e com parecer circunstanciado do orientador dever\u00e1 estar acompanhado de justificativa da solicita\u00e7\u00e3o, vers\u00e3o preliminar da disserta\u00e7\u00e3o ou tese e cronograma das atividades a serem desenvolvidas, demonstrando a possibilidade de conclus\u00e3o do trabalho dentro do per\u00edodo solicitado. Estes documentos dever\u00e3o ser encaminhados \u00e0 CCP, no m\u00ednimo, tr\u00eas meses antes do vencimento do prazo.<\/p>\n\n\n\n<p>3. A CCP dever\u00e1 encaminhar o processo, acompanhado de parecer circunstanciado de relator por ela indicado, para manifesta\u00e7\u00e3o da CPG, no m\u00ednimo, quarenta e cinco dias antes do vencimento do prazo.<\/p>\n\n\n\n<hr class=\"wp-block-separator has-css-opacity\" \/>\n\n\n\n<h3 class=\"wp-block-heading\">Crit\u00e9rios para Solicita\u00e7\u00e3o de Trancamento de Matr\u00edcula<\/h3>\n\n\n\n<p>1. Em&nbsp; car\u00e1ter&nbsp; excepcional, o&nbsp; estudante matriculado&nbsp; em curso de Mestrado&nbsp; ou&nbsp; Doutorado pode requerer o trancamento de matr\u00edcula com plena cessa\u00e7\u00e3o das atividades escolares, em qualquer est\u00e1gio do respectivo curso, por prazo total n\u00e3o superior a trezentos e sessenta e cinco dias.<\/p>\n\n\n\n<p>2. A p\u00f3s-graduanda poder\u00e1 usufruir al\u00e9m do prazo de trancamento estabelecido no caput deste artigo, de cento e oitenta dias de licen\u00e7a-maternidade.<\/p>\n\n\n\n<p>3. Para a concess\u00e3o do trancamento de matr\u00edcula dever\u00e3o ser atendidos os seguintes quesitos:<\/p>\n\n\n\n<p>I. requerimento firmado pelo aluno e com parecer circunstanciado do orientador, dirigido \u00e0 Comiss\u00e3o Coordenadora de Programa (CCP), contendo os motivos da solicita\u00e7\u00e3o documentalmente comprovados, prazo pretendido e data de in\u00edcio;<\/p>\n\n\n\n<p>II. a manifesta\u00e7\u00e3o da CCP dever\u00e1 ser encaminhada para aprecia\u00e7\u00e3o da Comiss\u00e3o de P\u00f3s-Gradua\u00e7\u00e3o (CPG);<\/p>\n\n\n\n<p>III. n\u00e3o ser\u00e1 concedido trancamento de matr\u00edcula durante a vig\u00eancia de prorroga\u00e7\u00e3o de prazo para a conclus\u00e3o da disserta\u00e7\u00e3o ou tese, com exce\u00e7\u00e3o de casos de doen\u00e7a grave, a crit\u00e9rio da CNR do CoPGr;<\/p>\n\n\n\n<p>IV. o trancamento de matr\u00edcula poder\u00e1 retroagir \u00e0 data da ocorr\u00eancia do motivo de sua concess\u00e3o, desde que solicitado e enquanto o motivo perdurar, e desde que n\u00e3o provoque superposi\u00e7\u00e3o com matr\u00edcula ou qualquer outra atividade realizada.<\/p>\n\n\n\n<p><strong>Formul\u00e1rio de Trancamento<\/strong><\/p>\n\n\n\n<div class=\"wp-block-file\"><a id=\"wp-block-file--media-aad0f5ff-d752-4a12-92d3-6d7967284dab\" href=\"https:\/\/igc.usp.br\/posgraduacao\/wp-content\/uploads\/sites\/10\/2024\/08\/Trancamento-1.doc\">Trancamento<\/a><\/div>\n","protected":false},"excerpt":{"rendered":"<p>Resolu\u00e7\u00e3o 02\/2010 &#8211; Encaminhamento de c\u00f3pia de presta\u00e7\u00e3o de contas relativas \u00e0 aplica\u00e7\u00e3o de recursos das taxas de bancada pelos&#46;&#46;&#46;<\/p>\n","protected":false},"author":1,"featured_media":0,"parent":14,"menu_order":5,"comment_status":"closed","ping_status":"closed","template":"","meta":{"_acf_changed":false,"om_disable_all_campaigns":false,"_monsterinsights_skip_tracking":false,"_monsterinsights_sitenote_active":false,"_monsterinsights_sitenote_note":"","_monsterinsights_sitenote_category":0,"_uf_show_specific_survey":0,"_uf_disable_surveys":false,"footnotes":"","_links_to":"","_links_to_target":""},"class_list":["post-48","page","type-page","status-publish","hentry"],"acf":[],"aioseo_notices":[],"publishpress_future_action":{"enabled":false,"date":"2026-05-16 02:15:25","action":"change-status","newStatus":"draft","terms":[],"taxonomy":"language","extraData":[]},"publishpress_future_workflow_manual_trigger":{"enabledWorkflows":[]},"_links":{"self":[{"href":"https:\/\/igc.usp.br\/posgraduacao\/wp-json\/wp\/v2\/pages\/48","targetHints":{"allow":["GET"]}}],"collection":[{"href":"https:\/\/igc.usp.br\/posgraduacao\/wp-json\/wp\/v2\/pages"}],"about":[{"href":"https:\/\/igc.usp.br\/posgraduacao\/wp-json\/wp\/v2\/types\/page"}],"author":[{"embeddable":true,"href":"https:\/\/igc.usp.br\/posgraduacao\/wp-json\/wp\/v2\/users\/1"}],"replies":[{"embeddable":true,"href":"https:\/\/igc.usp.br\/posgraduacao\/wp-json\/wp\/v2\/comments?post=48"}],"version-history":[{"count":3,"href":"https:\/\/igc.usp.br\/posgraduacao\/wp-json\/wp\/v2\/pages\/48\/revisions"}],"predecessor-version":[{"id":2133,"href":"https:\/\/igc.usp.br\/posgraduacao\/wp-json\/wp\/v2\/pages\/48\/revisions\/2133"}],"up":[{"embeddable":true,"href":"https:\/\/igc.usp.br\/posgraduacao\/wp-json\/wp\/v2\/pages\/14"}],"wp:attachment":[{"href":"https:\/\/igc.usp.br\/posgraduacao\/wp-json\/wp\/v2\/media?parent=48"}],"curies":[{"name":"wp","href":"https:\/\/api.w.org\/{rel}","templated":true}]}}