{"id":1553,"date":"2022-03-10T10:27:53","date_gmt":"2022-03-10T13:27:53","guid":{"rendered":"https:\/\/igc.usp.br\/posgraduacao\/?page_id=1553"},"modified":"2022-03-15T16:03:56","modified_gmt":"2022-03-15T19:03:56","slug":"1553-2","status":"publish","type":"page","link":"https:\/\/igc.usp.br\/posgraduacao\/es\/1553-2\/","title":{"rendered":"Geoqu\u00edmica y Geotect\u00f3nica"},"content":{"rendered":"\n<pre id=\"tw-target-text\" class=\"wp-block-preformatted\">El Programa de Posgrado en Geoqu\u00edmica y Geotect\u00f3nica de la Universidad de S\u00e3o Paulo es uno de los m\u00e1s importantes centros de generaci\u00f3n de conocimiento y formaci\u00f3n de investigadores en el campo de las Geociencias en Brasil. La principal caracter\u00edstica del Programa es el involucramiento de estudiantes de maestr\u00eda y doctorado en proyectos de investigaci\u00f3n innovadores que resulten en producci\u00f3n de gran impacto, con la consecuente formaci\u00f3n de l\u00edderes acad\u00e9micos insertos en el escenario cient\u00edfico internacional. Esta caracter\u00edstica se deriva del desempe\u00f1o de un cuadro notoriamente calificado de asesores permanentes (21 becarios de productividad del CNPq, 12 de los cuales son de nivel 1), siete miembros de la Academia Brasile\u00f1a de Ciencias, cuatro miembros de la Academia Paulista de Ciencias y un miembro de la la Academia de Ciencias de Francia. ), expresiva recaudaci\u00f3n de fondos para la investigaci\u00f3n y un conjunto moderno y diversificado de laboratorios. Otro rasgo destacado del Programa es su gran inserci\u00f3n internacional, caracterizada por una gran proporci\u00f3n de estudiantes extranjeros (promedio del 19,4% en el trienio 2010-2012), 36 convenios y proyectos de cooperaci\u00f3n con instituciones extranjeras, intercambio frecuente de estudiantes e investigadores y expresiva colaboraci\u00f3n del profesorado en la organizaci\u00f3n de eventos y edici\u00f3n de revistas internacionales.\n\nEl Programa tiene como principales objetivos la formaci\u00f3n de recursos humanos y la generaci\u00f3n y difusi\u00f3n de conocimientos t\u00e9cnico-cient\u00edficos en Geociencias, centr\u00e1ndose en la formaci\u00f3n de l\u00edderes acad\u00e9micos y t\u00e9cnicos con una s\u00f3lida base conceptual y una visi\u00f3n amplia de los temas cient\u00edficos y sus aplicaciones. El curso de Maestr\u00eda tiene como objetivo proporcionar a los estudiantes formaci\u00f3n metodol\u00f3gica y te\u00f3rica actualizada, as\u00ed como experiencia en el desarrollo de todas las etapas de un proyecto de investigaci\u00f3n, utilizando la infraestructura disponible en el Instituto de Geociencias de la USP. El curso de Doctorado tiene como objetivo formar investigadores con experiencia en el desarrollo de proyectos innovadores, con un enfoque original e insertos en el esfuerzo internacional por avanzar en el conocimiento cient\u00edfico. Los proyectos desarrollados en el Programa enfatizan temas relacionados con Geotect\u00f3nica, Geolog\u00eda Isot\u00f3pica, Geolog\u00eda Estructural, Geolog\u00eda Sedimentaria, Geoqu\u00edmica de Rocas, Geoqu\u00edmica de Superficies y Geoqu\u00edmica Ambiental, fomentando su integraci\u00f3n con otras \u00e1reas del conocimiento geol\u00f3gico.\n\nEl Programa tiene dos \u00e1reas de concentraci\u00f3n: Geotect\u00f3nica y Geoqu\u00edmica de Procesos Ex\u00f3genos. El \u00e1rea de Concentraci\u00f3n Geotect\u00f3nica alberga estudios sobre la din\u00e1mica interna y externa de la Tierra a varias escalas, con tres l\u00edneas de investigaci\u00f3n: Geolog\u00eda Estructural y Tectonof\u00edsica, Evoluci\u00f3n de la Corteza y Evoluci\u00f3n de Cuencas.\n\nEl \u00e1rea de concentraci\u00f3n Geoqu\u00edmica de Procesos Ex\u00f3genos cuenta con cuatro l\u00edneas de investigaci\u00f3n: Pedog\u00e9nesis Tropical, Geoqu\u00edmica de Elementos de Inter\u00e9s Ambiental y Metalogen\u00e9tico, Geoqu\u00edmica Isot\u00f3pica Aplicada a Estudios Ambientales y Sistemas Karst.\n\nLos proyectos cient\u00edficos desarrollados en las dos \u00e1reas de concentraci\u00f3n suelen ser multidisciplinarios y su realizaci\u00f3n es auxiliada por la posibilidad de utilizar modernas t\u00e9cnicas anal\u00edticas, disponibles en los equipos y laboratorios del Instituto de Geociencias de la USP, que incluyen: Anisotrop\u00eda de Susceptibilidad y Remanencia Magn\u00e9tica , An\u00e1lisis Estructural por EBSD (Electron Backscattering Difraction), An\u00e1lisis Estructural por Restituci\u00f3n Fotogram\u00e9trica Digital, An\u00e1lisis de Imagen (por microscop\u00eda \u00f3ptica y electr\u00f3nica), Espectrometr\u00eda Gamma y Luminiscencia, adem\u00e1s de una amplia gama de laboratorios de Geolog\u00eda Isot\u00f3pica y Geocronolog\u00eda, cubriendo los m\u00e9todos K -Ar, Rb-Sr, Sm-Nd, Pb-Pb, is\u00f3topos estables y U-Pb (TIMS, LA-ICP-MS y SHRIMP).\n\n<\/pre>\n\n\n\n<div class=\"wp-block-group\"><div class=\"wp-block-group__inner-container is-layout-flow wp-block-group-is-layout-flow\"><\/div><\/div>\n","protected":false},"excerpt":{"rendered":"<p>El Programa de Posgrado en Geoqu\u00edmica y Geotect\u00f3nica de la Universidad de S\u00e3o Paulo es uno de los m\u00e1s importantes&#46;&#46;&#46;<\/p>\n","protected":false},"author":15,"featured_media":0,"parent":0,"menu_order":6,"comment_status":"closed","ping_status":"closed","template":"elementor_theme","meta":{"_acf_changed":false,"om_disable_all_campaigns":false,"_monsterinsights_skip_tracking":false,"_monsterinsights_sitenote_active":false,"_monsterinsights_sitenote_note":"","_monsterinsights_sitenote_category":0,"_uf_show_specific_survey":0,"_uf_disable_surveys":false,"footnotes":"","_links_to":"","_links_to_target":""},"class_list":["post-1553","page","type-page","status-publish","hentry"],"acf":[],"aioseo_notices":[],"publishpress_future_action":{"enabled":false,"date":"2026-04-21 00:14:27","action":"change-status","newStatus":"draft","terms":[],"taxonomy":"language","extraData":[]},"publishpress_future_workflow_manual_trigger":{"enabledWorkflows":[]},"_links":{"self":[{"href":"https:\/\/igc.usp.br\/posgraduacao\/wp-json\/wp\/v2\/pages\/1553","targetHints":{"allow":["GET"]}}],"collection":[{"href":"https:\/\/igc.usp.br\/posgraduacao\/wp-json\/wp\/v2\/pages"}],"about":[{"href":"https:\/\/igc.usp.br\/posgraduacao\/wp-json\/wp\/v2\/types\/page"}],"author":[{"embeddable":true,"href":"https:\/\/igc.usp.br\/posgraduacao\/wp-json\/wp\/v2\/users\/15"}],"replies":[{"embeddable":true,"href":"https:\/\/igc.usp.br\/posgraduacao\/wp-json\/wp\/v2\/comments?post=1553"}],"version-history":[{"count":8,"href":"https:\/\/igc.usp.br\/posgraduacao\/wp-json\/wp\/v2\/pages\/1553\/revisions"}],"predecessor-version":[{"id":1581,"href":"https:\/\/igc.usp.br\/posgraduacao\/wp-json\/wp\/v2\/pages\/1553\/revisions\/1581"}],"wp:attachment":[{"href":"https:\/\/igc.usp.br\/posgraduacao\/wp-json\/wp\/v2\/media?parent=1553"}],"curies":[{"name":"wp","href":"https:\/\/api.w.org\/{rel}","templated":true}]}}