{"id":11,"date":"2018-09-27T11:21:03","date_gmt":"2018-09-27T14:21:03","guid":{"rendered":"http:\/\/sites.igc.usp.br\/posgraduacao\/?page_id=11"},"modified":"2025-12-18T15:10:05","modified_gmt":"2025-12-18T18:10:05","slug":"comissao-de-pos-graduacao","status":"publish","type":"page","link":"https:\/\/igc.usp.br\/posgraduacao\/institucional\/comissao-de-pos-graduacao\/","title":{"rendered":"Comiss\u00e3o de P\u00f3s-Gradua\u00e7\u00e3o"},"content":{"rendered":"\n\n\n<hr class=\"wp-block-separator has-css-opacity\"\/>\n\n\n\n<h4 class=\"wp-block-heading\" id=\"calendario-de-reunioes-de-2022\">Calend\u00e1rio de Reuni\u00f5es<\/h4>\n\n\n\n<div class=\"wp-block-file\"><a id=\"wp-block-file--media-c18142d8-875f-490b-ae6e-984a05f8868e\" href=\"https:\/\/igc.usp.br\/posgraduacao\/wp-content\/uploads\/sites\/10\/2025\/12\/calendario-de-reunioes-CPG-2026-1.pdf\">calendario-de-reunioes-CPG-2026<\/a><a href=\"https:\/\/igc.usp.br\/posgraduacao\/wp-content\/uploads\/sites\/10\/2025\/12\/calendario-de-reunioes-CPG-2026-1.pdf\" class=\"wp-block-file__button wp-element-button\" download aria-describedby=\"wp-block-file--media-c18142d8-875f-490b-ae6e-984a05f8868e\">Baixar<\/a><\/div>\n\n\n\n<h4 class=\"wp-block-heading\" id=\"regimento-da-cpg\">Regimento da CPG<\/h4>\n\n\n\n<div class=\"wp-block-file\"><a id=\"wp-block-file--media-6c239682-ced5-4a60-abd2-71cd2c39c76e\" href=\"http:\/\/igc.usp.br\/posgraduacao\/wp-content\/uploads\/sites\/10\/2024\/10\/8708_ResolDOE_18Out2024.pdf\">Regimento da Comiss\u00e3o de P\u00f3s-Gradua\u00e7\u00e3o<\/a><a href=\"http:\/\/igc.usp.br\/posgraduacao\/wp-content\/uploads\/sites\/10\/2024\/10\/8708_ResolDOE_18Out2024.pdf\" class=\"wp-block-file__button wp-element-button\" download aria-describedby=\"wp-block-file--media-6c239682-ced5-4a60-abd2-71cd2c39c76e\">Baixar<\/a><\/div>\n\n\n\n<p><\/p>\n","protected":false},"excerpt":{"rendered":"<p>Calend\u00e1rio de Reuni\u00f5es Regimento da CPG<\/p>\n","protected":false},"author":1,"featured_media":0,"parent":7,"menu_order":2,"comment_status":"closed","ping_status":"closed","template":"","meta":{"_acf_changed":false,"om_disable_all_campaigns":false,"_monsterinsights_skip_tracking":false,"_monsterinsights_sitenote_active":false,"_monsterinsights_sitenote_note":"","_monsterinsights_sitenote_category":0,"_uf_show_specific_survey":0,"_uf_disable_surveys":false,"footnotes":"","_links_to":"","_links_to_target":""},"class_list":["post-11","page","type-page","status-publish","hentry"],"acf":[],"aioseo_notices":[],"publishpress_future_action":{"enabled":false,"date":"2026-05-13 01:48:10","action":"change-status","newStatus":"draft","terms":[],"taxonomy":"language","extraData":[]},"publishpress_future_workflow_manual_trigger":{"enabledWorkflows":[]},"_links":{"self":[{"href":"https:\/\/igc.usp.br\/posgraduacao\/wp-json\/wp\/v2\/pages\/11","targetHints":{"allow":["GET"]}}],"collection":[{"href":"https:\/\/igc.usp.br\/posgraduacao\/wp-json\/wp\/v2\/pages"}],"about":[{"href":"https:\/\/igc.usp.br\/posgraduacao\/wp-json\/wp\/v2\/types\/page"}],"author":[{"embeddable":true,"href":"https:\/\/igc.usp.br\/posgraduacao\/wp-json\/wp\/v2\/users\/1"}],"replies":[{"embeddable":true,"href":"https:\/\/igc.usp.br\/posgraduacao\/wp-json\/wp\/v2\/comments?post=11"}],"version-history":[{"count":32,"href":"https:\/\/igc.usp.br\/posgraduacao\/wp-json\/wp\/v2\/pages\/11\/revisions"}],"predecessor-version":[{"id":2386,"href":"https:\/\/igc.usp.br\/posgraduacao\/wp-json\/wp\/v2\/pages\/11\/revisions\/2386"}],"up":[{"embeddable":true,"href":"https:\/\/igc.usp.br\/posgraduacao\/wp-json\/wp\/v2\/pages\/7"}],"wp:attachment":[{"href":"https:\/\/igc.usp.br\/posgraduacao\/wp-json\/wp\/v2\/media?parent=11"}],"curies":[{"name":"wp","href":"https:\/\/api.w.org\/{rel}","templated":true}]}}