{"id":49,"date":"2020-01-28T12:40:24","date_gmt":"2020-01-28T15:40:24","guid":{"rendered":"http:\/\/sites.igc.usp.br\/legal\/?page_id=49"},"modified":"2023-09-05T19:37:17","modified_gmt":"2023-09-05T22:37:17","slug":"publications","status":"publish","type":"page","link":"https:\/\/igc.usp.br\/legal\/publications\/","title":{"rendered":"RECENT PUBLICATIONS"},"content":{"rendered":"\n<p><\/p>\n\n\n\n<div class=\"wp-block-group has-small-font-size\"><div class=\"wp-block-group__inner-container is-layout-flow wp-block-group-is-layout-flow\">\n<ul class=\"wp-block-list\">\n<li style=\"font-size:16px\"><a href=\"https:\/\/onlinelibrary.wiley.com\/doi\/abs\/10.1002\/jqs.3505\">Early anthropic occupation and geomorphological changes in South America: human\u2013environment interactions and OSL data from the Rinc\u00e3o I site, southeastern Brazil<\/a><\/li>\n<\/ul>\n\n\n\n<p>Pedro M. Cheliz, Paulo C.F. Giannini, Jo\u00e3o C.M. Sousa, Francisco S.B. Ladeira, Juliana A. Rodrigues, Gabriela S. Mingatos, Fabiano N. Pupim, Thays D. Mineli, Danilo Galhardo, Robson A. Rodrigues<\/p>\n<\/div><\/div>\n\n\n\n<div class=\"wp-block-group has-small-font-size\"><div class=\"wp-block-group__inner-container is-layout-flow wp-block-group-is-layout-flow\">\n<ul class=\"wp-block-list\">\n<li style=\"font-size:16px\"><a href=\"https:\/\/www.sciencedirect.com\/science\/article\/pii\/S1871101423000018\">Quartz OSL sensitivity from dating data for provenance analysis of pleistocene and holocene fluvial sediments from lowland Amazonia<\/a><\/li>\n<\/ul>\n\n\n\n<p>Priscila E. Souza, Fabiano N. Pupim, Carlos E.M. Mazoca, Ian Del R\u00edo, Thays D. Mineli, Fernanda C.G. Rodrigues, Naomi Porat, Gelvam A. Hartmann, Andr\u00e9 O. Sawakuchi<\/p>\n<\/div><\/div>\n\n\n\n<div class=\"wp-block-group has-small-font-size\"><div class=\"wp-block-group__inner-container is-layout-flow wp-block-group-is-layout-flow\">\n<ul class=\"wp-block-list\">\n<li style=\"font-size:16px\"><a href=\"https:\/\/www.sciencedirect.com\/science\/article\/pii\/S0169555X22004093\">The largest Quaternary inland eolian system in Brazil: Eolian landforms and activation\/stabilization phases of the Xique-Xique dune field<\/a><\/li>\n<\/ul>\n\n\n\n<p>Patricia C. Mescolotti, Paulo C.F. Giannini, Fabiano N. Pupim, Andr\u00e9 O. Sawakuchi, Francisco S.B. Ladeira, Mario L. Assine<\/p>\n<\/div><\/div>\n\n\n\n<div class=\"wp-block-group has-small-font-size\"><div class=\"wp-block-group__inner-container is-layout-flow wp-block-group-is-layout-flow\">\n<ul class=\"wp-block-list\">\n<li style=\"font-size:16px\"><a href=\"https:\/\/www.nature.com\/articles\/s41467-022-32561-0\">Rainfall and sea level drove the expansion of seasonally flooded habitats and associated bird populations across Amazonia<\/a><\/li>\n<\/ul>\n\n\n\n<p>Andr\u00e9 O. Sawakuchi, Eduardo D. Schultz, Fabiano N. Pupim, Dailson J. Bertassoli Jr, Diego F. Souza, Dor\u00edlia F. Cunha, Carlos E. Mazoca, Manuela P Ferreira, Carlos H. Grohmann, Ingo D. Wahnfried, Cristiano M. Chiessi, Francisco W. Cruz, Renato P. Almeida, Camila C. Ribas<\/p>\n<\/div><\/div>\n\n\n\n<div class=\"wp-block-group has-small-font-size\"><div class=\"wp-block-group__inner-container is-layout-flow wp-block-group-is-layout-flow\">\n<ul class=\"wp-block-list\">\n<li style=\"font-size:16px\"><a href=\"https:\/\/www.frontiersin.org\/articles\/10.3389\/feart.2022.888443\/full\">Extended-Range Luminescence Dating of Central and Eastern Amazonia Sandy Terrains<\/a><\/li>\n<\/ul>\n\n\n\n<p>Fernanda C. G. Rodrigues, Naomi Porat, Thays D. Mineli, Ian Del R\u00edo, Pontien Niyonzima, Luciana Nogueira, Fabiano N. Pupim, Cleverson G. Silva, Paul Baker, Sherilyn Fritz, Ingo D. Wahnfried, Gustavo Kiefer, Andr\u00e9 O. Sawakuchi<\/p>\n<\/div><\/div>\n\n\n\n<div class=\"wp-block-group has-small-font-size\"><div class=\"wp-block-group__inner-container is-layout-flow wp-block-group-is-layout-flow\">\n<ul class=\"wp-block-list\">\n<li style=\"font-size:16px\"><a href=\"https:\/\/www.nature.com\/articles\/s41598-022-14495-1\">South American precipitation dipole forced by interhemispheric temperature gradient<\/a><\/li>\n<\/ul>\n\n\n\n<p>Mar\u00edlia C. Campos, Cristiano M. Chiessi, Valdir F. Novello, Stefano Crivellari, Jos\u00e9 L.P.S. Campos, Ana L. S. Albuquerque, Igor M. Venancio, Thiago P. Santos, Dayane B. Melo, Francisco W. Cruz, Andr\u00e9 O. Sawakuchi, Vin\u00edcius R. Mendes<\/p>\n<\/div><\/div>\n\n\n\n<div class=\"wp-block-group has-small-font-size\"><div class=\"wp-block-group__inner-container is-layout-flow wp-block-group-is-layout-flow\">\n<ul class=\"wp-block-list\">\n<li style=\"font-size:16px\"><a href=\"https:\/\/www.frontiersin.org\/articles\/10.3389\/feart.2022.808718\/full\">Late Quaternary drainage rearrangement prevents the vegetation development in the La Tatacoa intermontane basin of the Colombian Andes<\/a><\/li>\n<\/ul>\n\n\n\n<p>Daniel H. Souza, Maur\u00edcio Parra, Ian Del R\u00edo, Andr\u00e9 O. Sawakuchi, Fabiano N. Pupim, Ju\u00e1n S. Hern\u00e1ndez-Gonz\u00e1lez, Sebastian Gomez<\/p>\n<\/div><\/div>\n\n\n\n<div class=\"wp-block-group has-small-font-size\"><div class=\"wp-block-group__inner-container is-layout-flow wp-block-group-is-layout-flow\">\n<ul class=\"wp-block-list\">\n<li style=\"font-size:16px\"><a href=\"https:\/\/www.sciencedirect.com\/science\/article\/pii\/S0169555X21004815\">Incision and aggradation phases of the Amazon River in central-eastern Amazonia during the late Neogene and Quaternary<\/a><\/li>\n<\/ul>\n\n\n\n<p>Isaac S.A.A. Bezerra, Afonso C.R. Nogueira, Marcelo B. Motta, Andr\u00e9 O. Sawakuchi, Thays D. Mineli, Arnaldo Q. Silva, Antonio G. Silva Jr, F\u00e1bio H.G. Domingos, Giovanni A.T. Mata, Felipe J. Lima, S\u00edlvio R.L. Riker<\/p>\n<\/div><\/div>\n\n\n\n<div class=\"wp-block-group has-small-font-size\"><div class=\"wp-block-group__inner-container is-layout-flow wp-block-group-is-layout-flow\">\n<ul class=\"wp-block-list\">\n<li style=\"font-size:16px\"><a href=\"https:\/\/www.sciencedirect.com\/science\/article\/pii\/S1871101421000911\" data-type=\"URL\">Luminescence dating of quartz from ironstones of the Xingu River, Eastern Amazonia<\/a><\/li>\n<\/ul>\n\n\n\n<p>Pontien Niyonzima, Andr\u00e9 O.Sawakuchi, Dailson J. Bertassoli Jr, Fabiano N. Pupim, Naomi Porat, Mar\u00edlia P. Freire, Ana M. G\u00f3es, Fernanda C.G. Rodrigues<\/p>\n<\/div><\/div>\n\n\n\n<div class=\"wp-block-group has-small-font-size\"><div class=\"wp-block-group__inner-container is-layout-flow wp-block-group-is-layout-flow\">\n<ul class=\"wp-block-list\">\n<li style=\"font-size:16px\"><a href=\"https:\/\/www.sciencedirect.com\/science\/article\/pii\/S0169555X21002427\">The role of bedrock and climate for the Late Quaternary erosive-depositional behavior of an intraplate tropical river: The Tiet\u00ea River case, southeastern Brazil<\/a><\/li>\n<\/ul>\n\n\n\n<p>Caio Breda, Fabiano N. Pupim, Andr\u00e9 O. Sawakuchi, Thays D. Mineli<\/p>\n<\/div><\/div>\n","protected":false},"excerpt":{"rendered":"<p>Pedro M. Cheliz, Paulo C.F. Giannini, Jo\u00e3o C.M. Sousa, Francisco S.B. Ladeira, Juliana A. Rodrigues, Gabriela S. Mingatos, Fabiano N. Pupim, Thays D. Mineli, Danilo&hellip;<\/p>\n","protected":false},"author":12,"featured_media":0,"parent":0,"menu_order":0,"comment_status":"closed","ping_status":"closed","template":"","meta":{"_acf_changed":false,"om_disable_all_campaigns":false,"_monsterinsights_skip_tracking":false,"_monsterinsights_sitenote_active":false,"_monsterinsights_sitenote_note":"","_monsterinsights_sitenote_category":0,"_uf_show_specific_survey":0,"_uf_disable_surveys":false,"footnotes":"","_links_to":"","_links_to_target":""},"class_list":["post-49","page","type-page","status-publish","hentry"],"acf":[],"aioseo_notices":[],"publishpress_future_action":{"enabled":false,"date":"2026-04-18 22:16:40","action":"change-status","newStatus":"draft","terms":[],"taxonomy":"language","extraData":[]},"publishpress_future_workflow_manual_trigger":{"enabledWorkflows":[]},"_links":{"self":[{"href":"https:\/\/igc.usp.br\/legal\/wp-json\/wp\/v2\/pages\/49","targetHints":{"allow":["GET"]}}],"collection":[{"href":"https:\/\/igc.usp.br\/legal\/wp-json\/wp\/v2\/pages"}],"about":[{"href":"https:\/\/igc.usp.br\/legal\/wp-json\/wp\/v2\/types\/page"}],"author":[{"embeddable":true,"href":"https:\/\/igc.usp.br\/legal\/wp-json\/wp\/v2\/users\/12"}],"replies":[{"embeddable":true,"href":"https:\/\/igc.usp.br\/legal\/wp-json\/wp\/v2\/comments?post=49"}],"version-history":[{"count":21,"href":"https:\/\/igc.usp.br\/legal\/wp-json\/wp\/v2\/pages\/49\/revisions"}],"predecessor-version":[{"id":808,"href":"https:\/\/igc.usp.br\/legal\/wp-json\/wp\/v2\/pages\/49\/revisions\/808"}],"wp:attachment":[{"href":"https:\/\/igc.usp.br\/legal\/wp-json\/wp\/v2\/media?parent=49"}],"curies":[{"name":"wp","href":"https:\/\/api.w.org\/{rel}","templated":true}]}}