{"id":92,"date":"2024-07-22T16:40:50","date_gmt":"2024-07-22T19:40:50","guid":{"rendered":"https:\/\/igc.usp.br\/inclusaoepertencimento\/?page_id=92"},"modified":"2024-07-22T16:44:34","modified_gmt":"2024-07-22T19:44:34","slug":"cipaa","status":"publish","type":"page","link":"https:\/\/igc.usp.br\/inclusaoepertencimento\/cipaa\/","title":{"rendered":"CIPAA"},"content":{"rendered":"\n<p>A Comiss\u00e3o Interna de Preven\u00e7\u00e3o de Acidentes e Ass\u00e9dio (CIPAA) do Instituto de Geoci\u00eancias (IGc) tem a miss\u00e3o de promover a seguran\u00e7a e o bem-estar dos funcion\u00e1rios, focando na preven\u00e7\u00e3o de acidentes e doen\u00e7as ocupacionais, bem como na implementa\u00e7\u00e3o de pr\u00e1ticas que previnam o ass\u00e9dio sexual, moram e outras formas de viol\u00eancia no ambiente de trabalho. <br><br>CIPAA tem a tarefa de estabelecer e promover regras de conduta sobre ass\u00e9dio e viol\u00eancia, garantindo que essas normas sejam amplamente divulgadas e seguidas por todos os colaboradores da institui\u00e7\u00e3o. De acordo com a legisla\u00e7\u00e3o, a presen\u00e7a da CIPAA \u00e9 obrigat\u00f3ria para empresas com mais de 20 funcion\u00e1rios e deve incluir representantes tanto dos empregados quanto dos empregadores.<br><br><strong>Importante: <\/strong>A Portaria 4.219\/2022, publicada no Di\u00e1rio Oficial em 22 de dezembro de 2022, alterou a nomenclatura da Comiss\u00e3o Interna de Preven\u00e7\u00e3o de Acidentes (CIPA) para Comiss\u00e3o Interna de Preven\u00e7\u00e3o de Acidentes e Ass\u00e9dio (CIPAA) para alinhar-se \u00e0s novas exig\u00eancias da Lei 14.457\/2022, que entrou em vigor em 20 de mar\u00e7o de 2023. Com isso, as empresas devem se adequar \u00e0s novas normas e assegurar que adotem medidas eficazes para combater o ass\u00e9dio e a viol\u00eancia no ambiente de trabalho. Mesmo para aquelas que j\u00e1 possuem canais de den\u00fancia e pol\u00edticas de combate ao ass\u00e9dio, \u00e9 crucial garantir o treinamento cont\u00ednuo de todos os colaboradores.<br><br>A CIPAA do IGc \u00e9 formada por seis membros:<br><br><strong>Titulares:<\/strong><br>Ver\u00f4nica Gabriel Santos (Presidente)<br>Andr\u00e9 Marconato (Vice- Presidente)<br>Andr\u00e9s Fabian Salazar<br>Rosana de C\u00e1ssia de Oliveira Oba<br><br><strong>Suplentes:<\/strong><br>Andr\u00e9 Luiz In\u00e1cio<br>Dailson Jos\u00e9 Bertassoli Junior<\/p>\n\n\n\n<p><strong>Contato: <\/strong>cipaa-igc@usp.br<\/p>\n\n\n\n<p><\/p>\n","protected":false},"excerpt":{"rendered":"<p>A Comiss\u00e3o Interna de Preven\u00e7\u00e3o de Acidentes e Ass\u00e9dio (CIPAA) do Instituto de Geoci\u00eancias (IGc) tem a miss\u00e3o de promover a seguran\u00e7a e o bem-estar dos funcion\u00e1rios, focando na preven\u00e7\u00e3o de acidentes e doen\u00e7as&#46;&#46;&#46;<\/p>\n","protected":false},"author":2,"featured_media":0,"parent":0,"menu_order":0,"comment_status":"closed","ping_status":"closed","template":"","meta":{"_acf_changed":false,"om_disable_all_campaigns":false,"_monsterinsights_skip_tracking":false,"_monsterinsights_sitenote_active":false,"_monsterinsights_sitenote_note":"","_monsterinsights_sitenote_category":0,"_uf_show_specific_survey":0,"_uf_disable_surveys":false,"footnotes":"","_links_to":"","_links_to_target":""},"class_list":["post-92","page","type-page","status-publish","hentry"],"acf":[],"aioseo_notices":[],"publishpress_future_action":{"enabled":false,"date":"2026-05-13 10:56:40","action":"change-status","newStatus":"draft","terms":[],"taxonomy":"language","extraData":[]},"publishpress_future_workflow_manual_trigger":{"enabledWorkflows":[]},"_links":{"self":[{"href":"https:\/\/igc.usp.br\/inclusaoepertencimento\/wp-json\/wp\/v2\/pages\/92","targetHints":{"allow":["GET"]}}],"collection":[{"href":"https:\/\/igc.usp.br\/inclusaoepertencimento\/wp-json\/wp\/v2\/pages"}],"about":[{"href":"https:\/\/igc.usp.br\/inclusaoepertencimento\/wp-json\/wp\/v2\/types\/page"}],"author":[{"embeddable":true,"href":"https:\/\/igc.usp.br\/inclusaoepertencimento\/wp-json\/wp\/v2\/users\/2"}],"replies":[{"embeddable":true,"href":"https:\/\/igc.usp.br\/inclusaoepertencimento\/wp-json\/wp\/v2\/comments?post=92"}],"version-history":[{"count":4,"href":"https:\/\/igc.usp.br\/inclusaoepertencimento\/wp-json\/wp\/v2\/pages\/92\/revisions"}],"predecessor-version":[{"id":97,"href":"https:\/\/igc.usp.br\/inclusaoepertencimento\/wp-json\/wp\/v2\/pages\/92\/revisions\/97"}],"wp:attachment":[{"href":"https:\/\/igc.usp.br\/inclusaoepertencimento\/wp-json\/wp\/v2\/media?parent=92"}],"curies":[{"name":"wp","href":"https:\/\/api.w.org\/{rel}","templated":true}]}}