{"id":48,"date":"2024-07-17T16:36:17","date_gmt":"2024-07-17T19:36:17","guid":{"rendered":"https:\/\/igc.usp.br\/inclusaoepertencimento\/?page_id=48"},"modified":"2026-03-26T10:43:29","modified_gmt":"2026-03-26T13:43:29","slug":"comissao","status":"publish","type":"page","link":"https:\/\/igc.usp.br\/inclusaoepertencimento\/","title":{"rendered":"Comiss\u00e3o de Inclus\u00e3o e Pertencimento"},"content":{"rendered":"\n<p>A Comiss\u00e3o de Inclus\u00e3o e Pertencimento (CIP) do Instituto de Geoci\u00eancias (IGc) da USP \u00e9 um \u00f3rg\u00e3o colegiado regulamentado pela Resolu\u00e7\u00e3o CoIP N\u00ba 8323\/2022. O seu objetivo \u00e9 criar um ambiente diverso e inclusivo, onde cada pessoa possa prosperar e contribuir para o enriquecimento da vida acad\u00eamica e social no ambiente universit\u00e1rio. A CIP atua em estreita colabora\u00e7\u00e3o com a <a href=\"https:\/\/prip.usp.br\/\" title=\"Pr\u00f3-reitotia de Inclus\u00e3o e Pertencimento\">Pr\u00f3-Reitoria de Inclus\u00e3o e Pertencimento<\/a> (PRIP) e a Dire\u00e7\u00e3o da Unidade para assegurar um ambiente acolhedor e inclusivo para todos.<\/p>\n\n\n\n<iframe src=\"https:\/\/portalservicos.usp.br\/mandato\/44\/CIP?embedded\" width=\"100%\" height=\"1000\" frameborder=\"\" scrolling=\"auto\" title=\"Embedded Content\"><\/iframe>\n\n\n\n<p><\/p>\n","protected":false},"excerpt":{"rendered":"<p>A Comiss\u00e3o de Inclus\u00e3o e Pertencimento (CIP) do Instituto de Geoci\u00eancias (IGc) da USP \u00e9 um \u00f3rg\u00e3o colegiado regulamentado pela Resolu\u00e7\u00e3o CoIP N\u00ba 8323\/2022. O seu objetivo \u00e9 criar um ambiente diverso e inclusivo,&#46;&#46;&#46;<\/p>\n","protected":false},"author":1,"featured_media":0,"parent":0,"menu_order":0,"comment_status":"closed","ping_status":"closed","template":"","meta":{"_acf_changed":false,"om_disable_all_campaigns":false,"_monsterinsights_skip_tracking":false,"_monsterinsights_sitenote_active":false,"_monsterinsights_sitenote_note":"","_monsterinsights_sitenote_category":0,"_uf_show_specific_survey":0,"_uf_disable_surveys":false,"footnotes":"","_links_to":"","_links_to_target":""},"class_list":["post-48","page","type-page","status-publish","hentry"],"acf":[],"aioseo_notices":[],"publishpress_future_action":{"enabled":false,"date":"2026-05-13 10:56:40","action":"change-status","newStatus":"draft","terms":[],"taxonomy":"language","extraData":[]},"publishpress_future_workflow_manual_trigger":{"enabledWorkflows":[]},"_links":{"self":[{"href":"https:\/\/igc.usp.br\/inclusaoepertencimento\/wp-json\/wp\/v2\/pages\/48","targetHints":{"allow":["GET"]}}],"collection":[{"href":"https:\/\/igc.usp.br\/inclusaoepertencimento\/wp-json\/wp\/v2\/pages"}],"about":[{"href":"https:\/\/igc.usp.br\/inclusaoepertencimento\/wp-json\/wp\/v2\/types\/page"}],"author":[{"embeddable":true,"href":"https:\/\/igc.usp.br\/inclusaoepertencimento\/wp-json\/wp\/v2\/users\/1"}],"replies":[{"embeddable":true,"href":"https:\/\/igc.usp.br\/inclusaoepertencimento\/wp-json\/wp\/v2\/comments?post=48"}],"version-history":[{"count":13,"href":"https:\/\/igc.usp.br\/inclusaoepertencimento\/wp-json\/wp\/v2\/pages\/48\/revisions"}],"predecessor-version":[{"id":222,"href":"https:\/\/igc.usp.br\/inclusaoepertencimento\/wp-json\/wp\/v2\/pages\/48\/revisions\/222"}],"wp:attachment":[{"href":"https:\/\/igc.usp.br\/inclusaoepertencimento\/wp-json\/wp\/v2\/media?parent=48"}],"curies":[{"name":"wp","href":"https:\/\/api.w.org\/{rel}","templated":true}]}}