{"id":122,"date":"2024-08-13T18:15:43","date_gmt":"2024-08-13T21:15:43","guid":{"rendered":"https:\/\/igc.usp.br\/inclusaoepertencimento\/?page_id=122"},"modified":"2024-08-20T15:19:31","modified_gmt":"2024-08-20T18:19:31","slug":"saude-mental","status":"publish","type":"page","link":"https:\/\/igc.usp.br\/inclusaoepertencimento\/saude-mental\/","title":{"rendered":"Sa\u00fade Mental"},"content":{"rendered":"\n<p class=\"has-light-gray-background-color has-background\"><strong>Mapa de Sa\u00fade Mental e Bem-Estar da USP<\/strong><br><br>O Mapa de Sa\u00fade Mental e Bem-Estar da USP \u00e9 uma ferramenta online que fornece informa\u00e7\u00f5es sobre recursos voltados para a sa\u00fade mental e o bem-estar de alunos, funcion\u00e1rios e docentes da USP. Ele abrange assist\u00eancia, preven\u00e7\u00e3o de doen\u00e7as e promo\u00e7\u00e3o da sa\u00fade f\u00edsica e mental.<br><br><strong>Use! Compartilhe! Contribua!<\/strong><br>https:\/\/mapadesaudemental.prip.usp.br\/<br><br>Produzido por:<br>Programa ECOS (Escuta, Cuidado e Orienta\u00e7\u00e3o em Sa\u00fade Mental)<br>Dire\u00e7\u00e3o de Sa\u00fade Mental e Bem-Estar Social<br>Pr\u00f3-Reitoria de Inclus\u00e3o e Pertencimento<br>Universidade de S\u00e3o Paulo<\/p>\n\n\n\n<hr class=\"wp-block-separator has-alpha-channel-opacity\"\/>\n\n\n\n<p class=\"has-light-gray-background-color has-background\"><strong>Guia sobre autismo para professores e funcion\u00e1rios da USP<\/strong><br><br>Desenvolvido em 2023 pelo Coletivo Autista da USP (CAUSP)<br>[<a href=\"https:\/\/igc.usp.br\/inclusaoepertencimento\/wp-content\/uploads\/sites\/40\/2024\/08\/MANUAL-PARA-PROFESSORES-CAUSP.pdf\" title=\"\">Fa\u00e7a o download do guia<\/a>]\n","protected":false},"excerpt":{"rendered":"<p>Mapa de Sa\u00fade Mental e Bem-Estar da USP O Mapa de Sa\u00fade Mental e Bem-Estar da USP \u00e9 uma ferramenta online que fornece informa\u00e7\u00f5es sobre recursos voltados para a sa\u00fade mental e o bem-estar&#46;&#46;&#46;<\/p>\n","protected":false},"author":2,"featured_media":0,"parent":0,"menu_order":0,"comment_status":"closed","ping_status":"closed","template":"","meta":{"_acf_changed":false,"om_disable_all_campaigns":false,"_monsterinsights_skip_tracking":false,"_monsterinsights_sitenote_active":false,"_monsterinsights_sitenote_note":"","_monsterinsights_sitenote_category":0,"_uf_show_specific_survey":0,"_uf_disable_surveys":false,"footnotes":"","_links_to":"","_links_to_target":""},"class_list":["post-122","page","type-page","status-publish","hentry"],"acf":[],"aioseo_notices":[],"publishpress_future_action":{"enabled":false,"date":"2026-05-23 00:16:08","action":"change-status","newStatus":"draft","terms":[],"taxonomy":"language","extraData":[]},"publishpress_future_workflow_manual_trigger":{"enabledWorkflows":[]},"_links":{"self":[{"href":"https:\/\/igc.usp.br\/inclusaoepertencimento\/wp-json\/wp\/v2\/pages\/122","targetHints":{"allow":["GET"]}}],"collection":[{"href":"https:\/\/igc.usp.br\/inclusaoepertencimento\/wp-json\/wp\/v2\/pages"}],"about":[{"href":"https:\/\/igc.usp.br\/inclusaoepertencimento\/wp-json\/wp\/v2\/types\/page"}],"author":[{"embeddable":true,"href":"https:\/\/igc.usp.br\/inclusaoepertencimento\/wp-json\/wp\/v2\/users\/2"}],"replies":[{"embeddable":true,"href":"https:\/\/igc.usp.br\/inclusaoepertencimento\/wp-json\/wp\/v2\/comments?post=122"}],"version-history":[{"count":6,"href":"https:\/\/igc.usp.br\/inclusaoepertencimento\/wp-json\/wp\/v2\/pages\/122\/revisions"}],"predecessor-version":[{"id":138,"href":"https:\/\/igc.usp.br\/inclusaoepertencimento\/wp-json\/wp\/v2\/pages\/122\/revisions\/138"}],"wp:attachment":[{"href":"https:\/\/igc.usp.br\/inclusaoepertencimento\/wp-json\/wp\/v2\/media?parent=122"}],"curies":[{"name":"wp","href":"https:\/\/api.w.org\/{rel}","templated":true}]}}