{"id":920,"date":"2024-02-22T15:26:36","date_gmt":"2024-02-22T18:26:36","guid":{"rendered":"https:\/\/igc.usp.br\/graduacao\/?page_id=920"},"modified":"2025-02-07T14:57:33","modified_gmt":"2025-02-07T17:57:33","slug":"trancamento-de-matricula","status":"publish","type":"page","link":"https:\/\/igc.usp.br\/graduacao\/trancamento-de-matricula\/","title":{"rendered":"Trancamento de Matr\u00edcula"},"content":{"rendered":"\n<p>Trancamento de matr\u00edcula \u00e9 a interrup\u00e7\u00e3o parcial ou total das atividades escolares, a pedido do aluno (<a href=\"https:\/\/leginf.usp.br\/?resolucao=consolidada-resolucao-no-3745-de-19-de-outubro-de-1990#t5\" target=\"_blank\" rel=\"noreferrer noopener\">art. 74, RG<\/a>).<\/p>\n\n\n\n<h2 class=\"wp-block-heading\">Trancamento Parcial de Matr\u00edcula<\/h2>\n\n\n\n<p>Entende-se por trancamento parcial de matr\u00edcula a interrup\u00e7\u00e3o das atividades escolares em uma ou mais disciplinas.<br>A solicita\u00e7\u00e3o de trancamento parcial de matr\u00edcula dever\u00e1 ser feita pelo aluno no m\u00e1ximo at\u00e9 o final da primeira metade do per\u00edodo letivo, obedecendo-se as datas fixadas no <a href=\"https:\/\/igc.usp.br\/graduacao\/calendario-escolar-anual-de-graduacao\/\" target=\"_blank\" rel=\"noreferrer noopener\">Calend\u00e1rio Escolar<\/a>.<br>Ser\u00e1 concedido o trancamento parcial em uma ou mais disciplinas desde que o n\u00famero de cr\u00e9ditos-aula restante na matr\u00edcula do aluno n\u00e3o seja inferior a doze (Resolu\u00e7\u00f5es CoG 3761\/90 e 4744\/00).<\/p>\n\n\n\n<h2 class=\"wp-block-heading\">Trancamento Total de Matr\u00edcula<\/h2>\n\n\n\n<p>Entende-se por trancamento total de matr\u00edcula a interrup\u00e7\u00e3o das atividades escolares em todas as disciplinas em que o aluno estiver matriculado.<br>O aluno poder\u00e1 solicitar o trancamento total de matr\u00edcula em qualquer \u00e9poca do ano. Se a solicita\u00e7\u00e3o for feita durante o transcurso do per\u00edodo letivo, o trancamento total n\u00e3o ser\u00e1 autorizado se o aluno n\u00e3o estiver regularmente matriculado ou se j\u00e1 se encontrar reprovado por faltas em disciplinas cuja soma de cr\u00e9ditos ultrapasse vinte e cinco por cento do total de cr\u00e9ditos de sua matr\u00edcula no correspondente per\u00edodo letivo.<br>A soma dos per\u00edodos de trancamento total de matr\u00edcula do aluno n\u00e3o poder\u00e1 exceder a tr\u00eas anos, nas seguintes condi\u00e7\u00f5es:<br>a) At\u00e9 dois anos, sem necessidade de justificativa;<br>b) Ap\u00f3s esse per\u00edodo, at\u00e9 mais um ano, quando a solicita\u00e7\u00e3o for devidamente justificada, a crit\u00e9rio da Comiss\u00e3o de Gradua\u00e7\u00e3o.<br>N\u00e3o \u00e9 permitido o trancamento total de matr\u00edcula ao aluno que n\u00e3o tenha obtido pelo menos vinte e quatro cr\u00e9ditos em seu curr\u00edculo, ressalvados os casos excepcionais, que ser\u00e3o julgados pela CG.<br>O per\u00edodo em que o aluno estiver legalmente afastado, em virtude de trancamento total de matr\u00edcula, n\u00e3o ser\u00e1 computado nos c\u00e1lculos relativos ao cancelamento de matr\u00edcula (Resolu\u00e7\u00f5es CoG 3761\/90 e 4811\/00).<\/p>\n\n\n\n<p>Para solicitar o trancamento total, preencha o formul\u00e1rio: <a href=\"https:\/\/forms.gle\/8PtALq8wYspvc3pa8\" target=\"_blank\" rel=\"noopener\" title=\"\">https:\/\/forms.gle\/8PtALq8wYspvc3pa8<\/a>.<\/p>\n","protected":false},"excerpt":{"rendered":"<p>Trancamento de matr\u00edcula \u00e9 a interrup\u00e7\u00e3o parcial ou total das atividades escolares, a pedido do aluno (art. 74, RG). Trancamento&#46;&#46;&#46;<\/p>\n","protected":false},"author":8,"featured_media":0,"parent":0,"menu_order":0,"comment_status":"closed","ping_status":"closed","template":"","meta":{"_acf_changed":false,"om_disable_all_campaigns":false,"_monsterinsights_skip_tracking":false,"_monsterinsights_sitenote_active":false,"_monsterinsights_sitenote_note":"","_monsterinsights_sitenote_category":0,"_uf_show_specific_survey":0,"_uf_disable_surveys":false,"footnotes":"","_links_to":"","_links_to_target":""},"class_list":["post-920","page","type-page","status-publish","hentry"],"acf":[],"aioseo_notices":[],"publishpress_future_action":{"enabled":false,"date":"2026-05-16 11:07:57","action":"change-status","newStatus":"draft","terms":[],"taxonomy":"language","extraData":[]},"publishpress_future_workflow_manual_trigger":{"enabledWorkflows":[]},"_links":{"self":[{"href":"https:\/\/igc.usp.br\/graduacao\/wp-json\/wp\/v2\/pages\/920","targetHints":{"allow":["GET"]}}],"collection":[{"href":"https:\/\/igc.usp.br\/graduacao\/wp-json\/wp\/v2\/pages"}],"about":[{"href":"https:\/\/igc.usp.br\/graduacao\/wp-json\/wp\/v2\/types\/page"}],"author":[{"embeddable":true,"href":"https:\/\/igc.usp.br\/graduacao\/wp-json\/wp\/v2\/users\/8"}],"replies":[{"embeddable":true,"href":"https:\/\/igc.usp.br\/graduacao\/wp-json\/wp\/v2\/comments?post=920"}],"version-history":[{"count":5,"href":"https:\/\/igc.usp.br\/graduacao\/wp-json\/wp\/v2\/pages\/920\/revisions"}],"predecessor-version":[{"id":1099,"href":"https:\/\/igc.usp.br\/graduacao\/wp-json\/wp\/v2\/pages\/920\/revisions\/1099"}],"wp:attachment":[{"href":"https:\/\/igc.usp.br\/graduacao\/wp-json\/wp\/v2\/media?parent=920"}],"curies":[{"name":"wp","href":"https:\/\/api.w.org\/{rel}","templated":true}]}}