{"id":735,"date":"2023-02-22T17:52:25","date_gmt":"2023-02-22T20:52:25","guid":{"rendered":"https:\/\/igc.usp.br\/graduacao\/?page_id=735"},"modified":"2024-03-07T12:10:37","modified_gmt":"2024-03-07T15:10:37","slug":"atividades-academicas-complementares-aac","status":"publish","type":"page","link":"https:\/\/igc.usp.br\/graduacao\/atividades-academicas-complementares-aac\/","title":{"rendered":"Atividades Acad\u00eamicas Complementares (AAC)"},"content":{"rendered":"\n<p>As Atividades Acad\u00eamicas Complementares (AAC) s\u00e3o atividades de ensino, cultura e extens\u00e3o universit\u00e1ria ou pesquisa que n\u00e3o pertencem \u00e0 grade curricular do curso de Gradua\u00e7\u00e3o, mas contribuem para a forma\u00e7\u00e3o dos estudantes. <\/p>\n\n\n\n<p>As AAC s\u00e3o obrigat\u00f3rias para os alunos do curso de Geologia que ingressaram a partir de 2023, que dever\u00e3o cumprir 360 horas de atividades ao longo do curso de gradua\u00e7\u00e3o. <\/p>\n\n\n\n<p>O aluno dever\u00e1 solicitar o registro da AAC pelo sistema J\u00fapiterWeb, conforme o tutorial:<\/p>\n\n\n\n<div data-wp-interactive=\"core\/file\" class=\"wp-block-file\"><object data-wp-bind--hidden=\"!state.hasPdfPreview\" hidden class=\"wp-block-file__embed\" data=\"https:\/\/igc.usp.br\/graduacao\/wp-content\/uploads\/sites\/9\/2023\/02\/Tutorial_Atividades-Academicas-Complementares.pdf\" type=\"application\/pdf\" style=\"width:100%;height:600px\" aria-label=\"Incorporado de Tutorial_Atividades-Academicas-Complementares.\"><\/object><a id=\"wp-block-file--media-ee562a08-488b-4acb-9a1c-b03258ce99f1\" href=\"https:\/\/igc.usp.br\/graduacao\/wp-content\/uploads\/sites\/9\/2023\/02\/Tutorial_Atividades-Academicas-Complementares.pdf\">Tutorial_Atividades-Academicas-Complementares<\/a><a href=\"https:\/\/igc.usp.br\/graduacao\/wp-content\/uploads\/sites\/9\/2023\/02\/Tutorial_Atividades-Academicas-Complementares.pdf\" class=\"wp-block-file__button wp-element-button\" download aria-describedby=\"wp-block-file--media-ee562a08-488b-4acb-9a1c-b03258ce99f1\">Baixar<\/a><\/div>\n\n\n\n<style>\n    .tabela-atividades-container {\n        width: 100%; \/* Largura do container *\/\n        overflow-x: auto; \/* Ativa a rolagem horizontal quando necess\u00e1rio *\/\n    }\n\n    .tabela-atividades {\n        min-width: 600px; \/* Largura m\u00ednima da tabela para for\u00e7ar a rolagem horizontal *\/\n        border-collapse: collapse;\n        text-align: left;\n        font-family: Arial, sans-serif;\n    }\n\n    .tabela-atividades th, .tabela-atividades td {\n        border: 1px solid #ddd;\n        padding: 8px;\n        font-size: 12px; \/* Tamanho menor da fonte para o conte\u00fado das c\u00e9lulas *\/\n    }\n\n    .tabela-atividades th {\n        background-color: #4CAF50;\n        color: white;\n        font-size: 14px;\n    }\n\n    .tabela-atividades tr:nth-child(even) {\n        background-color: #f2f2f2;\n    }\n\n    .tabela-atividades tr:hover {\n        background-color: #ddd;\n    }\n\n    .tabela-titulo {\n        text-align: center;\n        font-size: 24px;\n        margin-bottom: 10px;\n    }\n<\/style>\n\n<h2 class=\"tabela-titulo\">Tabela de Atividades<\/h2>\n<div class=\"tabela-atividades-container\">\n<table class=\"tabela-atividades\">\n    <tr>\n        <th>Atividade<\/th>\n        <th>Descri\u00e7\u00e3o<\/th>\n        <th>Descri\u00e7\u00e3o em Ingl\u00eas<\/th>\n        <th>Vertente<\/th>\n    <\/tr>\n    <tr>\n        <td>Ativ cult extens\u00e3o<\/td>\n        <td>Atividades de Cultura e Extens\u00e3o<\/td>\n        <td>Culture and Extension Activities<\/td>\n        <td>Cultura e Extens\u00e3o<\/td>\n    <\/tr>\n    <tr>\n        <td>Ativ Esportivas<\/td>\n        <td>Atividades Esportivas<\/td>\n        <td>Physical Activities<\/td>\n        <td>Ensino<\/td>\n    <\/tr>\n    <tr>\n        <td>Atividade de Pesquis<\/td>\n        <td>Realiza\u00e7\u00e3o de pesquisa no exterior (interc\u00e2mbio de pesquisa)<\/td>\n        <td>Undergraduate Research Activity Abroad<\/td>\n        <td> Pesquisa<\/td>\n    <\/tr>\n    <tr>\n        <td>Atividades culturais<\/td>\n        <td>Atividades culturais como recitais, concertos, festivais de m\u00fasica, espet\u00e1culos (teatro, coral, dan\u00e7a e mostra de cinema e participa\u00e7\u00e3o em debates sobre temas de interesse cultural<\/td>\n        <td>Cultural activities<\/td>\n        <td>Cultura e Extens\u00e3o<\/td>\n    <\/tr>\n    <tr>\n        <td>Atividades did\u00e1ticas<\/td>\n        <td>Atividades did\u00e1ticas em cursos de Institui\u00e7\u00f5es formais e reconhecidas de ensino (Conservat\u00f3rios Musicais, Escolas de M\u00fasica e afins)<\/td>\n        <td>Teaching activities<\/td>\n        <td> Cultura e Extens\u00e3o<\/td>\n    <\/tr>\n    <tr>\n        <td>Bolsas Diversas<\/td>\n        <td>Bolsas Diversas<\/td>\n        <td>Scholarships<\/td>\n        <td>Ensino, Pesquisa ou Cultura e Extens\u00e3o<\/td>\n    <\/tr>\n    <tr>\n        <td>Congressos, Semin\u00e1ri<\/td>\n        <td>Congressos, Semin\u00e1rios, Palestras, Confer\u00eancias<\/td>\n        <td>Congresses, Seminars, Lectures and Conferences<\/td>\n        <td> Sem apresenta\u00e7\u00e3o de trabalho: Cultura e Extens\u00e3o, com apresenta\u00e7\u00e3o de trabalho: Pesquisa<\/td>\n    <\/tr>\n    <tr>\n        <td>Cooperativas Estudan<\/td>\n        <td>Cooperativas Estudantis<\/td>\n        <td>Student Unions<\/td>\n        <td> Cultura e Extens\u00e3o<\/td>\n    <\/tr>\n    <tr>\n        <td>Cursos de Difus\u00e3o<\/td>\n        <td>Cursos de Difus\u00e3o \/ Atualiza\u00e7\u00e3o<\/td>\n        <td>Diffusion Courses<\/td>\n        <td> Cultura e Extens\u00e3o<\/td>\n    <\/tr>\n    <tr>\n        <td>Cursos Extracurricul<\/td>\n        <td>Cursos Extracurriculares EAD<\/td>\n        <td> Extracurricular Distance Learning Courses<\/td>\n        <td> Cultura e Extens\u00e3o<\/td>\n    <\/tr>\n    <tr>\n        <td>Empresa J\u00fanior<\/td>\n        <td>Empresa J\u00fanior<\/td>\n        <td>Junior Enterprise<\/td>\n        <td>Cultura e Extens\u00e3o<\/td>\n    <\/tr>\n    <tr>\n        <td>Est\u00e1gios n\u00e3o obrigat<\/td>\n        <td>Est\u00e1gios n\u00e3o obrigat\u00f3rios<\/td>\n        <td>Non mandatory internships<\/td>\n        <td>Ensino<\/td>\n    <\/tr>\n    <tr>\n        <td>Grupos de Extens\u00e3o<\/td>\n        <td>Participa\u00e7\u00e3o em Grupos de Extens\u00e3o<\/td>\n        <td>Participation in Extension Groups<\/td>\n        <td>Cultura e Extens\u00e3o<\/td>\n    <\/tr>\n    <tr>\n        <td>Inicia\u00e7\u00e3o Cient\u00edfica<\/td>\n        <td>Inicia\u00e7\u00e3o Cient\u00edfica<\/td>\n        <td>Undergraduate Research Internship<\/td>\n        <td>Pesquisa<\/td>\n    <\/tr>\n    <tr>\n        <td>Monitoria<\/td>\n        <td>Monitoria<\/td>\n        <td>Teacher&#8217;s Assistantship<\/td>\n        <td>Ensino<\/td>\n    <\/tr>\n    <tr>\n        <td>Participa\u00e7\u00e3o em Ativ<\/td>\n        <td>Participa\u00e7\u00e3o em Atividades na Ag\u00eancia USP de Inova\u00e7\u00e3o<\/td>\n        <td>Participation in Activities at USP Innovation Agency<\/td>\n        <td>Pesquisa ou Ensino<\/td>\n    <\/tr>    \n    <tr>\n        <td>Participa\u00e7\u00e3o em Conc<\/td>\n        <td>Participa\u00e7\u00e3o em Concurso<\/td>\n        <td>Contest Participation<\/td>\n        <td>Cultura e Extens\u00e3o<\/td>\n    <\/tr>\n    <tr>\n        <td>Participa\u00e7\u00e3o em even<\/td>\n        <td>Participa\u00e7\u00e3o em grupos musicais e corpos art\u00edsticos reconhecidos.<\/td>\n        <td>Participation in artistic events<\/td>\n        <td>Cultura e Extens\u00e3o<\/td>\n    <\/tr>\n    <tr>\n        <td>Participa\u00e7\u00e3o em Liga<\/td>\n        <td>Participa\u00e7\u00e3o em Ligas\/Grupos Cient\u00edficos<\/td>\n        <td>Participation in Scientific Groups<\/td>\n        <td> Cultura e Extens\u00e3o<\/td>\n    <\/tr>\n    <tr>\n        <td>Participa\u00e7\u00e3o em Visi<\/td>\n        <td>Participa\u00e7\u00e3o em Visitas Monitoradas na Unidade<\/td>\n        <td>Participation in Guided Visits in the Campus<\/td>\n        <td> Ensino ou Cultura e Extens\u00e3o<\/td>\n    <\/tr>\n    <tr>\n        <td>Participa\u00e7\u00e3o\/Grupos<\/td>\n        <td>Participa\u00e7\u00e3o\/Grupos e Organiza\u00e7\u00f5es que Promovam A\u00e7\u00f5es Sociais<\/td>\n        <td>Participation in Social Actions\/Community support organizations<\/td>\n        <td>Cultura e Extens\u00e3o<\/td>\n    <\/tr>\n    <tr>\n        <td>Participa\u00e7\u00e3o\/Organiz<\/td>\n        <td>Participa\u00e7\u00e3o\/Organiza\u00e7\u00e3o de Eventos Acad\u00eamicos\/Art\u00edsticos<\/td>\n        <td>Participation in\/organization of academic\/artistic events<\/td>\n        <td>Cultura e Extens\u00e3o<\/td>\n    <\/tr>\n    <tr>\n        <td>Premia\u00e7\u00e3o em Concurs<\/td>\n        <td>Premia\u00e7\u00e3o em Concurso<\/td>\n        <td>Contest Award<\/td>\n        <td>Cultura e Extens\u00e3o<\/td>\n    <\/tr>\n    <tr>\n        <td>Premia\u00e7\u00e3o em evento<\/td>\n        <td>Premia\u00e7\u00e3o em evento acad\u00eamico<\/td>\n        <td>Award in academic event<\/td>\n        <td>Ensino<\/td>\n    <\/tr>\n    <tr>\n        <td>Prog. Embaixadores<\/td>\n        <td>Programa Embaixadores USP<\/td>\n        <td>USP Ambassadors Program<\/td>\n        <td>Cultura e Extens\u00e3o<\/td>\n    <\/tr>\n    <tr>\n        <td>Programa de Tutoria<\/td>\n        <td>Programa de Tutoria<\/td>\n        <td>Tutorial Education Program<\/td>\n        <td>Ensino<\/td>\n    <\/tr>\n    <tr>\n        <td>Programa PET<\/td>\n        <td>Programa de Educa\u00e7\u00e3o Tutorial &#8211; PET<\/td>\n        <td>Tutorial Education Program<\/td>\n        <td>Ensino, Pesquisa ou Cultura e Extens\u00e3o<\/td>\n    <\/tr>\n    <tr>\n        <td>Programa Vem Pra USP<\/td>\n        <td>Programa Vem Pra USP!<\/td>\n        <td>Come to USP! Program<\/td>\n        <td> Cultura e Extens\u00e3o<\/td>\n    <\/tr>\n    <tr>\n        <td>Projeto PIBID<\/td>\n        <td>Projeto PIBID &#8211; Inicia\u00e7\u00e3o \u00e0 Doc\u00eancia<\/td>\n        <td>PIBID Project &#8211; Introduction to Teaching<\/td>\n        <td>Ensino<\/td>\n    <\/tr>\n    <tr>\n        <td>Projeto Rondon<\/td>\n        <td>Projeto Rondon<\/td>\n        <td>Rondon Project<\/td>\n        <td>Cultura e Extens\u00e3o<\/td>\n    <\/tr>\n    <tr>\n        <td>Public Graduandos<\/td>\n        <td>Publica\u00e7\u00f5es dos Graduandos<\/td>\n        <td>Undergraduate Student Publications<\/td>\n        <td>Ensino, Pesquisa ou Cultura e Extens\u00e3o<\/td>\n    <\/tr>\n    <tr>\n        <td>Representa\u00e7\u00e3o Discen<\/td>\n        <td>Representa\u00e7\u00e3o Discente em Colegiados<\/td>\n        <td>Student Representation on Collegiate<\/td>\n        <td>Cultura e Extens\u00e3o<\/td>\n    <\/tr>\n    <tr>\n        <td>Representa\u00e7\u00e3o em Ent<\/td>\n        <td>Representa\u00e7\u00e3o em Entidades Estudantis<\/td>\n        <td>Representation in Student Associations<\/td>\n        <td>Cultura e Extens\u00e3o<\/td>\n    <\/tr>\n    <tr>\n        <td>Semanas Estudantis<\/td>\n        <td>Semanas Estudantis<\/td>\n        <td>Student Weeks<\/td>\n        <td>Ensino ou Cultura e Extens\u00e3o<\/td>\n    <\/tr>\n    <tr>\n        <td>Treinamento Pr\u00e1tico<\/td>\n        <td>Oficinas de treinamento pr\u00e1tico<\/td>\n        <td>Hands-on<\/td>\n        <td>Ensino, Pesquisa ou Cultura e Extens\u00e3o<\/td>\n    <\/tr>\n    <tr>\n        <td>Treinamentos T\u00e9cnico<\/td>\n        <td>Treinamentos T\u00e9cnicos<\/td>\n        <td>Technical trainings<\/td>\n        <td>Cultura e Extens\u00e3o<\/td>\n    <\/tr>\n    <tr>\n        <td>Visitas T\u00e9cnicas<\/td>\n        <td>Visitas T\u00e9cnicas<\/td>\n        <td>Technical visits<\/td>\n        <td>Ensino, Pesquisa ou Cultura e Extens\u00e3o<\/td>\n    <\/tr>\n<\/table>\n<\/div>\n","protected":false},"excerpt":{"rendered":"<p>As Atividades Acad\u00eamicas Complementares (AAC) s\u00e3o atividades de ensino, cultura e extens\u00e3o universit\u00e1ria ou pesquisa que n\u00e3o pertencem \u00e0 grade&#46;&#46;&#46;<\/p>\n","protected":false},"author":8,"featured_media":0,"parent":0,"menu_order":0,"comment_status":"closed","ping_status":"closed","template":"","meta":{"_acf_changed":false,"om_disable_all_campaigns":false,"_monsterinsights_skip_tracking":false,"_monsterinsights_sitenote_active":false,"_monsterinsights_sitenote_note":"","_monsterinsights_sitenote_category":0,"_uf_show_specific_survey":0,"_uf_disable_surveys":false,"footnotes":"","_links_to":"","_links_to_target":""},"class_list":["post-735","page","type-page","status-publish","hentry"],"acf":[],"aioseo_notices":[],"publishpress_future_action":{"enabled":false,"date":"2026-04-11 19:18:34","action":"change-status","newStatus":"draft","terms":[],"taxonomy":"language","extraData":[]},"publishpress_future_workflow_manual_trigger":{"enabledWorkflows":[]},"_links":{"self":[{"href":"https:\/\/igc.usp.br\/graduacao\/wp-json\/wp\/v2\/pages\/735","targetHints":{"allow":["GET"]}}],"collection":[{"href":"https:\/\/igc.usp.br\/graduacao\/wp-json\/wp\/v2\/pages"}],"about":[{"href":"https:\/\/igc.usp.br\/graduacao\/wp-json\/wp\/v2\/types\/page"}],"author":[{"embeddable":true,"href":"https:\/\/igc.usp.br\/graduacao\/wp-json\/wp\/v2\/users\/8"}],"replies":[{"embeddable":true,"href":"https:\/\/igc.usp.br\/graduacao\/wp-json\/wp\/v2\/comments?post=735"}],"version-history":[{"count":18,"href":"https:\/\/igc.usp.br\/graduacao\/wp-json\/wp\/v2\/pages\/735\/revisions"}],"predecessor-version":[{"id":952,"href":"https:\/\/igc.usp.br\/graduacao\/wp-json\/wp\/v2\/pages\/735\/revisions\/952"}],"wp:attachment":[{"href":"https:\/\/igc.usp.br\/graduacao\/wp-json\/wp\/v2\/media?parent=735"}],"curies":[{"name":"wp","href":"https:\/\/api.w.org\/{rel}","templated":true}]}}