{"id":71,"date":"2019-02-27T10:52:27","date_gmt":"2019-02-27T13:52:27","guid":{"rendered":"http:\/\/sites.igc.usp.br\/graduacao\/?page_id=71"},"modified":"2026-02-10T13:48:38","modified_gmt":"2026-02-10T16:48:38","slug":"transferencia","status":"publish","type":"page","link":"https:\/\/igc.usp.br\/graduacao\/transferencia\/","title":{"rendered":"Transfer\u00eancia"},"content":{"rendered":"\n<h2 class=\"wp-block-heading\" id=\"transferencia-interna\"><strong>Transfer\u00eancia Interna<\/strong><\/h2>\n\n\n\n<p><strong>RESULTADO<\/strong><\/p>\n\n\n\n<div data-wp-interactive=\"core\/file\" class=\"wp-block-file\"><object data-wp-bind--hidden=\"!state.hasPdfPreview\" hidden class=\"wp-block-file__embed\" data=\"https:\/\/igc.usp.br\/graduacao\/wp-content\/uploads\/sites\/9\/2026\/02\/Resultado_Transferencia_Interna.pdf\" type=\"application\/pdf\" style=\"width:100%;height:600px\" aria-label=\"Incorporado de Resultado_Transferencia_Interna.\"><\/object><a id=\"wp-block-file--media-d68d9838-c1d2-4725-88b7-b87207c358f1\" href=\"https:\/\/igc.usp.br\/graduacao\/wp-content\/uploads\/sites\/9\/2026\/02\/Resultado_Transferencia_Interna.pdf\">Resultado_Transferencia_Interna<\/a><a href=\"https:\/\/igc.usp.br\/graduacao\/wp-content\/uploads\/sites\/9\/2026\/02\/Resultado_Transferencia_Interna.pdf\" class=\"wp-block-file__button wp-element-button\" download aria-describedby=\"wp-block-file--media-d68d9838-c1d2-4725-88b7-b87207c358f1\">Baixar<\/a><\/div>\n\n\n\n<div data-wp-interactive=\"core\/file\" class=\"wp-block-file\"><object data-wp-bind--hidden=\"!state.hasPdfPreview\" hidden class=\"wp-block-file__embed\" data=\"https:\/\/igc.usp.br\/graduacao\/wp-content\/uploads\/sites\/9\/2025\/11\/Edital_Transferencia_lnterna_2026.pdf\" type=\"application\/pdf\" style=\"width:100%;height:600px\" aria-label=\"Incorporado de Edital_Transferencia_lnterna_2026.\"><\/object><a id=\"wp-block-file--media-e6186ce8-a5bf-4562-ac58-1d6b2ba09eb5\" href=\"https:\/\/igc.usp.br\/graduacao\/wp-content\/uploads\/sites\/9\/2025\/11\/Edital_Transferencia_lnterna_2026.pdf\">Edital_Transferencia_lnterna_2026<\/a><a href=\"https:\/\/igc.usp.br\/graduacao\/wp-content\/uploads\/sites\/9\/2025\/11\/Edital_Transferencia_lnterna_2026.pdf\" class=\"wp-block-file__button wp-element-button\" download aria-describedby=\"wp-block-file--media-e6186ce8-a5bf-4562-ac58-1d6b2ba09eb5\">Baixar<\/a><\/div>\n\n\n\n<h2 class=\"wp-block-heading\" id=\"transferencia-externa\"><strong>Transfer\u00eancia Externa<\/strong><\/h2>\n\n\n\n<p>O exame \u00e9 dividido em duas fases: a Pr\u00e9-sele\u00e7\u00e3o, de car\u00e1ter geral, a cargo da Funda\u00e7\u00e3o Universit\u00e1ria para o Vestibular (FUVEST), e a Sele\u00e7\u00e3o, com base em conte\u00fados espec\u00edficos, sob responsabilidade do Instituto de Geoci\u00eancias.<\/p>\n\n\n\n<h3 class=\"wp-block-heading\"><strong>1\u00aa fase<\/strong> <\/h3>\n\n\n\n<p><strong>Ingresso 1\u00ba semestre de 2027<\/strong><\/p>\n\n\n\n<p>Inscri\u00e7\u00e3o: abril \/ 2026<\/p>\n\n\n\n<p>Prova: maio \/ 2026<\/p>\n\n\n\n<p>Prova de Pr\u00e9-sele\u00e7\u00e3o realizada pela FUVEST. Consulte o cronograma e procedimentos em <a rel=\"noreferrer noopener\" href=\"https:\/\/www.fuvest.br\/\" target=\"_blank\">Fuvest \u2013 Funda\u00e7\u00e3o Universit\u00e1ria para o Vestibular<\/a>.<\/p>\n\n\n\n<h3 class=\"wp-block-heading\"><strong>2\u00aa fase<\/strong><\/h3>\n\n\n\n<p>Edital ser\u00e1 disponibilizado em abril de 2026.<\/p>\n\n\n\n<p><\/p>\n","protected":false},"excerpt":{"rendered":"<p>Transfer\u00eancia Interna RESULTADO Transfer\u00eancia Externa O exame \u00e9 dividido em duas fases: a Pr\u00e9-sele\u00e7\u00e3o, de car\u00e1ter geral, a cargo da&#46;&#46;&#46;<\/p>\n","protected":false},"author":1,"featured_media":0,"parent":0,"menu_order":0,"comment_status":"closed","ping_status":"closed","template":"","meta":{"_acf_changed":false,"om_disable_all_campaigns":false,"_monsterinsights_skip_tracking":false,"_monsterinsights_sitenote_active":false,"_monsterinsights_sitenote_note":"","_monsterinsights_sitenote_category":0,"_uf_show_specific_survey":0,"_uf_disable_surveys":false,"footnotes":"","_links_to":"","_links_to_target":""},"class_list":["post-71","page","type-page","status-publish","hentry"],"acf":[],"aioseo_notices":[],"publishpress_future_action":{"enabled":false,"date":"2026-04-11 18:33:27","action":"change-status","newStatus":"draft","terms":[],"taxonomy":"language","extraData":[]},"publishpress_future_workflow_manual_trigger":{"enabledWorkflows":[]},"_links":{"self":[{"href":"https:\/\/igc.usp.br\/graduacao\/wp-json\/wp\/v2\/pages\/71","targetHints":{"allow":["GET"]}}],"collection":[{"href":"https:\/\/igc.usp.br\/graduacao\/wp-json\/wp\/v2\/pages"}],"about":[{"href":"https:\/\/igc.usp.br\/graduacao\/wp-json\/wp\/v2\/types\/page"}],"author":[{"embeddable":true,"href":"https:\/\/igc.usp.br\/graduacao\/wp-json\/wp\/v2\/users\/1"}],"replies":[{"embeddable":true,"href":"https:\/\/igc.usp.br\/graduacao\/wp-json\/wp\/v2\/comments?post=71"}],"version-history":[{"count":59,"href":"https:\/\/igc.usp.br\/graduacao\/wp-json\/wp\/v2\/pages\/71\/revisions"}],"predecessor-version":[{"id":1466,"href":"https:\/\/igc.usp.br\/graduacao\/wp-json\/wp\/v2\/pages\/71\/revisions\/1466"}],"wp:attachment":[{"href":"https:\/\/igc.usp.br\/graduacao\/wp-json\/wp\/v2\/media?parent=71"}],"curies":[{"name":"wp","href":"https:\/\/api.w.org\/{rel}","templated":true}]}}