{"id":692,"date":"2022-12-20T16:56:34","date_gmt":"2022-12-20T19:56:34","guid":{"rendered":"https:\/\/igc.usp.br\/graduacao\/?page_id=692"},"modified":"2026-02-05T15:53:39","modified_gmt":"2026-02-05T18:53:39","slug":"trabalho-de-formatura","status":"publish","type":"page","link":"https:\/\/igc.usp.br\/graduacao\/trabalho-de-formatura\/","title":{"rendered":"Trabalho de Formatura"},"content":{"rendered":"\n<p>A disciplina anual <a rel=\"noreferrer noopener\" href=\"https:\/\/uspdigital.usp.br\/jupiterweb\/obterDisciplina?nomdis=&amp;sgldis=0440500\" data-type=\"URL\" data-id=\"https:\/\/uspdigital.usp.br\/jupiterweb\/obterDisciplina?nomdis=&amp;sgldis=0440500\" target=\"_blank\">Trabalho de Formatura<\/a> (TF), de car\u00e1ter interdepartamental, dever\u00e1 ser cursada nos 9\u00ba e 10\u00ba semestres do curso de Bacharelado em Geologia pelos alunos que tenham integralizado pelo menos 80% dos cr\u00e9ditos em disciplinas obrigat\u00f3rias. <\/p>\n\n\n\n<p>Nesta disciplina o aluno desenvolver\u00e1 individualmente tema espec\u00edfico que simule um problema profissional real, e dever\u00e1 demonstrar capacidade de planejamento e desenvolvimento das atividades que resultem na sua solu\u00e7\u00e3o, utilizando m\u00e9todos adequados.<\/p>\n\n\n\n<a href=\"https:\/\/igc.usp.br\/graduacao\/wp-content\/uploads\/sites\/9\/2022\/12\/Regulamento_TF_Geologia.pdf\">Regulamento Geral do Trabalho de Formatura<\/a>\n\n\n\n<h2 class=\"wp-block-heading\">Caderno Digital de Resumos<\/h2>\n\n\n\n<p>O Caderno Digital de Resumos re\u00fane e registra os temas de Trabalho de Formatura (TF) desenvolvidos ao longo do ano. Esses trabalhos incorporam dados obtidos em projetos de inicia\u00e7\u00e3o cient\u00edfica, aqueles originalmente produzidos para o TF e outros que derivam de forte intera\u00e7\u00e3o com a ind\u00fastria em v\u00e1rias \u00e1reas de atua\u00e7\u00e3o, incorporando as experi\u00eancias adquiridas em est\u00e1gios nas interfaces com as ci\u00eancias ambientais, engenharias, qu\u00edmica, biologia, gest\u00e3o, entre outras. <\/p>\n\n\n\n<p><\/p>\n\n\n\n<h3 class=\"wp-block-heading\">2023<\/h3>\n\n\n\n<a href=\"https:\/\/igc.usp.br\/graduacao\/wp-content\/uploads\/sites\/9\/2023\/11\/Programacao-Caderno-Digital-de-Resumos_TF_2023.pdf\">Programacao &#038; Caderno Digital de Resumos TF 2023<\/a>\n\n\n\n<h3 class=\"wp-block-heading\">2022<\/h3>\n\n\n\n<a href=\"https:\/\/igc.usp.br\/graduacao\/wp-content\/uploads\/sites\/9\/2022\/12\/Caderno-Digital-Resumos-TF-2022.pdf\">Caderno Digital Resumos TF 2022<\/a>\n","protected":false},"excerpt":{"rendered":"<p>A disciplina anual Trabalho de Formatura (TF), de car\u00e1ter interdepartamental, dever\u00e1 ser cursada nos 9\u00ba e 10\u00ba semestres do curso&#46;&#46;&#46;<\/p>\n","protected":false},"author":8,"featured_media":0,"parent":0,"menu_order":0,"comment_status":"closed","ping_status":"closed","template":"","meta":{"_acf_changed":false,"om_disable_all_campaigns":false,"_monsterinsights_skip_tracking":false,"_monsterinsights_sitenote_active":false,"_monsterinsights_sitenote_note":"","_monsterinsights_sitenote_category":0,"_uf_show_specific_survey":0,"_uf_disable_surveys":false,"footnotes":"","_links_to":"","_links_to_target":""},"class_list":["post-692","page","type-page","status-publish","hentry"],"acf":[],"aioseo_notices":[],"publishpress_future_action":{"enabled":false,"date":"2026-04-16 22:32:46","action":"change-status","newStatus":"draft","terms":[],"taxonomy":"language","extraData":[]},"publishpress_future_workflow_manual_trigger":{"enabledWorkflows":[]},"_links":{"self":[{"href":"https:\/\/igc.usp.br\/graduacao\/wp-json\/wp\/v2\/pages\/692","targetHints":{"allow":["GET"]}}],"collection":[{"href":"https:\/\/igc.usp.br\/graduacao\/wp-json\/wp\/v2\/pages"}],"about":[{"href":"https:\/\/igc.usp.br\/graduacao\/wp-json\/wp\/v2\/types\/page"}],"author":[{"embeddable":true,"href":"https:\/\/igc.usp.br\/graduacao\/wp-json\/wp\/v2\/users\/8"}],"replies":[{"embeddable":true,"href":"https:\/\/igc.usp.br\/graduacao\/wp-json\/wp\/v2\/comments?post=692"}],"version-history":[{"count":11,"href":"https:\/\/igc.usp.br\/graduacao\/wp-json\/wp\/v2\/pages\/692\/revisions"}],"predecessor-version":[{"id":1461,"href":"https:\/\/igc.usp.br\/graduacao\/wp-json\/wp\/v2\/pages\/692\/revisions\/1461"}],"wp:attachment":[{"href":"https:\/\/igc.usp.br\/graduacao\/wp-json\/wp\/v2\/media?parent=692"}],"curies":[{"name":"wp","href":"https:\/\/api.w.org\/{rel}","templated":true}]}}