{"id":54,"date":"2019-02-21T13:37:01","date_gmt":"2019-02-21T16:37:01","guid":{"rendered":"http:\/\/sites.igc.usp.br\/graduacao\/?page_id=54"},"modified":"2026-01-14T10:54:49","modified_gmt":"2026-01-14T13:54:49","slug":"aacc","status":"publish","type":"page","link":"https:\/\/igc.usp.br\/graduacao\/aacc\/","title":{"rendered":"Atividades Te\u00f3rico-Pr\u00e1ticas de Aprofundamento (ATPA)"},"content":{"rendered":"\n<p>As atividades te\u00f3rico-pr\u00e1ticas de aprofundamento s\u00e3o cumpridas em \u00e1reas espec\u00edficas de interesse do estudante, a partir do ingresso no curso de Licenciatura em Geoci\u00eancias e Educa\u00e7\u00e3o Ambiental. Essas atividades podem compreender a participa\u00e7\u00e3o em eventos cient\u00edficos e culturais, palestras, cursos de extens\u00e3o universit\u00e1rias, interc\u00e2mbios, inicia\u00e7\u00e3o cient\u00edfica, atividades de comunica\u00e7\u00e3o e express\u00e3o, monitoria, al\u00e9m de outras aprovadas pela CoC-LiGEA.<\/p>\n\n\n\n<p>A carga hor\u00e1ria \u00e9 contabilizada por uma comiss\u00e3o, que estipula a data de entrega em cada semestre. Esta carga \u00e9 lan\u00e7ada no hist\u00f3rico escolar no fim do respectivo semestre. O aluno poder\u00e1 integralizar as 200 horas em um \u00fanico semestre ou ao longo do curso. Essas horas s\u00e3o cadastradas no hist\u00f3rico nas disciplinas <a rel=\"noreferrer noopener\" href=\"https:\/\/uspdigital.usp.br\/jupiterweb\/obterDisciplina?sgldis=0440303&amp;codcur=44100&amp;codhab=4\" target=\"_blank\">0440303 Atividades Te\u00f3rico-Pr\u00e1ticas I<\/a> e <a rel=\"noreferrer noopener\" href=\"https:\/\/uspdigital.usp.br\/jupiterweb\/obterDisciplina?sgldis=0440304&amp;codcur=44100&amp;codhab=4\" target=\"_blank\">0440304 Atividades Te\u00f3rico-Pr\u00e1ticas II<\/a>.<\/p>\n\n\n\n<p>As regras est\u00e3o discriminadas no ambiente do Moodle: <a href=\"https:\/\/edisciplinas.usp.br\/enrol\/index.php?id=78174\">https:\/\/edisciplinas.usp.br\/enrol\/index.php?id=78174<\/a>. Esse ambiente requer uma chave de inscri\u00e7\u00e3o que ser\u00e1 divulgada aos alunos do curso no in\u00edcio de cada ano.<\/p>\n\n\n\n<p>Qualquer d\u00favida, entre em contato com as professoras respons\u00e1veis pelas&nbsp;ATPAs: <\/p>\n\n\n\n<p>Professoras Eliane (<a rel=\"noreferrer noopener\" href=\"mailto:edellama@usp.br\" target=\"_blank\">edellama@usp.br<\/a>) e Veridiana (<a rel=\"noreferrer noopener\" href=\"mailto:veridian@usp.br\" target=\"_blank\">veridian@usp.br<\/a>)<\/p>\n","protected":false},"excerpt":{"rendered":"<p>As atividades te\u00f3rico-pr\u00e1ticas de aprofundamento s\u00e3o cumpridas em \u00e1reas espec\u00edficas de interesse do estudante, a partir do ingresso no curso&#46;&#46;&#46;<\/p>\n","protected":false},"author":1,"featured_media":0,"parent":0,"menu_order":0,"comment_status":"closed","ping_status":"closed","template":"","meta":{"_acf_changed":false,"om_disable_all_campaigns":false,"_monsterinsights_skip_tracking":false,"_monsterinsights_sitenote_active":false,"_monsterinsights_sitenote_note":"","_monsterinsights_sitenote_category":0,"_uf_show_specific_survey":0,"_uf_disable_surveys":false,"footnotes":"","_links_to":"","_links_to_target":""},"class_list":["post-54","page","type-page","status-publish","hentry"],"acf":[],"aioseo_notices":[],"publishpress_future_action":{"enabled":false,"date":"2026-04-11 19:18:34","action":"change-status","newStatus":"draft","terms":[],"taxonomy":"language","extraData":[]},"publishpress_future_workflow_manual_trigger":{"enabledWorkflows":[]},"_links":{"self":[{"href":"https:\/\/igc.usp.br\/graduacao\/wp-json\/wp\/v2\/pages\/54","targetHints":{"allow":["GET"]}}],"collection":[{"href":"https:\/\/igc.usp.br\/graduacao\/wp-json\/wp\/v2\/pages"}],"about":[{"href":"https:\/\/igc.usp.br\/graduacao\/wp-json\/wp\/v2\/types\/page"}],"author":[{"embeddable":true,"href":"https:\/\/igc.usp.br\/graduacao\/wp-json\/wp\/v2\/users\/1"}],"replies":[{"embeddable":true,"href":"https:\/\/igc.usp.br\/graduacao\/wp-json\/wp\/v2\/comments?post=54"}],"version-history":[{"count":5,"href":"https:\/\/igc.usp.br\/graduacao\/wp-json\/wp\/v2\/pages\/54\/revisions"}],"predecessor-version":[{"id":1258,"href":"https:\/\/igc.usp.br\/graduacao\/wp-json\/wp\/v2\/pages\/54\/revisions\/1258"}],"wp:attachment":[{"href":"https:\/\/igc.usp.br\/graduacao\/wp-json\/wp\/v2\/media?parent=54"}],"curies":[{"name":"wp","href":"https:\/\/api.w.org\/{rel}","templated":true}]}}