{"id":42,"date":"2019-02-21T11:23:56","date_gmt":"2019-02-21T14:23:56","guid":{"rendered":"http:\/\/sites.igc.usp.br\/graduacao\/?page_id=42"},"modified":"2026-01-14T11:28:47","modified_gmt":"2026-01-14T14:28:47","slug":"seguranca","status":"publish","type":"page","link":"https:\/\/igc.usp.br\/graduacao\/seguranca\/","title":{"rendered":"Protocolo de Conduta e Seguran\u00e7a em Aulas de Campo"},"content":{"rendered":"\n<p>As aulas de campo fazem parte da forma\u00e7\u00e3o acad\u00eamica obrigat\u00f3ria dos alunos do Instituto de Geoci\u00eancias e ocorrem ao longo de todo o curso de gradua\u00e7\u00e3o. Essas atividades s\u00e3o essenciais ao desenvolvimento do conhecimento geocient\u00edfico, pois permitem a observa\u00e7\u00e3o direta de materiais, processos e fen\u00f4menos naturais, integrando teoria e pr\u00e1tica.<\/p>\n\n\n\n<p>As aulas de campo podem ser realizadas em dias letivos, feriados e finais de semana, de acordo com o planejamento das disciplinas e as caracter\u00edsticas das atividades propostas. Por envolverem deslocamentos e atividades fora do ambiente universit\u00e1rio, \u00e9 fundamental que os alunos estejam atentos \u00e0s orienta\u00e7\u00f5es de seguran\u00e7a e \u00e0 documenta\u00e7\u00e3o exigida.<\/p>\n\n\n\n<p>Nesta p\u00e1gina est\u00e3o dispon\u00edveis os documentos obrigat\u00f3rios relacionados ao protocolo de conduta e seguran\u00e7a em aulas de campo, que devem ser lidos e preenchidos previamente \u00e0 participa\u00e7\u00e3o nas atividades.<\/p>\n\n\n\n<div class=\"wp-block-file\"><a href=\"http:\/\/sites.igc.usp.br\/graduacao\/wp-content\/uploads\/sites\/9\/2019\/02\/Protocolo_de_seguranca_no_campo_IGc_USP.pdf\">Protocolo_de_seguranca_no_campo_IGc_USP<\/a><a href=\"http:\/\/sites.igc.usp.br\/graduacao\/wp-content\/uploads\/sites\/9\/2019\/02\/Protocolo_de_seguranca_no_campo_IGc_USP.pdf\" class=\"wp-block-file__button wp-element-button\" download>Baixar<\/a><\/div>\n\n\n\n<div class=\"wp-block-file\"><a href=\"http:\/\/sites.igc.usp.br\/graduacao\/wp-content\/uploads\/sites\/9\/2019\/02\/Declaracao_aulas_de_campo.pdf\">Declaracao_aulas_de_campo<\/a><a href=\"http:\/\/sites.igc.usp.br\/graduacao\/wp-content\/uploads\/sites\/9\/2019\/02\/Declaracao_aulas_de_campo.pdf\" class=\"wp-block-file__button wp-element-button\" download>Baixar<\/a><\/div>\n\n\n\n<div class=\"wp-block-file\"><a href=\"http:\/\/sites.igc.usp.br\/graduacao\/wp-content\/uploads\/sites\/9\/2019\/02\/Carteira_de_emergencia.pdf\">Carteira_de_emergencia<\/a><a href=\"http:\/\/sites.igc.usp.br\/graduacao\/wp-content\/uploads\/sites\/9\/2019\/02\/Carteira_de_emergencia.pdf\" class=\"wp-block-file__button wp-element-button\" download>Baixar<\/a><\/div>\n\n\n\n<p>Formul\u00e1rio de informa\u00e7\u00f5es de sa\u00fade: <a href=\"https:\/\/forms.gle\/EFS5ofvZtXTx5WQ47\">https:\/\/forms.gle\/EFS5ofvZtXTx5WQ47<\/a><\/p>\n\n\n\n<p><\/p>\n","protected":false},"excerpt":{"rendered":"<p>As aulas de campo fazem parte da forma\u00e7\u00e3o acad\u00eamica obrigat\u00f3ria dos alunos do Instituto de Geoci\u00eancias e ocorrem ao longo&#46;&#46;&#46;<\/p>\n","protected":false},"author":1,"featured_media":0,"parent":0,"menu_order":0,"comment_status":"closed","ping_status":"closed","template":"","meta":{"_acf_changed":false,"om_disable_all_campaigns":false,"_monsterinsights_skip_tracking":false,"_monsterinsights_sitenote_active":false,"_monsterinsights_sitenote_note":"","_monsterinsights_sitenote_category":0,"_uf_show_specific_survey":0,"_uf_disable_surveys":false,"footnotes":"","_links_to":"","_links_to_target":""},"class_list":["post-42","page","type-page","status-publish","hentry"],"acf":[],"aioseo_notices":[],"publishpress_future_action":{"enabled":false,"date":"2026-04-18 17:41:03","action":"change-status","newStatus":"draft","terms":[],"taxonomy":"language","extraData":[]},"publishpress_future_workflow_manual_trigger":{"enabledWorkflows":[]},"_links":{"self":[{"href":"https:\/\/igc.usp.br\/graduacao\/wp-json\/wp\/v2\/pages\/42","targetHints":{"allow":["GET"]}}],"collection":[{"href":"https:\/\/igc.usp.br\/graduacao\/wp-json\/wp\/v2\/pages"}],"about":[{"href":"https:\/\/igc.usp.br\/graduacao\/wp-json\/wp\/v2\/types\/page"}],"author":[{"embeddable":true,"href":"https:\/\/igc.usp.br\/graduacao\/wp-json\/wp\/v2\/users\/1"}],"replies":[{"embeddable":true,"href":"https:\/\/igc.usp.br\/graduacao\/wp-json\/wp\/v2\/comments?post=42"}],"version-history":[{"count":6,"href":"https:\/\/igc.usp.br\/graduacao\/wp-json\/wp\/v2\/pages\/42\/revisions"}],"predecessor-version":[{"id":1259,"href":"https:\/\/igc.usp.br\/graduacao\/wp-json\/wp\/v2\/pages\/42\/revisions\/1259"}],"wp:attachment":[{"href":"https:\/\/igc.usp.br\/graduacao\/wp-json\/wp\/v2\/media?parent=42"}],"curies":[{"name":"wp","href":"https:\/\/api.w.org\/{rel}","templated":true}]}}