{"id":36,"date":"2019-02-21T11:15:54","date_gmt":"2019-02-21T14:15:54","guid":{"rendered":"http:\/\/sites.igc.usp.br\/graduacao\/?page_id=36"},"modified":"2026-01-25T22:21:25","modified_gmt":"2026-01-26T01:21:25","slug":"ligea","status":"publish","type":"page","link":"https:\/\/igc.usp.br\/graduacao\/ligea\/","title":{"rendered":"Licenciatura em Geoci\u00eancias e Educa\u00e7\u00e3o Ambiental"},"content":{"rendered":"\n<figure class=\"wp-block-embed is-type-video is-provider-youtube wp-block-embed-youtube wp-embed-aspect-16-9 wp-has-aspect-ratio\"><div class=\"wp-block-embed__wrapper\">\n<div class=\"video-container\"><iframe title=\"LICENCIATURA EM GEOCI\u00caNCIAS E EDUCA\u00c7\u00c3O AMBIENTAL   S\u00c3O PAULO   IGC\" width=\"500\" height=\"281\" src=\"https:\/\/www.youtube.com\/embed\/_MGnxi4HC8w?feature=oembed&#038;wmode=opaque\" frameborder=\"0\" allow=\"accelerometer; autoplay; clipboard-write; encrypted-media; gyroscope; picture-in-picture; web-share\" referrerpolicy=\"strict-origin-when-cross-origin\" allowfullscreen><\/iframe><\/div>\n<\/div><\/figure>\n\n\n\n<p><\/p>\n\n\n\n<p>O curso de Licenciatura em Geoci\u00eancias e Educa\u00e7\u00e3o Ambiental, oferecido pelo Instituto de Geoci\u00eancias desde 2004, tem como objetivo formar professores e educadores com s\u00f3lida base cient\u00edfica e pedag\u00f3gica, capazes de atuar na Educa\u00e7\u00e3o B\u00e1sica e em espa\u00e7os educativos n\u00e3o escolares.<\/p>\n\n\n\n<p>A forma\u00e7\u00e3o proposta pelo curso garante uma compreens\u00e3o integrada do funcionamento do Sistema Terra, considerando os processos geol\u00f3gicos, ambientais e as intera\u00e7\u00f5es entre sociedade e natureza. Ao longo da gradua\u00e7\u00e3o, o estudante desenvolve conhecimentos em Geoci\u00eancias, Educa\u00e7\u00e3o Ambiental e Ci\u00eancias da Natureza, aliados \u00e0 forma\u00e7\u00e3o pedag\u00f3gica, com \u00eanfase em metodologias de ensino, pr\u00e1ticas educativas e est\u00e1gios supervisionados.<\/p>\n\n\n\n<p>O curso adota uma abordagem interdisciplinar e cr\u00edtica, preparando profissionais para enfrentar os desafios socioambientais contempor\u00e2neos, contribuindo para a forma\u00e7\u00e3o de cidad\u00e3os conscientes, cr\u00edticos e comprometidos com a sustentabilidade.<\/p>\n\n\n\n<h3 class=\"wp-block-heading\">Ingresso no mercado profissional<\/h3>\n\n\n\n<p>O licenciado em Geoci\u00eancias e Educa\u00e7\u00e3o Ambiental est\u00e1 habilitado para atuar na Educa\u00e7\u00e3o B\u00e1sica, nos anos finais do ensino fundamental e no ensino m\u00e9dio, nas \u00e1reas de Ci\u00eancias da Natureza e Educa\u00e7\u00e3o Ambiental, conforme as diretrizes curriculares vigentes.<\/p>\n\n\n\n<p>Al\u00e9m do ensino formal, o egresso pode atuar em espa\u00e7os de educa\u00e7\u00e3o n\u00e3o escolar, como museus, centros de ci\u00eancia, parques, unidades de conserva\u00e7\u00e3o, organiza\u00e7\u00f5es n\u00e3o governamentais, projetos de educa\u00e7\u00e3o ambiental, divulga\u00e7\u00e3o cient\u00edfica, geoturismo e geoconserva\u00e7\u00e3o. H\u00e1 tamb\u00e9m oportunidades no servi\u00e7o p\u00fablico, em prefeituras, secretarias de Educa\u00e7\u00e3o e Meio Ambiente, Defesa Civil e em programas socioambientais desenvolvidos por empresas e institui\u00e7\u00f5es.<\/p>\n\n\n\n<p>A forma\u00e7\u00e3o interdisciplinar do curso permite ainda a atua\u00e7\u00e3o em projetos educativos, consultorias em Educa\u00e7\u00e3o Ambiental e iniciativas voltadas \u00e0 sustentabilidade e \u00e0 gest\u00e3o ambiental.<\/p>\n\n\n\n<h3 class=\"wp-block-heading\">Estrutura Curricular<\/h3>\n\n\n\n<p class=\"wp-block-file\"><a href=\"https:\/\/uspdigital.usp.br\/jupiterweb\/listarGradeCurricular?codcg=44&amp;codcur=44100&amp;codhab=4&amp;tipo=N\">Estrutura Curricular Sistema J\u00fapiter<\/a><\/p>\n\n\n\n<h3 class=\"wp-block-heading\">Projeto Pedag\u00f3gico<\/h3>\n\n\n\n<div class=\"wp-block-file\"><a id=\"wp-block-file--media-8e570cd1-8df9-44db-a133-579334a2f702\" href=\"https:\/\/igc.usp.br\/graduacao\/wp-content\/uploads\/sites\/9\/2024\/07\/PPP_LiGEA.pdf\">PPP_LiGEA<\/a><\/div>\n\n\n\n<p><\/p>\n","protected":false},"excerpt":{"rendered":"<p>O curso de Licenciatura em Geoci\u00eancias e Educa\u00e7\u00e3o Ambiental, oferecido pelo Instituto de Geoci\u00eancias desde 2004, tem como objetivo formar&#46;&#46;&#46;<\/p>\n","protected":false},"author":1,"featured_media":0,"parent":0,"menu_order":0,"comment_status":"closed","ping_status":"closed","template":"","meta":{"_acf_changed":false,"om_disable_all_campaigns":false,"_monsterinsights_skip_tracking":false,"_monsterinsights_sitenote_active":false,"_monsterinsights_sitenote_note":"","_monsterinsights_sitenote_category":0,"_uf_show_specific_survey":0,"_uf_disable_surveys":false,"footnotes":"","_links_to":"","_links_to_target":""},"class_list":["post-36","page","type-page","status-publish","hentry"],"acf":[],"aioseo_notices":[],"publishpress_future_action":{"enabled":false,"date":"2026-05-18 22:51:18","action":"change-status","newStatus":"draft","terms":[],"taxonomy":"language","extraData":[]},"publishpress_future_workflow_manual_trigger":{"enabledWorkflows":[]},"_links":{"self":[{"href":"https:\/\/igc.usp.br\/graduacao\/wp-json\/wp\/v2\/pages\/36","targetHints":{"allow":["GET"]}}],"collection":[{"href":"https:\/\/igc.usp.br\/graduacao\/wp-json\/wp\/v2\/pages"}],"about":[{"href":"https:\/\/igc.usp.br\/graduacao\/wp-json\/wp\/v2\/types\/page"}],"author":[{"embeddable":true,"href":"https:\/\/igc.usp.br\/graduacao\/wp-json\/wp\/v2\/users\/1"}],"replies":[{"embeddable":true,"href":"https:\/\/igc.usp.br\/graduacao\/wp-json\/wp\/v2\/comments?post=36"}],"version-history":[{"count":10,"href":"https:\/\/igc.usp.br\/graduacao\/wp-json\/wp\/v2\/pages\/36\/revisions"}],"predecessor-version":[{"id":1429,"href":"https:\/\/igc.usp.br\/graduacao\/wp-json\/wp\/v2\/pages\/36\/revisions\/1429"}],"wp:attachment":[{"href":"https:\/\/igc.usp.br\/graduacao\/wp-json\/wp\/v2\/media?parent=36"}],"curies":[{"name":"wp","href":"https:\/\/api.w.org\/{rel}","templated":true}]}}