{"id":30,"date":"2019-02-21T11:13:44","date_gmt":"2019-02-21T14:13:44","guid":{"rendered":"http:\/\/sites.igc.usp.br\/graduacao\/?page_id=30"},"modified":"2026-01-25T22:19:26","modified_gmt":"2026-01-26T01:19:26","slug":"geologia","status":"publish","type":"page","link":"https:\/\/igc.usp.br\/graduacao\/geologia\/","title":{"rendered":"Bacharelado em Geologia"},"content":{"rendered":"\n<figure class=\"wp-block-embed is-type-video is-provider-youtube wp-block-embed-youtube wp-embed-aspect-16-9 wp-has-aspect-ratio\"><div class=\"wp-block-embed__wrapper\">\n<div class=\"video-container\"><iframe title=\"GEOLOGIA   S\u00c3O PAULO   IGC\" width=\"500\" height=\"281\" src=\"https:\/\/www.youtube.com\/embed\/lKmkSNn5nC0?feature=oembed&#038;wmode=opaque\" frameborder=\"0\" allow=\"accelerometer; autoplay; clipboard-write; encrypted-media; gyroscope; picture-in-picture; web-share\" referrerpolicy=\"strict-origin-when-cross-origin\" allowfullscreen><\/iframe><\/div>\n<\/div><\/figure>\n\n\n\n<p><\/p>\n\n\n\n<p>O curso de Geologia do Instituto de Geoci\u00eancias tem como objetivo formar profissionais com ampla compreens\u00e3o do planeta Terra, de sua hist\u00f3ria e dos processos que atuam em sua din\u00e2mica superficial e interna, como eros\u00e3o, sedimenta\u00e7\u00e3o, tect\u00f4nica global, magmatismo e metamorfismo.<\/p>\n\n\n\n<p>Ao longo do curso, o estudante desenvolve o racioc\u00ednio geol\u00f3gico no tempo e no espa\u00e7o, integrando conhecimentos te\u00f3ricos e pr\u00e1ticos em \u00e1reas como mineralogia, petrologia, sedimentologia, estratigrafia, geologia estrutural, geoqu\u00edmica, paleontologia, geof\u00edsica, geotecnologias, geologia ambiental, hidrogeologia e geologia de engenharia. A forma\u00e7\u00e3o contempla ainda temas atuais, como sustentabilidade, mudan\u00e7as clim\u00e1ticas, gest\u00e3o de recursos naturais, ci\u00eancia de dados e aplica\u00e7\u00f5es de intelig\u00eancia artificial em Geoci\u00eancias.<\/p>\n\n\n\n<p>O curso \u00e9 oferecido em per\u00edodo integral, com dura\u00e7\u00e3o ideal de cinco anos, e combina aulas te\u00f3ricas, atividades pr\u00e1ticas em laborat\u00f3rio e aulas de campo realizadas desde o primeiro ano da gradua\u00e7\u00e3o em diferentes regi\u00f5es do pa\u00eds.<\/p>\n\n\n\n<h3 class=\"wp-block-heading\">Ingresso no mercado profissional<\/h3>\n\n\n\n<p>O ge\u00f3logo formado pelo Instituto de Geoci\u00eancias da USP est\u00e1 apto a atuar em um amplo espectro de \u00e1reas, com registro profissional no Conselho Regional de Engenharia e Agronomia (CREA). Entre os principais campos de atua\u00e7\u00e3o est\u00e3o a minera\u00e7\u00e3o, a ind\u00fastria do petr\u00f3leo e g\u00e1s, a geotecnia, a hidrogeologia, a geologia ambiental, a investiga\u00e7\u00e3o e remedia\u00e7\u00e3o de \u00e1reas contaminadas, o planejamento urbano e a gest\u00e3o de recursos naturais.<\/p>\n\n\n\n<p>O egresso tamb\u00e9m encontra oportunidades em \u00f3rg\u00e3os p\u00fablicos, empresas de consultoria, institui\u00e7\u00f5es de pesquisa e ensino superior, al\u00e9m de atuar em \u00e1reas emergentes relacionadas \u00e0 sustentabilidade, mudan\u00e7as clim\u00e1ticas, transi\u00e7\u00e3o energ\u00e9tica e inova\u00e7\u00e3o tecnol\u00f3gica em Geoci\u00eancias.<\/p>\n\n\n\n<h3 class=\"wp-block-heading\">Estrutura Curricular<\/h3>\n\n\n\n<p><a href=\"https:\/\/uspdigital.usp.br\/jupiterweb\/listarGradeCurricular?codcg=44&amp;codcur=44011&amp;codhab=100&amp;tipo=N\">Clique aqui<\/a><\/p>\n\n\n\n<h3 class=\"wp-block-heading\">Projeto Pedag\u00f3gico<\/h3>\n\n\n\n<div class=\"wp-block-file\"><a id=\"wp-block-file--media-62908d5a-e4be-4bde-8653-873dcb096348\" href=\"https:\/\/igc.usp.br\/graduacao\/wp-content\/uploads\/sites\/9\/2024\/07\/PPP_Geologia.pdf\">PPP_Geologia<\/a><a href=\"https:\/\/igc.usp.br\/graduacao\/wp-content\/uploads\/sites\/9\/2024\/07\/PPP_Geologia.pdf\" class=\"wp-block-file__button wp-element-button\" download aria-describedby=\"wp-block-file--media-62908d5a-e4be-4bde-8653-873dcb096348\">Baixar<\/a><\/div>\n","protected":false},"excerpt":{"rendered":"<p>O curso de Geologia do Instituto de Geoci\u00eancias tem como objetivo formar profissionais com ampla compreens\u00e3o do planeta Terra, de&#46;&#46;&#46;<\/p>\n","protected":false},"author":1,"featured_media":0,"parent":0,"menu_order":0,"comment_status":"closed","ping_status":"closed","template":"","meta":{"_acf_changed":false,"om_disable_all_campaigns":false,"_monsterinsights_skip_tracking":false,"_monsterinsights_sitenote_active":false,"_monsterinsights_sitenote_note":"","_monsterinsights_sitenote_category":0,"_uf_show_specific_survey":0,"_uf_disable_surveys":false,"footnotes":"","_links_to":"","_links_to_target":""},"class_list":["post-30","page","type-page","status-publish","hentry"],"acf":[],"aioseo_notices":[],"publishpress_future_action":{"enabled":false,"date":"2026-04-11 18:43:16","action":"change-status","newStatus":"draft","terms":[],"taxonomy":"language","extraData":[]},"publishpress_future_workflow_manual_trigger":{"enabledWorkflows":[]},"_links":{"self":[{"href":"https:\/\/igc.usp.br\/graduacao\/wp-json\/wp\/v2\/pages\/30","targetHints":{"allow":["GET"]}}],"collection":[{"href":"https:\/\/igc.usp.br\/graduacao\/wp-json\/wp\/v2\/pages"}],"about":[{"href":"https:\/\/igc.usp.br\/graduacao\/wp-json\/wp\/v2\/types\/page"}],"author":[{"embeddable":true,"href":"https:\/\/igc.usp.br\/graduacao\/wp-json\/wp\/v2\/users\/1"}],"replies":[{"embeddable":true,"href":"https:\/\/igc.usp.br\/graduacao\/wp-json\/wp\/v2\/comments?post=30"}],"version-history":[{"count":9,"href":"https:\/\/igc.usp.br\/graduacao\/wp-json\/wp\/v2\/pages\/30\/revisions"}],"predecessor-version":[{"id":1428,"href":"https:\/\/igc.usp.br\/graduacao\/wp-json\/wp\/v2\/pages\/30\/revisions\/1428"}],"wp:attachment":[{"href":"https:\/\/igc.usp.br\/graduacao\/wp-json\/wp\/v2\/media?parent=30"}],"curies":[{"name":"wp","href":"https:\/\/api.w.org\/{rel}","templated":true}]}}