{"id":22,"date":"2019-02-21T11:08:16","date_gmt":"2019-02-21T14:08:16","guid":{"rendered":"http:\/\/sites.igc.usp.br\/graduacao\/?page_id=22"},"modified":"2026-02-23T19:16:19","modified_gmt":"2026-02-23T22:16:19","slug":"servico","status":"publish","type":"page","link":"https:\/\/igc.usp.br\/graduacao\/servico\/","title":{"rendered":"Servi\u00e7o de Gradua\u00e7\u00e3o"},"content":{"rendered":"\n<h2 class=\"wp-block-heading\" id=\"equipe\">Equipe<\/h2>\n\n\n\n<p>Bianca<br>L\u00edvia<\/p>\n\n\n\n<h2 class=\"wp-block-heading\">Contato<\/h2>\n\n\n\n<p>Telefones: (11) 3091-3972 | (11) 3091-4141<br>E-mails: <a>graduacao2igc@usp.br<\/a> | <a>graduacao3igc@usp.br<\/a><\/p>\n\n\n\n<h2 class=\"wp-block-heading\" id=\"horario-de-funcionamento\">Hor\u00e1rio de Funcionamento (dias \u00fateis)<\/h2>\n\n\n\n<p>De ter\u00e7a a quinta-feira, das 9h \u00e0s 12h e das 14h \u00e0s 18h. <br>De segunda e sexta-feira, das 11h \u00e0s 12h e das 14h \u00e0s 20h.<br><br><strong>Per\u00edodo de f\u00e9rias <\/strong><br>De segunda a sexta-feira, das 9h \u00e0s 12h e das 14h \u00e0s 18h.<\/p>\n\n\n\n<h2 class=\"wp-block-heading\" id=\"assistente-academico\">Assistente Acad\u00eamico<\/h2>\n\n\n\n<p>Nanci Iurico Assakura<br>11 3091 3974<br>atacigc@usp.br<\/p>\n\n\n\n<p><\/p>\n","protected":false},"excerpt":{"rendered":"<p>Equipe BiancaL\u00edvia Contato Telefones: (11) 3091-3972 | (11) 3091-4141E-mails: graduacao2igc@usp.br | graduacao3igc@usp.br Hor\u00e1rio de Funcionamento (dias \u00fateis) De ter\u00e7a a&#46;&#46;&#46;<\/p>\n","protected":false},"author":1,"featured_media":0,"parent":0,"menu_order":0,"comment_status":"closed","ping_status":"closed","template":"","meta":{"_acf_changed":false,"om_disable_all_campaigns":false,"_monsterinsights_skip_tracking":false,"_monsterinsights_sitenote_active":false,"_monsterinsights_sitenote_note":"","_monsterinsights_sitenote_category":0,"_uf_show_specific_survey":0,"_uf_disable_surveys":false,"footnotes":"","_links_to":"","_links_to_target":""},"class_list":["post-22","page","type-page","status-publish","hentry"],"acf":[],"aioseo_notices":[],"publishpress_future_action":{"enabled":false,"date":"2026-04-11 18:38:20","action":"change-status","newStatus":"draft","terms":[],"taxonomy":"language","extraData":[]},"publishpress_future_workflow_manual_trigger":{"enabledWorkflows":[]},"_links":{"self":[{"href":"https:\/\/igc.usp.br\/graduacao\/wp-json\/wp\/v2\/pages\/22","targetHints":{"allow":["GET"]}}],"collection":[{"href":"https:\/\/igc.usp.br\/graduacao\/wp-json\/wp\/v2\/pages"}],"about":[{"href":"https:\/\/igc.usp.br\/graduacao\/wp-json\/wp\/v2\/types\/page"}],"author":[{"embeddable":true,"href":"https:\/\/igc.usp.br\/graduacao\/wp-json\/wp\/v2\/users\/1"}],"replies":[{"embeddable":true,"href":"https:\/\/igc.usp.br\/graduacao\/wp-json\/wp\/v2\/comments?post=22"}],"version-history":[{"count":30,"href":"https:\/\/igc.usp.br\/graduacao\/wp-json\/wp\/v2\/pages\/22\/revisions"}],"predecessor-version":[{"id":1488,"href":"https:\/\/igc.usp.br\/graduacao\/wp-json\/wp\/v2\/pages\/22\/revisions\/1488"}],"wp:attachment":[{"href":"https:\/\/igc.usp.br\/graduacao\/wp-json\/wp\/v2\/media?parent=22"}],"curies":[{"name":"wp","href":"https:\/\/api.w.org\/{rel}","templated":true}]}}