{"id":1310,"date":"2026-01-21T16:03:39","date_gmt":"2026-01-21T19:03:39","guid":{"rendered":"https:\/\/igc.usp.br\/graduacao\/?page_id=1310"},"modified":"2026-01-24T18:55:45","modified_gmt":"2026-01-24T21:55:45","slug":"estagios","status":"publish","type":"page","link":"https:\/\/igc.usp.br\/graduacao\/estagios\/","title":{"rendered":"Est\u00e1gios"},"content":{"rendered":"\n<p class=\"wp-block-file\"><a href=\"https:\/\/leginf.usp.br\/?resolucao=consolidada-resolucao-no-5528-de-18-de-marco-de-2009\" target=\"_blank\" rel=\"noopener\" title=\"RESOLU\u00c7\u00c3O N\u00ba 5528\"><\/a><\/p>\n\n\n\n<p class=\"wp-block-file\"><a href=\"https:\/\/leginf.usp.br\/?resolucao=consolidada-resolucao-no-5528-de-18-de-marco-de-2009\" target=\"_blank\" rel=\"noopener\" title=\"RESOLU\u00c7\u00c3O N\u00ba 5528\"><\/a><br><\/p>\n\n\n\n<p><\/p>\n\n\n\n<p>O est\u00e1gio \u00e9 uma atividade acad\u00eamica que visa complementar a forma\u00e7\u00e3o do estudante por meio da viv\u00eancia pr\u00e1tica em ambientes profissionais, em conformidade com o projeto pedag\u00f3gico do curso, a legisla\u00e7\u00e3o federal e as normas da Universidade de S\u00e3o Paulo.<\/p>\n\n\n\n<h3 class=\"wp-block-heading\">Est\u00e1gio no curso de Bacharelado em Geologia<\/h3>\n\n\n\n<p>No curso de Bacharelado em Geologia, o est\u00e1gio \u00e9 obrigat\u00f3rio e est\u00e1 vinculado \u00e0 disciplina <a href=\"https:\/\/uspdigital.usp.br\/jupiterweb\/obterDisciplina?nomdis=&amp;sgldis=0440335\" target=\"_blank\" rel=\"noopener\" title=\"\"><strong>0440335<\/strong> <strong>Est\u00e1gio Supervisionado em Geoci\u00eancias<\/strong><\/a>, que exige o cumprimento de <strong>no m\u00ednimo 120 horas<\/strong> de atividades em ambientes profissionais relacionados \u00e0 \u00e1rea das Geoci\u00eancias.<\/p>\n\n\n\n<p>O aluno n\u00e3o precisa se matricular na disciplina para realizar o est\u00e1gio. As horas cumpridas ser\u00e3o registradas no sistema J\u00fapiterWeb ap\u00f3s a finaliza\u00e7\u00e3o do est\u00e1gio e a disciplina constar\u00e1 como cumprida no hist\u00f3rico escolar, sem atribui\u00e7\u00e3o de nota ou frequ\u00eancia. A valida\u00e7\u00e3o das horas de est\u00e1gio s\u00f3 poder\u00e1 ser solicitada ap\u00f3s o aluno ter cursado <strong>mais de 35% dos cr\u00e9ditos das disciplinas obrigat\u00f3rias<\/strong> do curso.<\/p>\n\n\n\n<p>A avalia\u00e7\u00e3o do est\u00e1gio \u00e9 realizada com base na comprova\u00e7\u00e3o da carga hor\u00e1ria m\u00ednima exigida e na aprova\u00e7\u00e3o do relat\u00f3rio parcial ou final, conforme modelo estabelecido pelo Instituto de Geoci\u00eancias.<\/p>\n\n\n\n<h3 class=\"wp-block-heading\" id=\"curso-de-geologia\">Est\u00e1gio no curso de Licenciatura em Geoci\u00eancias e Educa\u00e7\u00e3o Ambiental<\/h3>\n\n\n\n<p>No curso de Licenciatura em Geoci\u00eancias e Educa\u00e7\u00e3o Ambiental, o est\u00e1gio curricular \u00e9 n\u00e3o obrigat\u00f3rio, n\u00e3o sendo requisito para a conclus\u00e3o do curso.<\/p>\n\n\n\n<p>O est\u00e1gio pode ser realizado com o objetivo de complementar a forma\u00e7\u00e3o acad\u00eamica do estudante, proporcionando experi\u00eancias pr\u00e1ticas em contextos educativos formais e n\u00e3o formais, como escolas, museus, centros de ci\u00eancia, parques, unidades de conserva\u00e7\u00e3o, projetos de educa\u00e7\u00e3o ambiental, entre outros.<\/p>\n\n\n\n<div class=\"wp-block-file\"><a id=\"wp-block-file--media-a581a3b9-dd9a-4b10-b703-0fd66dda5c8f\" href=\"http:\/\/sites.igc.usp.br\/wp-content\/uploads\/2018\/10\/Normas_de_Estagio_LiGEA.pdf\">Normas de Est\u00e1gio Curricular para o Curso de Licenciatura em Geoci\u00eancias e Educa\u00e7\u00e3o Ambiental<\/a><a href=\"http:\/\/sites.igc.usp.br\/wp-content\/uploads\/2018\/10\/Normas_de_Estagio_LiGEA.pdf\" class=\"wp-block-file__button wp-element-button\" download aria-describedby=\"wp-block-file--media-a581a3b9-dd9a-4b10-b703-0fd66dda5c8f\">Baixar<\/a><\/div>\n\n\n\n<h3 class=\"wp-block-heading\">Regras gerais para realiza\u00e7\u00e3o de est\u00e1gio<\/h3>\n\n\n\n<ul class=\"wp-block-list\">\n<li>O est\u00e1gio deve ser compat\u00edvel com as atividades acad\u00eamicas do aluno;<\/li>\n\n\n\n<li>A carga hor\u00e1ria dispon\u00edvel para est\u00e1gio \u00e9 calculada a partir da carga hor\u00e1ria das disciplinas em que o aluno estiver matriculado no semestre em curso, de acordo com as <a href=\"https:\/\/igc.usp.br\/graduacao\/wp-content\/uploads\/sites\/9\/2026\/01\/Estagio_normas_numero_maximo_horas.pdf\" target=\"_blank\" rel=\"noopener\" title=\"\">normas da CG<\/a>;<\/li>\n\n\n\n<li>A jornada de est\u00e1gio n\u00e3o pode ultrapassar 6 horas di\u00e1rias e 30 horas semanais;<\/li>\n\n\n\n<li>N\u00e3o pode haver sobreposi\u00e7\u00e3o entre o hor\u00e1rio do est\u00e1gio e as aulas;<\/li>\n\n\n\n<li>O est\u00e1gio deve ocorrer dentro do hor\u00e1rio de funcionamento da institui\u00e7\u00e3o concedente;<\/li>\n\n\n\n<li>A dura\u00e7\u00e3o do est\u00e1gio, em uma mesma institui\u00e7\u00e3o, \u00e9 de at\u00e9 1 ano, com possibilidade de prorroga\u00e7\u00e3o, respeitando o limite m\u00e1ximo de 2 anos;<\/li>\n\n\n\n<li>O aluno deve possuir matr\u00edcula e frequ\u00eancia regulares no curso.<\/li>\n<\/ul>\n\n\n\n<p>Essas regras est\u00e3o em conformidade com a <strong><a href=\"https:\/\/www.planalto.gov.br\/ccivil_03\/_ato2007-2010\/2008\/lei\/l11788.htm\" target=\"_blank\" rel=\"noopener\" title=\"\">Lei Federal n\u00ba 11.788\/2008<\/a><\/strong> e com a <strong><a href=\"https:\/\/leginf.usp.br\/?resolucao=consolidada-resolucao-no-5528-de-18-de-marco-de-2009\" target=\"_blank\" rel=\"noopener\" title=\"\">Resolu\u00e7\u00e3o USP n\u00ba 5528\/2009<\/a><\/strong>, e suas altera\u00e7\u00f5es.<\/p>\n\n\n\n<h3 class=\"wp-block-heading\">Procedimentos para formaliza\u00e7\u00e3o do est\u00e1gio<\/h3>\n\n\n\n<p>Para formalizar o est\u00e1gio, o aluno dever\u00e1 encaminhar para o e-mail <strong><a>estagioigc@usp.br<\/a><\/strong> os seguintes documentos:<\/p>\n\n\n\n<ul class=\"wp-block-list\">\n<li><strong>Termo de Compromisso de Est\u00e1gio<\/strong>;<\/li>\n\n\n\n<li><strong>Plano de Est\u00e1gio<\/strong>.<\/li>\n<\/ul>\n\n\n\n<p>Os documentos devem estar devidamente assinados pelo aluno e pelo supervisor do est\u00e1gio na empresa ou institui\u00e7\u00e3o concedente.<\/p>\n\n\n\n<p><strong>Aten\u00e7\u00e3o<\/strong>: antes de enviar, verifique se a carga hor\u00e1ria semanal proposta \u00e9 compat\u00edvel com o hor\u00e1rio do semestre vigente, se est\u00e1 de acordo com as normas do IGc e se a vig\u00eancia do Termo de Compromisso est\u00e1 dentro do prazo previsto para conclus\u00e3o do curso.<\/p>\n\n\n\n<div class=\"wp-block-file\"><a id=\"wp-block-file--media-13abe45a-7865-46f7-ad87-2826b6672992\" href=\"https:\/\/igc.usp.br\/graduacao\/wp-content\/uploads\/sites\/9\/2026\/01\/Estagio_normas_numero_maximo_horas.pdf\">Estagio_normas_numero_maximo_horas<\/a><a href=\"https:\/\/igc.usp.br\/graduacao\/wp-content\/uploads\/sites\/9\/2026\/01\/Estagio_normas_numero_maximo_horas.pdf\" class=\"wp-block-file__button wp-element-button\" download aria-describedby=\"wp-block-file--media-13abe45a-7865-46f7-ad87-2826b6672992\">Baixar<\/a><\/div>\n\n\n\n<div style=\"width: 100%; display: block; clear: both; margin: 0 auto;\">\n    <iframe id=\"frame-estagio\" style=\"width: 100%; border: none; overflow: hidden;\" scrolling=\"no\"><\/iframe>\n<\/div>\n\n<script>\n(function() {\n    \/\/ C\u00f3digo HTML\/React protegido. \n    \/\/ NOTA: As crases (`) e cifr\u00f5es ($) do React foram escapados com barra invertida (\\) para n\u00e3o quebrar a inje\u00e7\u00e3o.\n    const appContent = `\n    <!DOCTYPE html>\n    <html lang=\"pt-br\">\n    <head>\n        <meta charset=\"UTF-8\">\n        <meta name=\"viewport\" content=\"width=device-width, initial-scale=1.0\">\n        <title>Fluxo de Tramita\u00e7\u00e3o<\/title>\n        <script src=\"https:\/\/cdn.tailwindcss.com\"><\\\/script>\n        <script src=\"https:\/\/unpkg.com\/react@18\/umd\/react.production.min.js\"><\\\/script>\n        <script src=\"https:\/\/unpkg.com\/react-dom@18\/umd\/react-dom.production.min.js\"><\\\/script>\n        <script src=\"https:\/\/unpkg.com\/@babel\/standalone\/babel.min.js\"><\\\/script>\n        <script src=\"https:\/\/unpkg.com\/lucide@latest\"><\\\/script>\n        <style>\n            body { background-color: transparent; font-family: sans-serif; margin: 0; padding: 0; }\n            .force-white { color: #ffffff !important; }\n            .force-bold { font-weight: 900 !important; }\n            .lucide { width: 24px; height: 24px; }\n            #root { display: flex; justify-content: center; }\n        <\/style>\n    <\/head>\n    <body>\n        <div id=\"root\"><\/div>\n\n        <script type=\"text\/babel\">\n            const { useState, useEffect } = React;\n\n            const Icon = ({ name, className }) => {\n                useEffect(() => {\n                    if (window.lucide) {\n                        window.lucide.createIcons();\n                    }\n                }, [name]);\n                return <i data-lucide={name} className={className}><\/i>;\n            };\n\n            const App = () => {\n                const [activeStep, setActiveStep] = useState(0);\n\n                \/\/ Adiciona um listener para redimensionar o iframe sempre que o passo mudar\n                useEffect(() => {\n                    if(window.frameElement) {\n                        \/\/ Pequeno delay para garantir que o React renderizou\n                        setTimeout(() => {\n                            window.frameElement.style.height = document.body.scrollHeight + 'px';\n                        }, 100);\n                    }\n                }, [activeStep]);\n\n                const steps = [\n                    {\n                        title: \"Envio\",\n                        fullTitle: \"1. Envio da documenta\u00e7\u00e3o\",\n                        description: \"O aluno envia o Termo de Compromisso e o Plano de Est\u00e1gio para o e-mail estagioigc@usp.br\",\n                        icon: \"send\"\n                    },\n                    {\n                        title: \"An\u00e1lise\",\n                        fullTitle: \"2. An\u00e1lise pela Comiss\u00e3o de Gradua\u00e7\u00e3o\",\n                        description: \"A documenta\u00e7\u00e3o \u00e9 analisada por um relator indicado pela Comiss\u00e3o de Gradua\u00e7\u00e3o.\",\n                        icon: \"clipboard-list\"\n                    },\n                    {\n                        title: \"Resultado\",\n                        fullTitle: \"3. Resultado da an\u00e1lise\",\n                        description: \"Se deferido: os documentos assinados s\u00e3o enviados ao aluno por e-mail.\\\\nSe indeferido: o aluno \u00e9 notificado por e-mail sobre os ajustes necess\u00e1rios.\",\n                        icon: \"mail-check\"\n                    },\n                    {\n                        title: \"Est\u00e1gio\",\n                        fullTitle: \"4. Realiza\u00e7\u00e3o do est\u00e1gio\",\n                        description: \"Com a documenta\u00e7\u00e3o aprovada, o aluno realiza o est\u00e1gio seguindo o plano de est\u00e1gio que foi homologado.\",\n                        icon: \"briefcase\"\n                    },\n                    {\n                        title: \"Relat\u00f3rios\",\n                        fullTitle: \"5. Relat\u00f3rios e renova\u00e7\u00e3o\",\n                        description: \"Ao final de cada semestre, o aluno deve enviar o relat\u00f3rio parcial ou final. Pedidos de renova\u00e7\u00e3o s\u00f3 s\u00e3o analisados ap\u00f3s a entrega do relat\u00f3rio do per\u00edodo anterior.\",\n                        icon: \"file-clock\"\n                    }\n                ];\n\n                const nextStep = () => setActiveStep((prev) => Math.min(prev + 1, steps.length - 1));\n                const prevStep = () => setActiveStep((prev) => Math.max(prev - 1, 0));\n\n                return (\n                    <div className=\"py-8 px-4 font-sans text-slate-900 w-full\">\n                        <div className=\"max-w-4xl mx-auto\">\n                            <header className=\"text-center mb-12\">\n                                <h1 className=\"text-3xl font-black text-slate-900 sm:text-4xl tracking-tight uppercase border-b-4 border-[#004437] inline-block pb-2\">\n                                    Fluxo de Tramita\u00e7\u00e3o\n                                <\/h1>\n                            <\/header>\n\n                            {\/* Stepper Progressivo *\/}\n                            <div className=\"relative mb-12 px-2\">\n                                <div className=\"absolute top-1\/2 left-0 w-full h-0.5 bg-gray-200 -translate-y-1\/2 hidden md:block\"><\/div>\n                                <div \n                                    className=\"absolute top-1\/2 left-0 h-0.5 bg-[#004437] -translate-y-1\/2 transition-all duration-500 ease-in-out hidden md:block\"\n                                    style={{ width: \\`\\${(activeStep \/ (steps.length - 1)) * 100}%\\` }}\n                                ><\/div>\n\n                                <div className=\"relative flex justify-between items-center w-full\">\n                                    {steps.map((step, index) => (\n                                        <div key={index} className=\"flex flex-col items-center\">\n                                            <button\n                                                onClick={() => setActiveStep(index)}\n                                                className={\\`z-10 flex items-center justify-center w-12 h-12 md:w-16 md:h-16 rounded-full border-2 transition-all duration-300 \\${\n                                                    index <= activeStep \n                                                    ? 'bg-[#004437] border-[#004437] text-white shadow-md' \n                                                    : 'bg-white border-gray-200 text-gray-300'\n                                                } \\${index === activeStep ? 'scale-110 ring-4 ring-[#004437]\/10' : ''}\\`}\n                                            >\n                                                {index < activeStep ? \n                                                    <Icon name=\"check-circle-2\" className=\"w-6 h-6\" \/> : \n                                                    <Icon name={step.icon} className=\"w-6 h-6\" \/>\n                                                }\n                                            <\/button>\n                                            <span className={\\`hidden md:block mt-4 text-[10px] font-black uppercase tracking-[0.15em] \\${\n                                                index <= activeStep ? 'text-[#004437]' : 'text-gray-400'\n                                            }\\`}>\n                                                {step.title}\n                                            <\/span>\n                                        <\/div>\n                                    ))}\n                                <\/div>\n                            <\/div>\n\n                            {\/* Card Principal *\/}\n                            <div className=\"bg-[#004437] rounded-lg shadow-2xl overflow-hidden transition-all duration-300 border-b-8 border-[#002a22]\">\n                                <div className=\"p-8 md:p-14\">\n                                    <div className=\"mb-6\">\n                                        <span className=\"inline-block px-3 py-1 bg-white\/10 rounded text-[10px] font-bold uppercase tracking-widest border border-white\/20 mb-4 force-white\">\n                                            Etapa {activeStep + 1}\n                                        <\/span>\n                                        <h2 className=\"text-2xl md:text-3xl font-black mb-6 leading-tight border-l-4 border-white\/30 pl-4 text-white force-white force-bold\">\n                                            {steps[activeStep].fullTitle}\n                                        <\/h2>\n                                    <\/div>\n\n                                    <div className=\"min-h-[100px] flex items-center\">\n                                        <p className=\"text-lg md:text-xl leading-relaxed text-emerald-50 font-light whitespace-pre-line force-white\">\n                                            {steps[activeStep].description}\n                                        <\/p>\n                                    <\/div>\n\n                                    <div className=\"flex items-center justify-between mt-12 pt-8 border-t border-white\/10\">\n                                        <button \n                                            onClick={prevStep}\n                                            disabled={activeStep === 0}\n                                            className={\\`flex items-center space-x-2 px-6 py-2 rounded font-bold transition-all \\${\n                                                activeStep === 0 ? 'opacity-20 cursor-not-allowed' : 'hover:bg-white\/10 text-white'\n                                            }\\`}\n                                        >\n                                            <Icon name=\"chevron-left\" className=\"w-5 h-5 text-white force-white\" \/>\n                                            <span className=\"text-sm uppercase tracking-wider text-white force-white\">Anterior<\/span>\n                                        <\/button>\n\n                                        <div className=\"flex space-x-2 md:hidden\">\n                                            {steps.map((_, i) => (\n                                                <div key={i} className={\\`h-1 rounded-full transition-all \\${i === activeStep ? 'w-6 bg-white' : 'w-1.5 bg-white\/30'}\\`} \/>\n                                            ))}\n                                        <\/div>\n\n                                        <button \n                                            onClick={nextStep}\n                                            disabled={activeStep === steps.length - 1}\n                                            className={\\`flex items-center space-x-2 px-8 py-2 rounded font-bold transition-all \\${\n                                                activeStep === steps.length - 1 \n                                                ? 'opacity-20 cursor-not-allowed text-white force-white' \n                                                : 'bg-white text-[#004437] hover:bg-gray-100 shadow-lg'\n                                            }\\`}\n                                        >\n                                            <span className=\"text-sm uppercase tracking-wider\">{activeStep === steps.length - 1 ? 'Finalizado' : 'Pr\u00f3ximo'}<\/span>\n                                            <Icon name=\"chevron-right\" className=\"w-5 h-5\" \/>\n                                        <\/button>\n                                    <\/div>\n                                <\/div>\n                            <\/div>\n                        <\/div>\n                    <\/div>\n                );\n            };\n\n            const root = ReactDOM.createRoot(document.getElementById('root'));\n            root.render(<App \/>);\n        <\\\/script>\n    <\/body>\n    <\/html>\n    `;\n\n    \/\/ Inje\u00e7\u00e3o do c\u00f3digo no iframe\n    const iframe = document.getElementById('frame-estagio');\n    const doc = iframe.contentWindow.document;\n    doc.open();\n    doc.write(appContent);\n    doc.close();\n\n    \/\/ Ajuste de altura inicial\n    iframe.onload = function() {\n        const height = iframe.contentWindow.document.body.scrollHeight;\n        iframe.style.height = (height + 20) + 'px';\n    };\n})();\n<\/script>\n\n\n\n<h3 class=\"wp-block-heading\" id=\"modelos-de-documentos-envolvendo-o-estagio-curso-de-geologia-e-licenciatura-em-educacao-ambiental\">Modelos de documentos <\/h3>\n\n\n\n<div class=\"wp-block-file\"><a id=\"wp-block-file--media-a76d0836-d6fa-4034-bceb-b4b9f9501abf\" href=\"https:\/\/igc.usp.br\/wp-content\/uploads\/2024\/10\/modelo-de-termo-de-compromisso.docx\">Termo-de-Compromisso-de-Estagio<\/a><a href=\"https:\/\/igc.usp.br\/wp-content\/uploads\/2024\/10\/modelo-de-termo-de-compromisso.docx\" class=\"wp-block-file__button wp-element-button\" download aria-describedby=\"wp-block-file--media-a76d0836-d6fa-4034-bceb-b4b9f9501abf\">Baixar<\/a><\/div>\n\n\n\n<div class=\"wp-block-file\"><a id=\"wp-block-file--media-1c5bcd5a-033e-4e67-8a57-0b8c601811f4\" href=\"http:\/\/sites.igc.usp.br\/wp-content\/uploads\/2018\/10\/Termo_Aditivo-_alteracao_da_carga_horaria.pdf\">Termo Aditivo ao Compromisso de Est\u00e1gio<\/a><a href=\"http:\/\/sites.igc.usp.br\/wp-content\/uploads\/2018\/10\/Termo_Aditivo-_alteracao_da_carga_horaria.pdf\" class=\"wp-block-file__button wp-element-button\" download aria-describedby=\"wp-block-file--media-1c5bcd5a-033e-4e67-8a57-0b8c601811f4\">Baixar<\/a><\/div>\n\n\n\n<div class=\"wp-block-file\"><a id=\"wp-block-file--media-af249c0f-4fec-435c-ad23-58961634cc0c\" href=\"https:\/\/igc.usp.br\/wp-content\/uploads\/2024\/10\/Modelo-Rescisao_de_Estagio_2024.docx\">Modelo Rescisao_de_Estagio<\/a><a href=\"https:\/\/igc.usp.br\/wp-content\/uploads\/2024\/10\/Modelo-Rescisao_de_Estagio_2024.docx\" class=\"wp-block-file__button wp-element-button\" download aria-describedby=\"wp-block-file--media-af249c0f-4fec-435c-ad23-58961634cc0c\">Baixar<\/a><\/div>\n\n\n\n<div class=\"wp-block-file\"><a id=\"wp-block-file--media-9ab543c1-025d-43cc-83c0-7671fe255ac6\" href=\"https:\/\/igc.usp.br\/graduacao\/wp-content\/uploads\/sites\/9\/2026\/01\/Plano-de-Estagio.docx\">Plano de Est\u00e1gio<\/a><a href=\"https:\/\/igc.usp.br\/graduacao\/wp-content\/uploads\/sites\/9\/2026\/01\/Plano-de-Estagio.docx\" class=\"wp-block-file__button wp-element-button\" download aria-describedby=\"wp-block-file--media-9ab543c1-025d-43cc-83c0-7671fe255ac6\">Baixar<\/a><\/div>\n\n\n\n<div class=\"wp-block-file\"><a id=\"wp-block-file--media-82c52d7f-b350-4e94-82b5-8bc560700f28\" href=\"http:\/\/sites.igc.usp.br\/wp-content\/uploads\/2018\/10\/Relatorio_de_Estagio.pdf\">Relat\u00f3rio Final de Atividades<\/a><a href=\"http:\/\/sites.igc.usp.br\/wp-content\/uploads\/2018\/10\/Relatorio_de_Estagio.pdf\" class=\"wp-block-file__button wp-element-button\" download aria-describedby=\"wp-block-file--media-82c52d7f-b350-4e94-82b5-8bc560700f28\">Baixar<\/a><\/div>\n\n\n\n<div class=\"wp-block-file\"><a id=\"wp-block-file--media-991a6777-1729-4e65-85dd-0ef0fe5177c0\" href=\"http:\/\/sites.igc.usp.br\/wp-content\/uploads\/2018\/10\/CAPA_DE_RELATORIO_.pdf\">Capa de Relat\u00f3rio<\/a><a href=\"http:\/\/sites.igc.usp.br\/wp-content\/uploads\/2018\/10\/CAPA_DE_RELATORIO_.pdf\" class=\"wp-block-file__button wp-element-button\" download aria-describedby=\"wp-block-file--media-991a6777-1729-4e65-85dd-0ef0fe5177c0\">Baixar<\/a><\/div>\n\n\n\n<h3 class=\"wp-block-heading\" id=\"legislacao-sobre-estagios\"><\/h3>\n\n\n\n<h4 class=\"wp-block-heading\" id=\"contato-com-o-setor-de-estagio-do-igc\">Contato com o Setor de Est\u00e1gio do IGc<\/h4>\n\n\n\n<blockquote class=\"wp-block-quote is-layout-flow wp-block-quote-is-layout-flow\">\n<p>Erica Celeste do Nascimento&nbsp;<br>Supervisora do Setor de Est\u00e1gio<br>estagioigc@usp.br<br>11 3091 3987<\/p>\n<\/blockquote>\n\n\n\n<p><\/p>\n","protected":false},"excerpt":{"rendered":"<p>O est\u00e1gio \u00e9 uma atividade acad\u00eamica que visa complementar a forma\u00e7\u00e3o do estudante por meio da viv\u00eancia pr\u00e1tica em ambientes&#46;&#46;&#46;<\/p>\n","protected":false},"author":8,"featured_media":0,"parent":0,"menu_order":0,"comment_status":"closed","ping_status":"closed","template":"","meta":{"_acf_changed":false,"om_disable_all_campaigns":false,"_monsterinsights_skip_tracking":false,"_monsterinsights_sitenote_active":false,"_monsterinsights_sitenote_note":"","_monsterinsights_sitenote_category":0,"_uf_show_specific_survey":0,"_uf_disable_surveys":false,"footnotes":"","_links_to":"","_links_to_target":""},"class_list":["post-1310","page","type-page","status-publish","hentry"],"acf":[],"aioseo_notices":[],"publishpress_future_action":{"enabled":false,"date":"2026-05-16 00:19:24","action":"change-status","newStatus":"draft","terms":[],"taxonomy":"language","extraData":[]},"publishpress_future_workflow_manual_trigger":{"enabledWorkflows":[]},"_links":{"self":[{"href":"https:\/\/igc.usp.br\/graduacao\/wp-json\/wp\/v2\/pages\/1310","targetHints":{"allow":["GET"]}}],"collection":[{"href":"https:\/\/igc.usp.br\/graduacao\/wp-json\/wp\/v2\/pages"}],"about":[{"href":"https:\/\/igc.usp.br\/graduacao\/wp-json\/wp\/v2\/types\/page"}],"author":[{"embeddable":true,"href":"https:\/\/igc.usp.br\/graduacao\/wp-json\/wp\/v2\/users\/8"}],"replies":[{"embeddable":true,"href":"https:\/\/igc.usp.br\/graduacao\/wp-json\/wp\/v2\/comments?post=1310"}],"version-history":[{"count":60,"href":"https:\/\/igc.usp.br\/graduacao\/wp-json\/wp\/v2\/pages\/1310\/revisions"}],"predecessor-version":[{"id":1402,"href":"https:\/\/igc.usp.br\/graduacao\/wp-json\/wp\/v2\/pages\/1310\/revisions\/1402"}],"wp:attachment":[{"href":"https:\/\/igc.usp.br\/graduacao\/wp-json\/wp\/v2\/media?parent=1310"}],"curies":[{"name":"wp","href":"https:\/\/api.w.org\/{rel}","templated":true}]}}