{"id":112,"date":"2019-02-27T11:04:53","date_gmt":"2019-02-27T14:04:53","guid":{"rendered":"http:\/\/sites.igc.usp.br\/graduacao\/?page_id=112"},"modified":"2026-01-14T18:44:03","modified_gmt":"2026-01-14T21:44:03","slug":"colacao-de-grau","status":"publish","type":"page","link":"https:\/\/igc.usp.br\/graduacao\/colacao-de-grau\/","title":{"rendered":"Cola\u00e7\u00e3o de Grau"},"content":{"rendered":"\n<p>A cola\u00e7\u00e3o de grau \u00e9 o ato acad\u00eamico que confere oficialmente o t\u00edtulo de gradua\u00e7\u00e3o ao aluno que concluiu integralmente seu curso.<\/p>\n\n\n\n<p>Poder\u00e1 solicitar a cola\u00e7\u00e3o de grau o aluno que tiver cumprido todos os requisitos curriculares previstos em seu curso, incluindo:<\/p>\n\n\n\n<ul class=\"wp-block-list\">\n<li>Todos os cr\u00e9ditos em disciplinas obrigat\u00f3rias e optativas;<\/li>\n\n\n\n<li>A carga hor\u00e1ria obrigat\u00f3ria de atividades de extens\u00e3o;<\/li>\n\n\n\n<li>As Atividades Acad\u00eamico-Cient\u00edfico-Culturais (AACs), no caso do curso de Geologia;<\/li>\n\n\n\n<li>As Atividades Te\u00f3rico-Pr\u00e1ticas de Aprendizagem (ATPAs), no caso do curso de Licenciatura em Geoci\u00eancias e Educa\u00e7\u00e3o Ambiental (LiGEA).<\/li>\n<\/ul>\n\n\n\n<p>Ap\u00f3s a integraliza\u00e7\u00e3o de todos os requisitos, o aluno dever\u00e1 solicitar a cola\u00e7\u00e3o de grau ao Servi\u00e7o de Gradua\u00e7\u00e3o pelo formul\u00e1rio abaixo.<\/p>\n\n\n\n<h3 class=\"wp-block-heading\">Acompanhamento da situa\u00e7\u00e3o no curso<\/h3>\n\n\n\n<p>Para verificar o andamento de sua vida acad\u00eamica e confirmar o cumprimento dos requisitos curriculares, o aluno deve acessar, no sistema J\u00fapiterWeb:<\/p>\n\n\n\n<p>Acompanhamentos \u2192 Evolu\u00e7\u00e3o no curso<\/p>\n\n\n\n<h3 class=\"wp-block-heading\">Confer\u00eancia dos dados pessoais<\/h3>\n\n\n\n<p>Antes do encerramento do programa e da solicita\u00e7\u00e3o da cola\u00e7\u00e3o de grau, o aluno dever\u00e1 conferir seus dados pessoais no sistema J\u00fapiterWeb, pois essas informa\u00e7\u00f5es ser\u00e3o utilizadas para a emiss\u00e3o do certificado de conclus\u00e3o de curso e do diploma. A confer\u00eancia deve ser feita em:<\/p>\n\n\n\n<p>Acompanhamentos \u2192 Dados Pessoais \u2192 Consulta<\/p>\n\n\n\n<p>Verificar:<\/p>\n\n\n\n<ul class=\"wp-block-list\">\n<li>Nome completo;<\/li>\n\n\n\n<li>Data de nascimento;<\/li>\n\n\n\n<li>Todos os dados do RG;<\/li>\n\n\n\n<li>Naturalidade;<\/li>\n\n\n\n<li>Nacionalidade.<\/li>\n<\/ul>\n\n\n\n<p>Caso haja qualquer inconsist\u00eancia, o aluno dever\u00e1 solicitar a corre\u00e7\u00e3o antes do encerramento de seu programa.<\/p>\n\n\n\n<h3 class=\"wp-block-heading\">Importante<\/h3>\n\n\n\n<p>A solicita\u00e7\u00e3o de cola\u00e7\u00e3o de grau somente poder\u00e1 ser atendida ap\u00f3s a confirma\u00e7\u00e3o do cumprimento de todos os requisitos acad\u00eamicos e administrativos. Em caso de d\u00favidas, o aluno deve entrar em contato com o Servi\u00e7o de Gradua\u00e7\u00e3o para esclarecimento.<\/p>\n\n\n\n<!DOCTYPE html>\n<html lang=\"pt-br\">\n<head>\n    <meta charset=\"UTF-8\">\n    <meta name=\"viewport\" content=\"width=device-width, initial-scale=1.0\">\n    <style>\n        :root {\n            --usp-blue: #003d7a;\n            --usp-light-blue: #e6f0fa;\n            --success-green: #28a745;\n            --warning-amber: #fffbeb;\n            --border-color: #d1d5db;\n        }\n\n        .igc-form-container {\n            font-family: -apple-system, BlinkMacSystemFont, \"Segoe UI\", Roboto, Helvetica, Arial, sans-serif;\n            max-width: 600px;\n            margin: 20px auto;\n            background: #ffffff;\n            border-radius: 12px;\n            box-shadow: 0 4px 15px rgba(0,0,0,0.1);\n            overflow: hidden;\n            border: 1px solid var(--border-color);\n            line-height: 1.5;\n        }\n\n        .igc-content {\n            padding: 30px;\n        }\n\n        .section-title {\n            font-size: 1.1rem;\n            font-weight: bold;\n            color: var(--usp-blue);\n            border-bottom: 2px solid var(--usp-light-blue);\n            margin-bottom: 20px;\n            padding-bottom: 5px;\n            display: flex;\n            align-items: center;\n            gap: 8px;\n        }\n\n        .form-group {\n            margin-bottom: 15px;\n        }\n\n        .form-group label {\n            display: block;\n            font-size: 0.9rem;\n            font-weight: 600;\n            margin-bottom: 5px;\n            color: #374151;\n        }\n\n        .form-control {\n            width: 100%;\n            padding: 10px;\n            border: 1px solid var(--border-color);\n            border-radius: 6px;\n            font-size: 1rem;\n            box-sizing: border-box;\n            transition: border-color 0.2s;\n        }\n\n        .form-control:focus {\n            outline: none;\n            border-color: var(--usp-blue);\n            box-shadow: 0 0 0 3px rgba(0, 61, 122, 0.1);\n        }\n\n        .checkbox-group {\n            background-color: var(--usp-light-blue);\n            padding: 15px;\n            border-radius: 8px;\n            margin-bottom: 20px;\n        }\n\n        .checkbox-item {\n            display: flex;\n            align-items: flex-start;\n            gap: 10px;\n            margin-bottom: 12px;\n            cursor: pointer;\n        }\n\n        .checkbox-item:last-child {\n            margin-bottom: 0;\n        }\n\n        .checkbox-item input {\n            margin-top: 4px;\n            width: 16px;\n            height: 16px;\n        }\n\n        .checkbox-item span {\n            font-size: 0.85rem;\n            color: #4b5563;\n        }\n\n        .confirmation-box {\n            background-color: var(--warning-amber);\n            border: 1px solid #fde68a;\n            padding: 15px;\n            border-radius: 8px;\n            margin-bottom: 25px;\n        }\n\n        .btn-submit {\n            width: 100%;\n            background-color: var(--usp-blue);\n            color: white;\n            border: none;\n            padding: 15px;\n            font-size: 1rem;\n            font-weight: bold;\n            border-radius: 8px;\n            cursor: pointer;\n            transition: background 0.3s, transform 0.1s;\n            display: flex;\n            justify-content: center;\n            align-items: center;\n            gap: 10px;\n        }\n\n        .btn-submit:hover {\n            background-color: #002d5a;\n        }\n\n        .btn-submit:active {\n            transform: scale(0.98);\n        }\n\n        .btn-submit:disabled {\n            background-color: #9ca3af;\n            cursor: not-allowed;\n        }\n\n        .success-state {\n            display: none;\n            padding: 40px 20px;\n            text-align: center;\n        }\n\n        .success-state h2 {\n            color: var(--success-green);\n            margin-bottom: 10px;\n        }\n\n        .success-icon {\n            font-size: 50px;\n            color: var(--success-green);\n            margin-bottom: 20px;\n        }\n\n        .footer-info {\n            text-align: center;\n            padding: 15px;\n            background: #f9fafb;\n            border-top: 1px solid #eee;\n            font-size: 0.7rem;\n            color: #9ca3af;\n            text-transform: uppercase;\n        }\n\n        @media (max-width: 480px) {\n            .igc-content { padding: 20px; }\n        }\n    <\/style>\n<\/head>\n<body>\n\n<div class=\"igc-form-container\" id=\"formWrapper\">\n    <!-- Formul\u00e1rio Principal -->\n    <div id=\"formContainer\">\n        <form class=\"igc-content\" id=\"colacaoForm\">\n            \n            <!-- Configura\u00e7\u00f5es Internas -->\n            <input type=\"hidden\" name=\"_cc\" value=\"graduacao2igc@usp.br\">\n            <input type=\"hidden\" name=\"_template\" value=\"table\">\n            <input type=\"hidden\" name=\"_subject\" id=\"emailSubject\" value=\"Solicita\u00e7\u00e3o de Cola\u00e7\u00e3o de Grau IGc\">\n            <input type=\"hidden\" name=\"_captcha\" value=\"false\">\n\n            <!-- Identifica\u00e7\u00e3o -->\n            <div class=\"section-title\">\ud83d\udc64 Identifica\u00e7\u00e3o<\/div>\n            \n            <div class=\"form-group\">\n                <label for=\"nome\">Nome Completo<\/label>\n                <input type=\"text\" id=\"nome\" name=\"Nome Completo\" class=\"form-control\" required placeholder=\"Como no sistema J\u00fapiter\">\n            <\/div>\n\n            <div style=\"display: flex; gap: 15px; flex-wrap: wrap;\">\n                <div class=\"form-group\" style=\"flex: 1; min-width: 200px;\">\n                    <label for=\"nusp\">N\u00famero USP<\/label>\n                    <input type=\"text\" id=\"nusp\" name=\"Numero USP\" class=\"form-control\" required>\n                <\/div>\n                <div class=\"form-group\" style=\"flex: 1; min-width: 200px;\">\n                    <label for=\"email\">E-mail USP (@usp.br)<\/label>\n                    <input type=\"email\" id=\"email\" name=\"email\" class=\"form-control\" required placeholder=\"exemplo@usp.br\">\n                <\/div>\n            <\/div>\n\n            <div class=\"form-group\">\n                <label for=\"curso\">Curso<\/label>\n                <select id=\"curso\" name=\"Curso\" class=\"form-control\" required>\n                    <option value=\"\" disabled selected>Selecione seu curso<\/option>\n                    <option value=\"Geologia\">Geologia<\/option>\n                    <option value=\"LiGEA\">Licenciatura em Geoci\u00eancias e Educa\u00e7\u00e3o Ambiental (LiGEA)<\/option>\n                <\/select>\n            <\/div>\n\n            <!-- Checklists -->\n            <div class=\"checkbox-group\">\n                <label class=\"checkbox-item\">\n                    <input type=\"checkbox\" name=\"Declara\u00e7\u00e3o_Cr\u00e9ditos\" required>\n                    <span>Declaro que cumpri todos os cr\u00e9ditos (obrigat\u00f3rios e optativos).<\/span>\n                <\/label>\n                <label class=\"checkbox-item\">\n                    <input type=\"checkbox\" name=\"Declara\u00e7\u00e3o_Extens\u00e3o\" required>\n                    <span>Declaro que cumpri a carga hor\u00e1ria obrigat\u00f3ria de extens\u00e3o.<\/span>\n                <\/label>\n                <label class=\"checkbox-item\">\n                    <input type=\"checkbox\" name=\"Declara\u00e7\u00e3o_AAC_ATPA\" required>\n                    <span>Declaro que cumpri as AACs (Geologia) ou ATPAs (LiGEA).<\/span>\n                <\/label>\n                <label class=\"checkbox-item\">\n                    <input type=\"checkbox\" name=\"Declara\u00e7\u00e3o_Dados_Pessoais\" required>\n                    <span>Declaro que verifiquei meus dados pessoais no J\u00fapiterWeb (nome, data de nascimento, todos os dados do RG, naturalidade e nacionalidade).<\/span>\n                <\/label>\n                <label class=\"checkbox-item\">\n                    <input type=\"checkbox\" name=\"Declara\u00e7\u00e3o_Matr\u00edcula_Ativa\" required>\n                    <span>Declaro que <strong>n\u00e3o<\/strong> possuo matr\u00edcula ativa em disciplinas no hist\u00f3rico.<\/span>\n                <\/label>\n            <\/div>\n\n            <!-- Confirma\u00e7\u00e3o Final -->\n            <div class=\"confirmation-box\">\n                <label class=\"checkbox-item\">\n                    <input type=\"checkbox\" name=\"Ciente_An\u00e1lise_Gradua\u00e7\u00e3o\" required>\n                    <span style=\"font-weight: 600; color: #92400e;\">\n                        Estou ciente de que a cola\u00e7\u00e3o depende da verifica\u00e7\u00e3o final pelo Servi\u00e7o de Gradua\u00e7\u00e3o.\n                    <\/span>\n                <\/label>\n            <\/div>\n\n            <button type=\"submit\" class=\"btn-submit\" id=\"submitBtn\">\n                <span id=\"btnText\">Enviar<\/span>\n            <\/button>\n        <\/form>\n    <\/div>\n\n    <!-- Tela de Sucesso -->\n    <div id=\"successState\" class=\"success-state igc-content\">\n        <div class=\"success-icon\">\u2713<\/div>\n        <h2>Solicita\u00e7\u00e3o Enviada!<\/h2>\n        <p>Sua solicita\u00e7\u00e3o de cola\u00e7\u00e3o de grau foi encaminhada com sucesso para o Servi\u00e7o de Gradua\u00e7\u00e3o do IGc.<\/p>\n        <button onclick=\"window.location.reload()\" style=\"margin-top: 25px; background: none; border: 1px solid var(--usp-blue); color: var(--usp-blue); padding: 10px 20px; border-radius: 6px; cursor: pointer;\">\n            Fazer outra solicita\u00e7\u00e3o\n        <\/button>\n    <\/div>\n\n    <div class=\"footer-info\">\n        Servi\u00e7o de Gradua\u00e7\u00e3o &#8211; IGc\/USP\n    <\/div>\n<\/div>\n\n<script>\n    const form = document.getElementById('colacaoForm');\n    const formContainer = document.getElementById('formContainer');\n    const successState = document.getElementById('successState');\n    const submitBtn = document.getElementById('submitBtn');\n    const btnText = document.getElementById('btnText');\n\n    const nomeInput = document.getElementById('nome');\n    const nuspInput = document.getElementById('nusp');\n    const subjectInput = document.getElementById('emailSubject');\n\n    \/\/ Atualiza o assunto dinamicamente\n    function updateSubject() {\n        const nome = nomeInput.value || \"Aluno\";\n        const nusp = nuspInput.value || \"000000\";\n        subjectInput.value = `Solicita\u00e7\u00e3o de Cola\u00e7\u00e3o de Grau \u2013 ${nome} \u2013 N\u00ba USP ${nusp}`;\n    }\n\n    nomeInput.addEventListener('input', updateSubject);\n    nuspInput.addEventListener('input', updateSubject);\n\n    \/\/ Envio via AJAX\n    form.addEventListener('submit', function(e) {\n        e.preventDefault();\n        \n        submitBtn.disabled = true;\n        btnText.innerText = \"Enviando...\";\n\n        const formData = new FormData(form);\n        const object = {};\n        formData.forEach((value, key) => object[key] = value);\n        const json = JSON.stringify(object);\n\n        fetch(\"https:\/\/formsubmit.co\/ajax\/graduacao3igc@usp.br\", {\n            method: \"POST\",\n            headers: { \n                \"Content-Type\": \"application\/json\",\n                \"Accept\": \"application\/json\"\n            },\n            body: json\n        })\n        .then(response => response.json())\n        .then(data => {\n            formContainer.style.display = 'none';\n            successState.style.display = 'block';\n        })\n        .catch(error => {\n            console.error(error);\n            alert(\"Ocorreu um erro ao enviar. Por favor, tente novamente ou envie um e-mail direto para graduacao3igc@usp.br\");\n            submitBtn.disabled = false;\n            btnText.innerText = \"Enviar\";\n        });\n    });\n<\/script>\n\n<\/body>\n<\/html>\n\n\n\n<div class=\"wp-block-file\"><a href=\"http:\/\/sites.igc.usp.br\/graduacao\/wp-content\/uploads\/sites\/9\/2019\/02\/Portaria_IGc_09.2016-1.pdf\">Portaria_IGc_09.2016<\/a><a href=\"http:\/\/sites.igc.usp.br\/graduacao\/wp-content\/uploads\/sites\/9\/2019\/02\/Portaria_IGc_09.2016-1.pdf\" class=\"wp-block-file__button wp-element-button\" download>Baixar<\/a><\/div>\n\n\n\n<p><\/p>\n","protected":false},"excerpt":{"rendered":"<p>A cola\u00e7\u00e3o de grau \u00e9 o ato acad\u00eamico que confere oficialmente o t\u00edtulo de gradua\u00e7\u00e3o ao aluno que concluiu integralmente&#46;&#46;&#46;<\/p>\n","protected":false},"author":1,"featured_media":0,"parent":0,"menu_order":0,"comment_status":"closed","ping_status":"closed","template":"","meta":{"_acf_changed":false,"om_disable_all_campaigns":false,"_monsterinsights_skip_tracking":false,"_monsterinsights_sitenote_active":false,"_monsterinsights_sitenote_note":"","_monsterinsights_sitenote_category":0,"_uf_show_specific_survey":0,"_uf_disable_surveys":false,"footnotes":"","_links_to":"","_links_to_target":""},"class_list":["post-112","page","type-page","status-publish","hentry"],"acf":[],"aioseo_notices":[],"publishpress_future_action":{"enabled":false,"date":"2026-05-19 01:06:44","action":"change-status","newStatus":"draft","terms":[],"taxonomy":"language","extraData":[]},"publishpress_future_workflow_manual_trigger":{"enabledWorkflows":[]},"_links":{"self":[{"href":"https:\/\/igc.usp.br\/graduacao\/wp-json\/wp\/v2\/pages\/112","targetHints":{"allow":["GET"]}}],"collection":[{"href":"https:\/\/igc.usp.br\/graduacao\/wp-json\/wp\/v2\/pages"}],"about":[{"href":"https:\/\/igc.usp.br\/graduacao\/wp-json\/wp\/v2\/types\/page"}],"author":[{"embeddable":true,"href":"https:\/\/igc.usp.br\/graduacao\/wp-json\/wp\/v2\/users\/1"}],"replies":[{"embeddable":true,"href":"https:\/\/igc.usp.br\/graduacao\/wp-json\/wp\/v2\/comments?post=112"}],"version-history":[{"count":11,"href":"https:\/\/igc.usp.br\/graduacao\/wp-json\/wp\/v2\/pages\/112\/revisions"}],"predecessor-version":[{"id":1389,"href":"https:\/\/igc.usp.br\/graduacao\/wp-json\/wp\/v2\/pages\/112\/revisions\/1389"}],"wp:attachment":[{"href":"https:\/\/igc.usp.br\/graduacao\/wp-json\/wp\/v2\/media?parent=112"}],"curies":[{"name":"wp","href":"https:\/\/api.w.org\/{rel}","templated":true}]}}