{"id":38,"date":"2018-10-23T16:53:24","date_gmt":"2018-10-23T19:53:24","guid":{"rendered":"http:\/\/sites.igc.usp.br\/gmg\/?page_id=38"},"modified":"2023-11-08T16:33:33","modified_gmt":"2023-11-08T19:33:33","slug":"contato","status":"publish","type":"page","link":"https:\/\/igc.usp.br\/gmg\/contato\/","title":{"rendered":"Contato"},"content":{"rendered":"\n<blockquote class=\"wp-block-quote is-layout-flow wp-block-quote-is-layout-flow\">\n<p>Instituto de Geoci\u00eancias &#8211; USP<br>Departamento de Mineralogia e Geotect\u00f4nica &#8211; GMG<br>Rua do Lago, 562 &#8211; Cidade Universit\u00e1ria CEP 05508-080 &#8211; S\u00e3o Paulo &#8211; SP &#8211; Brasil<br>Telefones: 55 11 3091 3994 e 55 11 3091 4258<br>E-mail: gmgigc@usp.br<\/p>\n<\/blockquote>\n","protected":false},"excerpt":{"rendered":"<p>Instituto de Geoci\u00eancias &#8211; USPDepartamento de Mineralogia e Geotect\u00f4nica &#8211; GMGRua do Lago, 562 &#8211; Cidade Universit\u00e1ria CEP 05508-080 &#8211; S\u00e3o Paulo &#8211; SP &#8211; BrasilTelefones: 55 11 3091 3994 e 55 11 3091&#46;&#46;&#46;<\/p>\n","protected":false},"author":1,"featured_media":0,"parent":0,"menu_order":0,"comment_status":"closed","ping_status":"closed","template":"","meta":{"_acf_changed":false,"om_disable_all_campaigns":false,"_monsterinsights_skip_tracking":false,"_monsterinsights_sitenote_active":false,"_monsterinsights_sitenote_note":"","_monsterinsights_sitenote_category":0,"_uf_show_specific_survey":0,"_uf_disable_surveys":false,"footnotes":"","_links_to":"","_links_to_target":""},"class_list":["post-38","page","type-page","status-publish","hentry"],"acf":[],"aioseo_notices":[],"publishpress_future_action":{"enabled":false,"date":"2026-04-20 10:31:40","action":"change-status","newStatus":"draft","terms":[],"taxonomy":"language","extraData":[]},"publishpress_future_workflow_manual_trigger":{"enabledWorkflows":[]},"_links":{"self":[{"href":"https:\/\/igc.usp.br\/gmg\/wp-json\/wp\/v2\/pages\/38","targetHints":{"allow":["GET"]}}],"collection":[{"href":"https:\/\/igc.usp.br\/gmg\/wp-json\/wp\/v2\/pages"}],"about":[{"href":"https:\/\/igc.usp.br\/gmg\/wp-json\/wp\/v2\/types\/page"}],"author":[{"embeddable":true,"href":"https:\/\/igc.usp.br\/gmg\/wp-json\/wp\/v2\/users\/1"}],"replies":[{"embeddable":true,"href":"https:\/\/igc.usp.br\/gmg\/wp-json\/wp\/v2\/comments?post=38"}],"version-history":[{"count":2,"href":"https:\/\/igc.usp.br\/gmg\/wp-json\/wp\/v2\/pages\/38\/revisions"}],"predecessor-version":[{"id":100,"href":"https:\/\/igc.usp.br\/gmg\/wp-json\/wp\/v2\/pages\/38\/revisions\/100"}],"wp:attachment":[{"href":"https:\/\/igc.usp.br\/gmg\/wp-json\/wp\/v2\/media?parent=38"}],"curies":[{"name":"wp","href":"https:\/\/api.w.org\/{rel}","templated":true}]}}