{"id":35,"date":"2018-10-23T16:52:44","date_gmt":"2018-10-23T19:52:44","guid":{"rendered":"http:\/\/sites.igc.usp.br\/gmg\/?page_id=35"},"modified":"2018-10-23T16:52:45","modified_gmt":"2018-10-23T19:52:45","slug":"servicos-de-extensao-a-comunidade","status":"publish","type":"page","link":"https:\/\/igc.usp.br\/gmg\/servicos-de-extensao-a-comunidade\/","title":{"rendered":"Servi\u00e7os de Extens\u00e3o a Comunidade"},"content":{"rendered":"\n<p>As atividades de extens\u00e3o \u00e0 comunidade desenvolvidas pelo GMG s\u00e3o variadas: algumas s\u00e3o realizadas de maneira regular, outras esporadicamente, conforme as oportunidades que se apresentam. As atividades dizem respeito predominantemente \u00e0 divulga\u00e7\u00e3o dos conhecimentos concernentes \u00e0s Ci\u00eancias Geol\u00f3gicas, quer atrav\u00e9s do Museu de Geoci\u00eancias, instalado no IGc-USP, quer atrav\u00e9s da Esta\u00e7\u00e3o Ci\u00eancia da USP, ou ainda atrav\u00e9s de livros paradid\u00e1ticos, cursos para pessoas de 3\u00aa idade ou da comunidade em geral, palestras, entrevistas nos meios de comunica\u00e7\u00e3o, ou atendimento para consultas do p\u00fablico interessado.<\/p>\n\n\n\n<p>No Museu de Geoci\u00eancias e na Esta\u00e7\u00e3o Ci\u00eancia h\u00e1 a participa\u00e7\u00e3o ativa e constante de docentes do GMG, seja na \u00e1rea administrativa, na expans\u00e3o e organiza\u00e7\u00e3o do acervo, no planejamento e montagem de exibi\u00e7\u00f5es e no treinamento dos monitores para atendimento ao p\u00fablico. Tamb\u00e9m merecem destaque a confec\u00e7\u00e3o de cole\u00e7\u00f5es did\u00e1ticas de rochas com o respectivo texto explicativo e a publica\u00e7\u00e3o de textos paradid\u00e1ticos para o p\u00fablico infantil, na forma de historinhas com conte\u00fado geol\u00f3gico.<\/p>\n\n\n\n<p>V\u00e1rias das disciplinas optativas oferecidas pelo GMG reservam vagas para alunos externos \u00e0 USP, que podem se matricular na condi\u00e7\u00e3o de ?alunos especiais?, mediante justificativa do interesse pela disciplina. Tamb\u00e9m h\u00e1 diversas vagas reservadas para pessoas de 3\u00aa idade, em conformidade com a pol\u00edtica da USP para inclus\u00e3o deste segmento da sociedade. Esporadicamente, s\u00e3o oferecidos no IGc cursos de complementa\u00e7\u00e3o ou atualiza\u00e7\u00e3o para professores do 1\u00ba e 2\u00ba Grau, com participa\u00e7\u00e3o de docentes do GMG.<\/p>\n\n\n\n<p>Docentes do GMG s\u00e3o solicitados com freq\u00fc\u00eancia a elucidar quest\u00f5es sobre assuntos de Mineralogia, Petrologia ou Geologia para os meios de comunica\u00e7\u00e3o, para institui\u00e7\u00f5es, empresas, ou para consulentes do p\u00fablico em geral, seja na forma de entrevistas, palestras, ou consultas individuais. \u00d3rg\u00e3os p\u00fablicos, como a Pol\u00edcia T\u00e9cnica e o Minist\u00e9rio do Trabalho, recorrem ao GMG sempre que h\u00e1 problemas espec\u00edficos da \u00e1rea de atua\u00e7\u00e3o do Departamento para resolver ou esclarecer. Neste particular, merece destaque o apoio anal\u00edtico e metodol\u00f3gico que o Departamento prestou ao Minist\u00e9rio do Trabalho e \u00e0 Secretaria de Estado da Sa\u00fade de S\u00e3o Paulo em quest\u00f5es referentes \u00e0 contamina\u00e7\u00e3o de mat\u00e9rias-primas e ambientes de trabalho por part\u00edculas de minerais asbestiformes cancer\u00edgenos (&#8220;amianto&#8221;).<\/p>\n\n\n\n<p>Mais recentemente, iniciou-se o desenvolvimento no GMG de estudos de Mineralogia e Petrologia aplicadas \u00e0 manuten\u00e7\u00e3o e restauro de monumentos hist\u00f3ricos e art\u00edsticos. Espera-se, atrav\u00e9s desta nova frente de pesquisa, contribuir para a manuten\u00e7\u00e3o do patrim\u00f4nio hist\u00f3rico e art\u00edstico do Munic\u00edpio de S\u00e3o Paulo e do Estado.<\/p>\n","protected":false},"excerpt":{"rendered":"<p>As atividades de extens\u00e3o \u00e0 comunidade desenvolvidas pelo GMG s\u00e3o variadas: algumas s\u00e3o realizadas de maneira regular, outras esporadicamente, conforme as oportunidades que se apresentam. As atividades dizem respeito predominantemente \u00e0 divulga\u00e7\u00e3o dos conhecimentos&#46;&#46;&#46;<\/p>\n","protected":false},"author":1,"featured_media":0,"parent":0,"menu_order":0,"comment_status":"closed","ping_status":"closed","template":"","meta":{"_acf_changed":false,"om_disable_all_campaigns":false,"_monsterinsights_skip_tracking":false,"_monsterinsights_sitenote_active":false,"_monsterinsights_sitenote_note":"","_monsterinsights_sitenote_category":0,"_uf_show_specific_survey":0,"_uf_disable_surveys":false,"footnotes":"","_links_to":"","_links_to_target":""},"class_list":["post-35","page","type-page","status-publish","hentry"],"acf":[],"aioseo_notices":[],"publishpress_future_action":{"enabled":false,"date":"2026-04-19 18:21:59","action":"change-status","newStatus":"draft","terms":[],"taxonomy":"language","extraData":[]},"publishpress_future_workflow_manual_trigger":{"enabledWorkflows":[]},"_links":{"self":[{"href":"https:\/\/igc.usp.br\/gmg\/wp-json\/wp\/v2\/pages\/35","targetHints":{"allow":["GET"]}}],"collection":[{"href":"https:\/\/igc.usp.br\/gmg\/wp-json\/wp\/v2\/pages"}],"about":[{"href":"https:\/\/igc.usp.br\/gmg\/wp-json\/wp\/v2\/types\/page"}],"author":[{"embeddable":true,"href":"https:\/\/igc.usp.br\/gmg\/wp-json\/wp\/v2\/users\/1"}],"replies":[{"embeddable":true,"href":"https:\/\/igc.usp.br\/gmg\/wp-json\/wp\/v2\/comments?post=35"}],"version-history":[{"count":1,"href":"https:\/\/igc.usp.br\/gmg\/wp-json\/wp\/v2\/pages\/35\/revisions"}],"predecessor-version":[{"id":37,"href":"https:\/\/igc.usp.br\/gmg\/wp-json\/wp\/v2\/pages\/35\/revisions\/37"}],"wp:attachment":[{"href":"https:\/\/igc.usp.br\/gmg\/wp-json\/wp\/v2\/media?parent=35"}],"curies":[{"name":"wp","href":"https:\/\/api.w.org\/{rel}","templated":true}]}}