{"id":20,"date":"2018-10-23T16:40:31","date_gmt":"2018-10-23T19:40:31","guid":{"rendered":"http:\/\/sites.igc.usp.br\/gmg\/?page_id=20"},"modified":"2018-10-23T16:40:33","modified_gmt":"2018-10-23T19:40:33","slug":"perfil-de-atuacao","status":"publish","type":"page","link":"https:\/\/igc.usp.br\/gmg\/perfil-de-atuacao\/","title":{"rendered":"Perfil de Atua\u00e7\u00e3o"},"content":{"rendered":"\n<p>\n\nAs atividades de ensino e pesquisa do Departamento de Mineralogia e Geotect\u00f4nica (GMG) cobrem um vasto e variado campo das Ci\u00eancias da Terra. \u00c9 dada enfase ao estudo de terrenos cristalinos, complexamente estruturados e constitu\u00eddos predominantemente por rochas \u00edgneas e metam\u00f3rficas, submetidas aos processos que se processam no interior da crosta e do manto terrestres. Assim, as principais \u00e1reas de atua\u00e7\u00e3o do Departamento s\u00e3o a Mineralogia, as Petrologias \u00cdgnea e Metam\u00f3rfica, a Geologia Estrutural e Tectonof\u00edsica, a Geologia Regional e evolu\u00e7\u00e3o tect\u00f4nica de terrenos precambrianos, a Geocronologia e Geologia isot\u00f3pica, e a Metalog\u00eanese de ocorr\u00eancias minerais de origem \u00edgnea ou metam\u00f3rfica. Al\u00e9m dos aspectos acad\u00eamicos, tem-se tamb\u00e9m a aplica\u00e7\u00e3o dos conhecimentos na ind\u00fastria, na prospec\u00e7\u00e3o e na avalia\u00e7\u00e3o de jazidas minerais, nas obras de engenharia e nos estudos ambientais.\n\n<\/p>\n","protected":false},"excerpt":{"rendered":"<p>As atividades de ensino e pesquisa do Departamento de Mineralogia e Geotect\u00f4nica (GMG) cobrem um vasto e variado campo das Ci\u00eancias da Terra. \u00c9 dada enfase ao estudo de terrenos cristalinos, complexamente estruturados e&#46;&#46;&#46;<\/p>\n","protected":false},"author":1,"featured_media":0,"parent":0,"menu_order":0,"comment_status":"closed","ping_status":"closed","template":"","meta":{"_acf_changed":false,"om_disable_all_campaigns":false,"_monsterinsights_skip_tracking":false,"_monsterinsights_sitenote_active":false,"_monsterinsights_sitenote_note":"","_monsterinsights_sitenote_category":0,"_uf_show_specific_survey":0,"_uf_disable_surveys":false,"footnotes":"","_links_to":"","_links_to_target":""},"class_list":["post-20","page","type-page","status-publish","hentry"],"acf":[],"aioseo_notices":[],"publishpress_future_action":{"enabled":false,"date":"2026-04-22 04:30:33","action":"change-status","newStatus":"draft","terms":[],"taxonomy":"language","extraData":[]},"publishpress_future_workflow_manual_trigger":{"enabledWorkflows":[]},"_links":{"self":[{"href":"https:\/\/igc.usp.br\/gmg\/wp-json\/wp\/v2\/pages\/20","targetHints":{"allow":["GET"]}}],"collection":[{"href":"https:\/\/igc.usp.br\/gmg\/wp-json\/wp\/v2\/pages"}],"about":[{"href":"https:\/\/igc.usp.br\/gmg\/wp-json\/wp\/v2\/types\/page"}],"author":[{"embeddable":true,"href":"https:\/\/igc.usp.br\/gmg\/wp-json\/wp\/v2\/users\/1"}],"replies":[{"embeddable":true,"href":"https:\/\/igc.usp.br\/gmg\/wp-json\/wp\/v2\/comments?post=20"}],"version-history":[{"count":1,"href":"https:\/\/igc.usp.br\/gmg\/wp-json\/wp\/v2\/pages\/20\/revisions"}],"predecessor-version":[{"id":22,"href":"https:\/\/igc.usp.br\/gmg\/wp-json\/wp\/v2\/pages\/20\/revisions\/22"}],"wp:attachment":[{"href":"https:\/\/igc.usp.br\/gmg\/wp-json\/wp\/v2\/media?parent=20"}],"curies":[{"name":"wp","href":"https:\/\/api.w.org\/{rel}","templated":true}]}}