{"id":17,"date":"2018-10-23T16:38:03","date_gmt":"2018-10-23T19:38:03","guid":{"rendered":"http:\/\/sites.igc.usp.br\/gmg\/?page_id=17"},"modified":"2018-10-23T16:38:04","modified_gmt":"2018-10-23T19:38:04","slug":"apresentacao","status":"publish","type":"page","link":"https:\/\/igc.usp.br\/gmg\/","title":{"rendered":"Apresenta\u00e7\u00e3o"},"content":{"rendered":"\n<p>O Departamento de Mineralogia e Geotect\u00f4nica (GMG) \u00e9 um dos atuais dois departamentos do Instituto de Geoci\u00eancias (IGc) da USP, criado em 1999 a partir da jun\u00e7\u00e3o do antigo Departamento de Mineralogia e Petrologia (DMP) e parte do de Geologia Geral (DGG), quando da reestrutura\u00e7\u00e3o dos departamentos do Instituto.<\/p>\n\n\n\n<p>O GMG herdou, dos Departamentos precursores, uma grande tradi\u00e7\u00e3o nas \u00e1reas em que atua. Suas ra\u00edzes remontam ao Gabinete de Mineralogia e Geologia, criado em 1934 no \u00e2mbito da Faculdade de Filosofia, Ci\u00eancias e Letras da rec\u00e9m-fundada Universidade de S\u00e3o Paulo. Este Gabinete foi desmembrado em 1937 em dois Departamentos ? o de Geologia e Paleontologia, e o de Mineralogia e Petrologia, que foram os que se encarregaram da cria\u00e7\u00e3o do Curso de Geologia da USP em 1957. Desde ent\u00e3o, o Instituto de Geoci\u00eancias foi respons\u00e1vel pela forma\u00e7\u00e3o de um grande n\u00famero de ge\u00f3logos, bem como pela titula\u00e7\u00e3o acad\u00eamica, em n\u00edveis de mestrado e doutorado, de v\u00e1rios profissionais, muitos dos quais hoje atuam como docentes e pesquisadores nos v\u00e1rios cursos de Geologia do Pa\u00eds.<\/p>\n\n\n\n<p>O \u00f3rg\u00e3o administrativo m\u00e1ximo do GMG \u00e9 o Conselho do Departamento, eleito bianualmente, com representantes de todas as categorias docentes e um representante discente, al\u00e9m do Chefe e Vice-chefe do Departamento. Participa tamb\u00e9m das reuni\u00f5es do Conselho, um representante dos funcion\u00e1rios t\u00e9cnico-administrativos, com direito a voz, sem direito a voto, uma vez que essa representa\u00e7\u00e3o n\u00e3o se encontra prevista no Regimento da USP. O Conselho se re\u00fane, em m\u00e9dia, mensalmente, para deliberar sobre os assuntos de interesse do Departamento, sejam did\u00e1ticos, cient\u00edficos ou administrativos. As atividades cotidianas s\u00e3o coordenadas pelo Chefe do Departamento, eleito pelo Conselho para um mandato de dois anos. O Conselho do Departamento indica os docentes respons\u00e1veis pela coordena\u00e7\u00e3o dos laborat\u00f3rios, dos setores de apoio (v. Infra-estrutura) e das comiss\u00f5es assessoras para assuntos espec\u00edficos. Uma destas comiss\u00f5es, de car\u00e1ter permanente, \u00e9 a Comiss\u00e3o de Ensino, que responde pela an\u00e1lise e emiss\u00e3o de pareceres sobre assuntos did\u00e1ticos referentes ao ensino de Gradua\u00e7\u00e3o, como a distribui\u00e7\u00e3o de carga did\u00e1tica, solicita\u00e7\u00f5es de equival\u00eancias entre disciplinas, etc.<\/p>\n","protected":false},"excerpt":{"rendered":"<p>O Departamento de Mineralogia e Geotect\u00f4nica (GMG) \u00e9 um dos atuais dois departamentos do Instituto de Geoci\u00eancias (IGc) da USP, criado em 1999 a partir da jun\u00e7\u00e3o do antigo Departamento de Mineralogia e Petrologia&#46;&#46;&#46;<\/p>\n","protected":false},"author":1,"featured_media":0,"parent":0,"menu_order":0,"comment_status":"closed","ping_status":"closed","template":"","meta":{"_acf_changed":false,"om_disable_all_campaigns":false,"_monsterinsights_skip_tracking":false,"_monsterinsights_sitenote_active":false,"_monsterinsights_sitenote_note":"","_monsterinsights_sitenote_category":0,"_uf_show_specific_survey":0,"_uf_disable_surveys":false,"footnotes":"","_links_to":"","_links_to_target":""},"class_list":["post-17","page","type-page","status-publish","hentry"],"acf":[],"aioseo_notices":[],"publishpress_future_action":{"enabled":false,"date":"2026-05-16 04:29:11","action":"change-status","newStatus":"draft","terms":[],"taxonomy":"language","extraData":[]},"publishpress_future_workflow_manual_trigger":{"enabledWorkflows":[]},"_links":{"self":[{"href":"https:\/\/igc.usp.br\/gmg\/wp-json\/wp\/v2\/pages\/17","targetHints":{"allow":["GET"]}}],"collection":[{"href":"https:\/\/igc.usp.br\/gmg\/wp-json\/wp\/v2\/pages"}],"about":[{"href":"https:\/\/igc.usp.br\/gmg\/wp-json\/wp\/v2\/types\/page"}],"author":[{"embeddable":true,"href":"https:\/\/igc.usp.br\/gmg\/wp-json\/wp\/v2\/users\/1"}],"replies":[{"embeddable":true,"href":"https:\/\/igc.usp.br\/gmg\/wp-json\/wp\/v2\/comments?post=17"}],"version-history":[{"count":1,"href":"https:\/\/igc.usp.br\/gmg\/wp-json\/wp\/v2\/pages\/17\/revisions"}],"predecessor-version":[{"id":19,"href":"https:\/\/igc.usp.br\/gmg\/wp-json\/wp\/v2\/pages\/17\/revisions\/19"}],"wp:attachment":[{"href":"https:\/\/igc.usp.br\/gmg\/wp-json\/wp\/v2\/media?parent=17"}],"curies":[{"name":"wp","href":"https:\/\/api.w.org\/{rel}","templated":true}]}}