{"id":120,"date":"2024-06-28T15:06:01","date_gmt":"2024-06-28T18:06:01","guid":{"rendered":"https:\/\/igc.usp.br\/gmg\/?page_id=120"},"modified":"2024-06-28T15:06:40","modified_gmt":"2024-06-28T18:06:40","slug":"laminacao","status":"publish","type":"page","link":"https:\/\/igc.usp.br\/gmg\/laminacao\/","title":{"rendered":"Laborat\u00f3rio de Lamina\u00e7\u00e3o"},"content":{"rendered":"\n<p>Para agendamento, utilize o sistema de HelpDesk do IGc e siga os passos indicados:<\/p>\n\n\n\n<p><a href=\"https:\/\/atendimento.igc.usp.br\" title=\"\">https:\/\/atendimento.igc.usp.br<\/a><\/p>\n\n\n\n<p>Verifique a agenda de atendimentos abaixo:<\/p>\n\n\n\n<iframe src=\"https:\/\/calendar.google.com\/calendar\/embed?src=laminacaoigc%40usp.br&#038;ctz=America%2FSao_Paulo\" style=\"border: 0\" width=\"800\" height=\"600\" frameborder=\"0\" scrolling=\"no\"><\/iframe>\n","protected":false},"excerpt":{"rendered":"<p>Para agendamento, utilize o sistema de HelpDesk do IGc e siga os passos indicados: https:\/\/atendimento.igc.usp.br Verifique a agenda de atendimentos abaixo:<\/p>\n","protected":false},"author":1,"featured_media":0,"parent":0,"menu_order":0,"comment_status":"closed","ping_status":"closed","template":"","meta":{"_acf_changed":false,"om_disable_all_campaigns":false,"_monsterinsights_skip_tracking":false,"_monsterinsights_sitenote_active":false,"_monsterinsights_sitenote_note":"","_monsterinsights_sitenote_category":0,"_uf_show_specific_survey":0,"_uf_disable_surveys":false,"footnotes":"","_links_to":"","_links_to_target":""},"class_list":["post-120","page","type-page","status-publish","hentry"],"acf":[],"aioseo_notices":[],"publishpress_future_action":{"enabled":false,"date":"2026-04-21 18:28:35","action":"change-status","newStatus":"draft","terms":[],"taxonomy":"language","extraData":[]},"publishpress_future_workflow_manual_trigger":{"enabledWorkflows":[]},"_links":{"self":[{"href":"https:\/\/igc.usp.br\/gmg\/wp-json\/wp\/v2\/pages\/120","targetHints":{"allow":["GET"]}}],"collection":[{"href":"https:\/\/igc.usp.br\/gmg\/wp-json\/wp\/v2\/pages"}],"about":[{"href":"https:\/\/igc.usp.br\/gmg\/wp-json\/wp\/v2\/types\/page"}],"author":[{"embeddable":true,"href":"https:\/\/igc.usp.br\/gmg\/wp-json\/wp\/v2\/users\/1"}],"replies":[{"embeddable":true,"href":"https:\/\/igc.usp.br\/gmg\/wp-json\/wp\/v2\/comments?post=120"}],"version-history":[{"count":3,"href":"https:\/\/igc.usp.br\/gmg\/wp-json\/wp\/v2\/pages\/120\/revisions"}],"predecessor-version":[{"id":124,"href":"https:\/\/igc.usp.br\/gmg\/wp-json\/wp\/v2\/pages\/120\/revisions\/124"}],"wp:attachment":[{"href":"https:\/\/igc.usp.br\/gmg\/wp-json\/wp\/v2\/media?parent=120"}],"curies":[{"name":"wp","href":"https:\/\/api.w.org\/{rel}","templated":true}]}}