{"id":18,"date":"2018-10-09T09:19:37","date_gmt":"2018-10-09T12:19:37","guid":{"rendered":"http:\/\/sites.igc.usp.br\/geologiausp\/?page_id=18"},"modified":"2018-10-09T09:19:38","modified_gmt":"2018-10-09T12:19:38","slug":"tutorial-referencias-no-word","status":"publish","type":"page","link":"https:\/\/igc.usp.br\/geologiausp\/tutorial-referencias-no-word\/","title":{"rendered":"Tutorial: Refer\u00eancias no Word"},"content":{"rendered":"\n<h2 class=\"wp-block-heading\">Inserindo refer\u00eancias bibliogr\u00e1ficas no Word<\/h2>\n\n\n\n<p>O tutorial tem como objetivo auxiliar os pesquisadores, que utilizam como editor de texto o Microsoft Word<sup>TM<\/sup>, a montar sua base de dados de refer\u00eancias.\u00a0\u00a0A ferramenta, que se encontra em &#8220;Refer\u00eancias\/Gerenciar Fontes Bibliogr\u00e1ficas&#8221; do Word, facilitar\u00e1 o gerenciamento e a inser\u00e7\u00e3o de cita\u00e7\u00f5es no trabalho.\u00a0\u00a0O padr\u00e3o APA foi adotado apenas como exemplo para ilustrar o passo a passo.<\/p>\n\n\n\n<div class=\"wp-block-file\"><a href=\"http:\/\/sites.igc.usp.br\/geologiausp\/wp-content\/uploads\/sites\/12\/2018\/10\/Tutorial_referencias_no_Word.pdf\">Tutorial Refer\u00eancias no Word<\/a><\/div>\n\n\n\n<p><\/p>\n","protected":false},"excerpt":{"rendered":"<p>Inserindo refer\u00eancias bibliogr\u00e1ficas no Word O tutorial tem como objetivo auxiliar os pesquisadores, que utilizam como editor de texto o Microsoft WordTM, a montar sua base de dados de refer\u00eancias.\u00a0\u00a0A ferramenta, que se encontra&#46;&#46;&#46;<\/p>\n","protected":false},"author":1,"featured_media":0,"parent":0,"menu_order":0,"comment_status":"closed","ping_status":"closed","template":"","meta":{"_acf_changed":false,"om_disable_all_campaigns":false,"_monsterinsights_skip_tracking":false,"_monsterinsights_sitenote_active":false,"_monsterinsights_sitenote_note":"","_monsterinsights_sitenote_category":0,"_uf_show_specific_survey":0,"_uf_disable_surveys":false,"footnotes":"","_links_to":"","_links_to_target":""},"class_list":["post-18","page","type-page","status-publish","hentry"],"acf":[],"aioseo_notices":[],"publishpress_future_action":{"enabled":false,"date":"2026-04-18 09:41:12","action":"change-status","newStatus":"draft","terms":[],"taxonomy":"language","extraData":[]},"publishpress_future_workflow_manual_trigger":{"enabledWorkflows":[]},"_links":{"self":[{"href":"https:\/\/igc.usp.br\/geologiausp\/wp-json\/wp\/v2\/pages\/18","targetHints":{"allow":["GET"]}}],"collection":[{"href":"https:\/\/igc.usp.br\/geologiausp\/wp-json\/wp\/v2\/pages"}],"about":[{"href":"https:\/\/igc.usp.br\/geologiausp\/wp-json\/wp\/v2\/types\/page"}],"author":[{"embeddable":true,"href":"https:\/\/igc.usp.br\/geologiausp\/wp-json\/wp\/v2\/users\/1"}],"replies":[{"embeddable":true,"href":"https:\/\/igc.usp.br\/geologiausp\/wp-json\/wp\/v2\/comments?post=18"}],"version-history":[{"count":1,"href":"https:\/\/igc.usp.br\/geologiausp\/wp-json\/wp\/v2\/pages\/18\/revisions"}],"predecessor-version":[{"id":21,"href":"https:\/\/igc.usp.br\/geologiausp\/wp-json\/wp\/v2\/pages\/18\/revisions\/21"}],"wp:attachment":[{"href":"https:\/\/igc.usp.br\/geologiausp\/wp-json\/wp\/v2\/media?parent=18"}],"curies":[{"name":"wp","href":"https:\/\/api.w.org\/{rel}","templated":true}]}}