{"id":12,"date":"2018-10-09T09:16:53","date_gmt":"2018-10-09T12:16:53","guid":{"rendered":"http:\/\/sites.igc.usp.br\/geologiausp\/?page_id=12"},"modified":"2026-01-12T14:35:14","modified_gmt":"2026-01-12T17:35:14","slug":"conselho-editorial","status":"publish","type":"page","link":"https:\/\/igc.usp.br\/geologiausp\/conselho-editorial\/","title":{"rendered":"Conselho Editorial"},"content":{"rendered":"\t\t<div data-elementor-type=\"wp-page\" data-elementor-id=\"12\" class=\"elementor elementor-12\">\n\t\t\t\t\t\t<section class=\"elementor-section elementor-top-section elementor-element elementor-element-444f612 elementor-section-boxed elementor-section-height-default elementor-section-height-default\" data-id=\"444f612\" data-element_type=\"section\" data-e-type=\"section\">\n\t\t\t\t\t\t<div class=\"elementor-container elementor-column-gap-default\">\n\t\t\t\t\t<div class=\"elementor-column elementor-col-100 elementor-top-column elementor-element elementor-element-7618b52a\" data-id=\"7618b52a\" data-element_type=\"column\" data-e-type=\"column\">\n\t\t\t<div class=\"elementor-widget-wrap elementor-element-populated\">\n\t\t\t\t\t\t<div class=\"elementor-element elementor-element-3cd8ced elementor-widget__width-initial elementor-drop-cap-yes elementor-drop-cap-view-default elementor-widget elementor-widget-text-editor\" data-id=\"3cd8ced\" data-element_type=\"widget\" data-e-type=\"widget\" data-settings=\"{&quot;drop_cap&quot;:&quot;yes&quot;}\" data-widget_type=\"text-editor.default\">\n\t\t\t\t<div class=\"elementor-widget-container\">\n\t\t\t\t\t\t\t\t\t<p><span style=\"color: #008080\"><strong><span style=\"font-size: 1.7em;letter-spacing: -0.7px\">Editor<\/span><span style=\"font-size: 1.7em;letter-spacing: -0.7px\"> Chefe<\/span><\/strong><\/span><\/p><ul><li><h4><span style=\"color: #008080\">R\u00f4mulo Machado (rmachado@usp.br).\u00a0<\/span><\/h4><\/li><\/ul><h6>\u00a0<\/h6><h6><span style=\"font-style: normal;font-weight: 600;font-size: 18px;font-family: Roboto, sans-serif;color: #008080;text-transform: none\"><span style=\"font-size: 1.7em;letter-spacing: -0.7px\"><span style=\"color: #008080\">Vice-Editor<\/span><\/span><span style=\"font-size: 1.7em;letter-spacing: -0.7px\">\u00a0<span style=\"color: #008080\">Chefe<\/span><\/span><\/span><\/h6><div><ul><li style=\"font-style: normal;font-family: Roboto, sans-serif;color: #43736a\"><h4><span style=\"color: #008080\">Cl\u00e1udio Alejandro Salazar Mora (claudio.mora@usp.br)<\/span><\/h4><\/li><\/ul><\/div><h2><span style=\"color: #008080\"><strong><span style=\"font-size: 1.75rem\"><span style=\"color: #008080\">Editores<\/span> <span style=\"color: #008080\">Associados<\/span><\/span><\/strong><\/span><\/h2><ul><li><h4><span style=\"color: #008080\">Andr\u00e9 Marconato, USP &#8211; Instituto de Geoci\u00eancias, Dpto. de Geol. Sedim. e Ambiental (GSA)\u00a0 \u00a0 \u00a0 \u00a0 \u00a0 \u00a0 \u00a0 \u00a0 Suplente: Paulo C\u00e9sar Boggiani (GSA)<\/span><\/h4><\/li><\/ul><ul><li><h4><span style=\"color: #008080\">Cl\u00e1udio Alejandro Salazar Mora, USP &#8211;\u00a0 Instituto de Geoci\u00eancias, Dpto. de Miner. e Geotect\u00f4nica (GMG) Suplente: Cau\u00ea Rodrigues Cioffi (GMG)<\/span><\/h4><\/li><li><h4><span style=\"color: #008080\">Eliane Aparecida Del Lama, USP &#8211;\u00a0 Instituto de Geoci\u00eancias, Dpto. de Miner. e Geotect\u00f4nica (GMG)\u00a0 \u00a0 Suplente: Renato de Moraes (GMG)<\/span><\/h4><\/li><li><h4><span style=\"color: #008080\">R\u00f4mulo Machado, USP &#8211;\u00a0 Instituto de Geoci\u00eancias, Dpto. de Geol. Sedm. e Ambiental (GSA)\u00a0 \u00a0 \u00a0 \u00a0 \u00a0 \u00a0 \u00a0 \u00a0 Suplente: Saulo Batista de Oliveira (GSA)<\/span><\/h4><\/li><\/ul><div><span style=\"font-family: 'Noto Serif', -apple-system, BlinkMacSystemFont, 'Segoe UI', Roboto, Oxygen-Sans, Ubuntu, Cantarell, 'Helvetica Neue', sans-serif;color: #008080\"><span style=\"font-size: 14px\">\u00a0<\/span><\/span><\/div><h2><span style=\"color: #008080\"><strong>Editor Ad-hoc<\/strong><\/span><\/h2><ul><li><h4><span style=\"color: #008080\">Vicente Antonio Vit\u00f3rio Girardi (GMG\/IGc\/USP, S\u00e3o Paulo, SP, Brasil).<\/span><\/h4><\/li><li><h4><span style=\"color: #008080\">Paulo Roberto dos Santos (GSA\/IGc\/USP, S\u00e3o Paulo, SP, Brasil).<\/span><\/h4><\/li><\/ul><div>\u00a0<\/div><h2><span style=\"color: #008080\"><strong>Produ\u00e7\u00e3o Editorial<\/strong><\/span><\/h2><h2><span style=\"color: #008080\"><strong>Revis\u00e3o<\/strong><\/span><\/h2><p><span style=\"color: #008080\">O Conselho Editorial faz uma pr\u00e9-an\u00e1lise no texto submetido, qualificando-o ou n\u00e3o, para eventual publica\u00e7\u00e3o. Ap\u00f3s a qualifica\u00e7\u00e3o, o manuscrito \u00e9 submetido \u00e0 avalia\u00e7\u00e3o por pares com, pelo menos dois relatores nomeados pelo Conselho Editorial. Os manuscritos n\u00e3o qualificados ser\u00e3o devolvidos aos autores. A revis\u00e3o final dos artigos, antes da publica\u00e7\u00e3o, \u00e9 feita pelos pr\u00f3prios autores.<\/span><\/p><h2><strong><span style=\"color: #008080\"><span style=\"font-size: 1.375rem\"><span style=\"color: #008080\">Coordena\u00e7\u00e3o<\/span> <span style=\"color: #008080\">Editorial e Revis\u00e3o de provas<\/span><\/span><\/span><\/strong><\/h2><p><span style=\"font-size: 1.0625rem;color: #008080\">Daniel Machado &#8211; Se\u00e7\u00e3o de Publica\u00e7\u00f5es &#8211; IGc\/USP<\/span><\/p><p><!-- \/wp:heading --><\/p>\t\t\t\t\t\t\t\t<\/div>\n\t\t\t\t<\/div>\n\t\t\t\t<section class=\"elementor-section elementor-inner-section elementor-element elementor-element-70b75a9 elementor-section-boxed elementor-section-height-default elementor-section-height-default\" data-id=\"70b75a9\" data-element_type=\"section\" data-e-type=\"section\">\n\t\t\t\t\t\t<div class=\"elementor-container elementor-column-gap-default\">\n\t\t\t\t\t<div class=\"elementor-column elementor-col-50 elementor-inner-column elementor-element elementor-element-1d648d9\" data-id=\"1d648d9\" data-element_type=\"column\" data-e-type=\"column\">\n\t\t\t<div class=\"elementor-widget-wrap elementor-element-populated\">\n\t\t\t\t\t\t\t<\/div>\n\t\t<\/div>\n\t\t\t\t<div class=\"elementor-column elementor-col-50 elementor-inner-column elementor-element elementor-element-89d5cdf\" data-id=\"89d5cdf\" data-element_type=\"column\" data-e-type=\"column\">\n\t\t\t<div class=\"elementor-widget-wrap\">\n\t\t\t\t\t\t\t<\/div>\n\t\t<\/div>\n\t\t\t\t\t<\/div>\n\t\t<\/section>\n\t\t\t\t\t<\/div>\n\t\t<\/div>\n\t\t\t\t\t<\/div>\n\t\t<\/section>\n\t\t\t\t<section class=\"elementor-section elementor-top-section elementor-element elementor-element-8f26bc5 elementor-section-boxed elementor-section-height-default elementor-section-height-default\" data-id=\"8f26bc5\" data-element_type=\"section\" data-e-type=\"section\">\n\t\t\t\t\t\t<div class=\"elementor-container elementor-column-gap-default\">\n\t\t\t\t\t<div class=\"elementor-column elementor-col-100 elementor-top-column elementor-element elementor-element-c772991\" data-id=\"c772991\" data-element_type=\"column\" data-e-type=\"column\">\n\t\t\t<div class=\"elementor-widget-wrap elementor-element-populated\">\n\t\t\t\t\t\t<section class=\"elementor-section elementor-inner-section elementor-element elementor-element-933fa72 elementor-section-boxed elementor-section-height-default elementor-section-height-default\" data-id=\"933fa72\" data-element_type=\"section\" data-e-type=\"section\">\n\t\t\t\t\t\t<div class=\"elementor-container elementor-column-gap-default\">\n\t\t\t\t\t<div class=\"elementor-column elementor-col-50 elementor-inner-column elementor-element elementor-element-5109b80\" data-id=\"5109b80\" data-element_type=\"column\" data-e-type=\"column\">\n\t\t\t<div class=\"elementor-widget-wrap\">\n\t\t\t\t\t\t\t<\/div>\n\t\t<\/div>\n\t\t\t\t<div class=\"elementor-column elementor-col-50 elementor-inner-column elementor-element elementor-element-72ba4f2\" data-id=\"72ba4f2\" data-element_type=\"column\" data-e-type=\"column\">\n\t\t\t<div class=\"elementor-widget-wrap\">\n\t\t\t\t\t\t\t<\/div>\n\t\t<\/div>\n\t\t\t\t\t<\/div>\n\t\t<\/section>\n\t\t\t\t\t<\/div>\n\t\t<\/div>\n\t\t\t\t\t<\/div>\n\t\t<\/section>\n\t\t\t\t<section class=\"elementor-section elementor-top-section elementor-element elementor-element-37d91e2 elementor-section-boxed elementor-section-height-default elementor-section-height-default\" data-id=\"37d91e2\" data-element_type=\"section\" data-e-type=\"section\">\n\t\t\t\t\t\t<div class=\"elementor-container elementor-column-gap-default\">\n\t\t\t\t\t<div class=\"elementor-column elementor-col-100 elementor-top-column elementor-element elementor-element-c476c74\" data-id=\"c476c74\" data-element_type=\"column\" data-e-type=\"column\">\n\t\t\t<div class=\"elementor-widget-wrap elementor-element-populated\">\n\t\t\t\t\t\t\t<\/div>\n\t\t<\/div>\n\t\t\t\t\t<\/div>\n\t\t<\/section>\n\t\t\t\t<\/div>\n\t\t","protected":false},"excerpt":{"rendered":"<p>Editor Chefe R\u00f4mulo Machado (rmachado@usp.br).\u00a0 \u00a0 Vice-Editor\u00a0Chefe Cl\u00e1udio Alejandro Salazar Mora (claudio.mora@usp.br) Editores Associados Andr\u00e9 Marconato, USP &#8211; Instituto de Geoci\u00eancias, Dpto. de Geol. Sedim. e Ambiental (GSA)\u00a0 \u00a0 \u00a0 \u00a0 \u00a0 \u00a0 \u00a0&#46;&#46;&#46;<\/p>\n","protected":false},"author":1,"featured_media":0,"parent":0,"menu_order":0,"comment_status":"closed","ping_status":"closed","template":"","meta":{"_acf_changed":false,"om_disable_all_campaigns":false,"_monsterinsights_skip_tracking":false,"_monsterinsights_sitenote_active":false,"_monsterinsights_sitenote_note":"","_monsterinsights_sitenote_category":0,"_uf_show_specific_survey":0,"_uf_disable_surveys":false,"footnotes":"","_links_to":"","_links_to_target":""},"class_list":["post-12","page","type-page","status-publish","hentry"],"acf":[],"aioseo_notices":[],"publishpress_future_action":{"enabled":false,"date":"2026-04-19 13:19:17","action":"change-status","newStatus":"draft","terms":[],"taxonomy":"language","extraData":[]},"publishpress_future_workflow_manual_trigger":{"enabledWorkflows":[]},"_links":{"self":[{"href":"https:\/\/igc.usp.br\/geologiausp\/wp-json\/wp\/v2\/pages\/12","targetHints":{"allow":["GET"]}}],"collection":[{"href":"https:\/\/igc.usp.br\/geologiausp\/wp-json\/wp\/v2\/pages"}],"about":[{"href":"https:\/\/igc.usp.br\/geologiausp\/wp-json\/wp\/v2\/types\/page"}],"author":[{"embeddable":true,"href":"https:\/\/igc.usp.br\/geologiausp\/wp-json\/wp\/v2\/users\/1"}],"replies":[{"embeddable":true,"href":"https:\/\/igc.usp.br\/geologiausp\/wp-json\/wp\/v2\/comments?post=12"}],"version-history":[{"count":116,"href":"https:\/\/igc.usp.br\/geologiausp\/wp-json\/wp\/v2\/pages\/12\/revisions"}],"predecessor-version":[{"id":368,"href":"https:\/\/igc.usp.br\/geologiausp\/wp-json\/wp\/v2\/pages\/12\/revisions\/368"}],"wp:attachment":[{"href":"https:\/\/igc.usp.br\/geologiausp\/wp-json\/wp\/v2\/media?parent=12"}],"curies":[{"name":"wp","href":"https:\/\/api.w.org\/{rel}","templated":true}]}}