{"id":74,"date":"2018-10-29T16:31:20","date_gmt":"2018-10-29T19:31:20","guid":{"rendered":"http:\/\/sites.igc.usp.br\/geoanalitica\/?page_id=74"},"modified":"2020-01-29T10:39:20","modified_gmt":"2020-01-29T13:39:20","slug":"laboratorio-de-petrologia-e-geoquimica-experimental","status":"publish","type":"page","link":"https:\/\/igc.usp.br\/geoanalitica\/laboratorios-de-pesquisa\/laboratorio-de-petrologia-e-geoquimica-experimental\/","title":{"rendered":"Laborat\u00f3rio de Petrologia e Geoqu\u00edmica Experimental"},"content":{"rendered":"\n<div class=\"wp-block-image\"><figure class=\"aligncenter\"><img fetchpriority=\"high\" decoding=\"async\" width=\"600\" height=\"196\" src=\"http:\/\/sites.igc.usp.br\/geoanalitica\/wp-content\/uploads\/sites\/17\/2018\/10\/petro.jpg\" alt=\"\" class=\"wp-image-75\" srcset=\"https:\/\/igc.usp.br\/geoanalitica\/wp-content\/uploads\/sites\/17\/2018\/10\/petro.jpg 600w, https:\/\/igc.usp.br\/geoanalitica\/wp-content\/uploads\/sites\/17\/2018\/10\/petro-300x98.jpg 300w\" sizes=\"(max-width: 600px) 100vw, 600px\" \/><figcaption>As imagens s\u00e3o cortesia da COMPRES (Salt Marsh Image Library)<\/figcaption><\/figure><\/div>\n\n\n\n<h2 class=\"wp-block-heading\">Docentes respons\u00e1veis<\/h2>\n\n\n\n<p><a href=\"http:\/\/lattes.cnpq.br\/6287624855922912\">Prof. Dr. F\u00e1bio Ramos Dias Andrade<\/a><\/p>\n\n\n\n<p><a href=\"http:\/\/lattes.cnpq.br\/1023722688858336\">Prof. Dr. Gaston Eduardo Enrich Rojas<\/a><\/p>\n\n\n\n<h2 class=\"wp-block-heading\">Pesquisador associado<\/h2>\n\n\n\n<p><a href=\"http:\/\/lattes.cnpq.br\/8146704740674855\">Prof. Dr. Silvio Roberto Farias Vlach<\/a><\/p>\n\n\n\n<p><a href=\"http:\/\/lattes.cnpq.br\/1601490104507077\">Dr. Guilherme Mallmann&nbsp;<\/a>(Queensland, Austr\u00e1lia)<\/p>\n\n\n\n<h2 class=\"wp-block-heading\">Comiss\u00e3o de Usu\u00e1rios<\/h2>\n\n\n\n<p><a href=\"http:\/\/lattes.cnpq.br\/3214753331766412\">Gergely Andres Julio Szabo<\/a><\/p>\n\n\n\n<p><a href=\"http:\/\/lattes.cnpq.br\/6600544102749994\">Rog\u00e9rio Guitarrari Azzone<\/a><\/p>\n\n\n\n<p><a href=\"http:\/\/lattes.cnpq.br\/2249074352821232\">Valdecir de Assis Janasi<\/a><\/p>\n\n\n\n<h2 class=\"wp-block-heading\">Contato<\/h2>\n\n\n\n<p>(011) 3091-0573 ou 3091-4092<\/p>\n\n\n\n<hr class=\"wp-block-separator\" \/>\n\n\n\n<div class=\"wp-block-file\"><a href=\"http:\/\/sites.igc.usp.br\/geoanalitica\/wp-content\/uploads\/sites\/17\/2018\/10\/Informacoes_gerais_usuario_Petrologia.pdf\">Informa\u00e7\u00f5es gerais para acesso ao laborat\u00f3rio<\/a><\/div>\n\n\n\n<div class=\"wp-block-file\"><a href=\"http:\/\/sites.igc.usp.br\/geoanalitica\/wp-content\/uploads\/sites\/17\/2018\/10\/Formulario_Utilizacao_Petrologia_e_Geoquimica_Experimental.docx\">Formul\u00e1rio para utiliza\u00e7\u00e3o das facilidades experimentais<\/a><\/div>\n\n\n\n<hr class=\"wp-block-separator\" \/>\n\n\n\n<h2 class=\"wp-block-heading\">Resumo das atividades e principais projetos<\/h2>\n\n\n\n<p>O Laborat\u00f3rio de Petrologia e Geoqu\u00edmica Experimental foi criado por iniciativa do Dr. Guilherme Mallmann atrav\u00e9s de Projeto Jovem Pesquisador FAPESP. O laborat\u00f3rio permite realizar experimentos de s\u00edntese, fus\u00e3o, cristaliza\u00e7\u00e3o e difus\u00e3o sob condi\u00e7\u00f5es vari\u00e1veis de press\u00e3o, temperatura e fugacidade de esp\u00e9cies vol\u00e1teis a partir de compostos naturais ou sint\u00e9ticos que possibilitam gerar embasamento para a compreens\u00e3o de processos petrol\u00f3gicos e geoqu\u00edmicos respons\u00e1veis pela evolu\u00e7\u00e3o de planetas terrestres.<\/p>\n\n\n\n<h3 class=\"wp-block-heading\">Projetos<\/h3>\n\n\n\n<ul class=\"wp-block-list\"><li>Estudos experimentais de acres\u00e7\u00e3o e diferencia\u00e7\u00e3o planet\u00e1ria (G. Mallmann, S. Vlach, V. Janasi, H. O\u00b4Neill, Berry, A. \u2013 Projeto FAPESP de cria\u00e7\u00e3o do laborat\u00f3rio, encerrado).<\/li><li>Adapta\u00e7\u00e3o e calibra\u00e7\u00e3o do aparato pist\u00e3o-cilindro para experimentos sob baixas (0,15 \u2013 0,40 GPa) press\u00f5es (S. Vlach, G. Mallmann, E. Ruberti, G. Rojas \u2013 Apoio FAPESP, em andamento)<\/li><li>Estudos experimentais de diferencia\u00e7\u00e3o geoqu\u00edmica da crosta terrestre (S. Vlach, G. Mallmann, G. Gualda, A. Naranjo, J. Corredor, L. Martins \u2013 Apoios CNPq e CAPES, em andamento)<\/li><li>Estudos de processos eruptivos de magmas sil\u00edcicos (V. Janasi, L. Polo, D. Giordano, C. De Campos, S. Vlach \u2013 Apoios FAPESP e CAPES, em andamento)<\/li><\/ul>\n\n\n\n<h2 class=\"wp-block-heading\">Equipamentos e facilidades<\/h2>\n\n\n\n<h3 class=\"wp-block-heading\">Fornalha tubular vertical com sistema misturador de gases<\/h3>\n\n\n\n<p>O laborat\u00f3rio conta com uma fornalha tubular vertical GERO HTRV 70-250\/18 que opera sob press\u00e3o atmosf\u00e9rica e temperaturas at\u00e9 1800\u00b0 C (sistema AT). Um sistema misturador de gases com encanamentos em a\u00e7o 316 e conec\u00e7\u00f5es Swagelok inclui controladores de fluxo de massa AALBORG (quatro an\u00e1logos para CO e CO<sub>2<\/sub>&nbsp;e dois digitais para Ar ou O<sub>2<\/sub>&nbsp;ou SO<sub>2<\/sub>) que permitem fluxos no intervalo entre 10 e 200 SCCM e duas unidades de leitura digital. Este sistema permite controlar de forma precisa (tipicamente da ordem 0,1 log bar) as fugacidades de O (f<sub>O2<\/sub>) e S (f<sub>S2<\/sub>) no interior da fornalha.<\/p>\n\n\n\n<div class=\"wp-block-image\"><figure class=\"aligncenter\"><img decoding=\"async\" src=\"https:\/\/i1.wp.com\/sites.igc.usp.br\/wp-content\/uploads\/2018\/09\/IMG_0308_01.jpg?w=900\" alt=\"\" class=\"wp-image-457\" \/><\/figure><\/div>\n\n\n\n<div class=\"wp-block-image\"><figure class=\"aligncenter\"><img decoding=\"async\" src=\"https:\/\/i2.wp.com\/sites.igc.usp.br\/wp-content\/uploads\/2018\/09\/8614dc0672.png?w=900\" alt=\"\" class=\"wp-image-456\" \/><figcaption><strong>Calibra\u00e7\u00f5es mais recentes:<\/strong>&nbsp;Calibra\u00e7\u00f5es para o perfil t\u00e9rmico da fornalha tubular vertical e para as fugacidades de O<sub>2<\/sub>. Notar que o ponto quente da fornalha se estende por cerca de 3 cm e que as fugacidades de O<sub>2<\/sub>calculadas por mistura de CO-CO<sub>2<\/sub>&nbsp;introduzida na fornalha (de acordo com as tabelas NIST-JANAF) e medidas diretamente com sensor de O<sub>2<\/sub>&nbsp;de eletr\u00f3lito s\u00f3lido SIRO2 700 s\u00e3o perfeitamente correspondentes. Ver Mallmann&nbsp;<em>et. al.<\/em>, 2014.<em>&nbsp;An. Acad. Bras. Ci\u00eanc.<\/em>,&nbsp;<strong>86<\/strong>:1609-1629.<\/figcaption><\/figure><\/div>\n\n\n\n<h3 class=\"wp-block-heading\">Aparato pist\u00e3o-cilindro<\/h3>\n\n\n\n<p>Encontra-se instalado um pist\u00e3o-cilindro (<em>end-loaded<\/em>, tipo Bristol, 200 ton). Este equipamento (sistema PC) permite realizar experimentos sob press\u00f5es entre 0,5 e 4,0 GPa sob temperaturas de at\u00e9 2.000\u00b0 C, condi\u00e7\u00f5es que simulam as encontradas na crosta continental inferior e no manto superior (at\u00e9 profundidades de&nbsp;<em>ca<\/em>. 120 km). Est\u00e3o dispon\u00edveis&nbsp;<em>pressure vessels<\/em>&nbsp;de \u00bd\u201d e \u00be\u201d. No presente est\u00e3o sendo efetuados testes e calibra\u00e7\u00f5es para adaptar uma&nbsp;<em>pressure vessel<\/em>&nbsp;de 1\u2033, que dever\u00e1 permitir a realiza\u00e7\u00e3o de experimentos em condi\u00e7\u00f5es de crosta continental m\u00e9dia a rasa (0,15 \u2013 0,5 GPa).<\/p>\n\n\n\n<div class=\"wp-block-image\"><figure class=\"aligncenter\"><img decoding=\"async\" src=\"https:\/\/i1.wp.com\/sites.igc.usp.br\/wp-content\/uploads\/2018\/09\/IMG_0486_01.jpg?w=900\" alt=\"\" class=\"wp-image-458\" \/><\/figure><\/div>\n\n\n\n<h3 class=\"wp-block-heading\">Sala de prepa\u00e7\u00e3o de amostras<\/h3>\n\n\n\n<p>Uma sala para prepara\u00e7\u00e3o de amostras e de celas experimentais, contendo materiais de consumo e equipamentos de menor porte necess\u00e1rios est\u00e1 dispon\u00edvel aos usu\u00e1rios. Conta-se com uma sele\u00e7\u00e3o de compostos qu\u00edmicos, soldadora pontual de precis\u00e3o, balan\u00e7a anal\u00edtica, mufla, serra de precis\u00e3o de baixa rota\u00e7\u00e3o e m\u00e1quina multifuncional entre outros equipamentos e materiais de suporte.<\/p>\n\n\n\n<div class=\"wp-block-image\"><figure class=\"aligncenter\"><img decoding=\"async\" src=\"https:\/\/i1.wp.com\/sites.igc.usp.br\/wp-content\/uploads\/2018\/09\/IMG_0095_01.jpg?w=900\" alt=\"\" class=\"wp-image-459\" \/><\/figure><\/div>\n\n\n\n<h2 class=\"wp-block-heading\">Equipamentos de Suporte<\/h2>\n\n\n\n<div class=\"wp-block-image\"><figure class=\"aligncenter\"><img decoding=\"async\" src=\"https:\/\/i0.wp.com\/sites.igc.usp.br\/wp-content\/uploads\/2018\/09\/fe37bb2511.jpg?w=900\" alt=\"\" class=\"wp-image-460\" \/><\/figure><\/div>\n\n\n\n<h2 class=\"wp-block-heading\">Instala\u00e7\u00f5es e Equipamentos de Infraestrutura<\/h2>\n\n\n\n<p>O laborat\u00f3rio conta com dois anexos: uma sala de gases, com tubos de gases (Ar, CO, CO<sub>2<\/sub>, O<sub>2<\/sub>, S<sub>2<\/sub>) que alimentam o Sistema AT e uma sala climatizada em que est\u00e3o instalados um sistema de recircula\u00e7\u00e3o\/refrigera\u00e7\u00e3o de H<sub>2<\/sub>O e um sistmea no-break de 20 kVa e respectivo banco de baterias. Este \u00faltimo est\u00e1 conectado com grupo gerador de 60 kVa. Estes equipamentos evitam a interrup\u00e7\u00e3o do experimentos em realiza\u00e7\u00e3o por raz\u00f5es de queda de energia e\/ou de fluxo de H<sub>2<\/sub>O bem como asseguram vida m\u00e9dia maior para os componentes eletr\u00f4nicos e t\u00e9rmicos dos equipamentos principais.<\/p>\n\n\n\n<div class=\"wp-block-image\"><figure class=\"aligncenter\"><img decoding=\"async\" src=\"https:\/\/i2.wp.com\/sites.igc.usp.br\/wp-content\/uploads\/2018\/09\/0d682c17f5.jpg?w=900\" alt=\"\" class=\"wp-image-461\" \/><\/figure><\/div>\n","protected":false},"excerpt":{"rendered":"<p>Docentes respons\u00e1veis Prof. Dr. F\u00e1bio Ramos Dias Andrade Prof. Dr. Gaston Eduardo Enrich Rojas Pesquisador associado Prof. Dr. Silvio Roberto Farias Vlach Dr. Guilherme Mallmann&nbsp;(Queensland, Austr\u00e1lia) Comiss\u00e3o de Usu\u00e1rios Gergely Andres Julio Szabo Rog\u00e9rio&#46;&#46;&#46;<\/p>\n","protected":false},"author":1,"featured_media":0,"parent":36,"menu_order":8,"comment_status":"closed","ping_status":"closed","template":"","meta":{"_acf_changed":false,"om_disable_all_campaigns":false,"_monsterinsights_skip_tracking":false,"_monsterinsights_sitenote_active":false,"_monsterinsights_sitenote_note":"","_monsterinsights_sitenote_category":0,"_uf_show_specific_survey":0,"_uf_disable_surveys":false,"footnotes":"","_links_to":"","_links_to_target":""},"class_list":["post-74","page","type-page","status-publish","hentry"],"acf":[],"aioseo_notices":[],"publishpress_future_action":{"enabled":false,"date":"2026-04-21 09:58:53","action":"change-status","newStatus":"draft","terms":[],"taxonomy":"language","extraData":[]},"publishpress_future_workflow_manual_trigger":{"enabledWorkflows":[]},"_links":{"self":[{"href":"https:\/\/igc.usp.br\/geoanalitica\/wp-json\/wp\/v2\/pages\/74","targetHints":{"allow":["GET"]}}],"collection":[{"href":"https:\/\/igc.usp.br\/geoanalitica\/wp-json\/wp\/v2\/pages"}],"about":[{"href":"https:\/\/igc.usp.br\/geoanalitica\/wp-json\/wp\/v2\/types\/page"}],"author":[{"embeddable":true,"href":"https:\/\/igc.usp.br\/geoanalitica\/wp-json\/wp\/v2\/users\/1"}],"replies":[{"embeddable":true,"href":"https:\/\/igc.usp.br\/geoanalitica\/wp-json\/wp\/v2\/comments?post=74"}],"version-history":[{"count":3,"href":"https:\/\/igc.usp.br\/geoanalitica\/wp-json\/wp\/v2\/pages\/74\/revisions"}],"predecessor-version":[{"id":152,"href":"https:\/\/igc.usp.br\/geoanalitica\/wp-json\/wp\/v2\/pages\/74\/revisions\/152"}],"up":[{"embeddable":true,"href":"https:\/\/igc.usp.br\/geoanalitica\/wp-json\/wp\/v2\/pages\/36"}],"wp:attachment":[{"href":"https:\/\/igc.usp.br\/geoanalitica\/wp-json\/wp\/v2\/media?parent=74"}],"curies":[{"name":"wp","href":"https:\/\/api.w.org\/{rel}","templated":true}]}}