{"id":61,"date":"2018-10-29T14:14:06","date_gmt":"2018-10-29T17:14:06","guid":{"rendered":"http:\/\/sites.igc.usp.br\/geoanalitica\/?page_id=61"},"modified":"2022-05-02T16:18:42","modified_gmt":"2022-05-02T19:18:42","slug":"laboratorio-de-microssonda-eletronica-me","status":"publish","type":"page","link":"https:\/\/igc.usp.br\/geoanalitica\/laboratorios-de-pesquisa\/laboratorio-de-microssonda-eletronica-me\/","title":{"rendered":"Laborat\u00f3rio de Microssonda Eletr\u00f4nica \u2013 ME"},"content":{"rendered":"\n<h2 class=\"wp-block-heading\">Docentes respons\u00e1veis<\/h2>\n\n\n\n<p><a href=\"http:\/\/buscatextual.cnpq.br\/buscatextual\/visualizacv.do?id=K4131956Z9\">Prof. Dr. Gaston Eduardo Enrich Rojas<\/a><\/p>\n\n\n\n<p><a href=\"http:\/\/lattes.cnpq.br\/3666520216687501\">Prof. Dr. Renato de Moraes<\/a><\/p>\n\n\n\n<p><a href=\"http:\/\/lattes.cnpq.br\/6600544102749994\">Prof. Dr. Rog\u00e9rio Guitarrari Azzone<\/a><\/p>\n\n\n\n<h2 class=\"wp-block-heading\">Especialistas em Laborat\u00f3rio<\/h2>\n\n\n\n<p>Marcos Mansueto (Qu\u00edmico)<\/p>\n\n\n\n<h2 class=\"wp-block-heading\">T\u00e9cnico de Laborat\u00f3rio<\/h2>\n\n\n\n<p>Paulo Roberto Molinaro<\/p>\n\n\n\n<h2 class=\"wp-block-heading\">Contato<\/h2>\n\n\n\n<p>(11) 3091-4113<\/p>\n\n\n\n<p>(11) 3091-0550<\/p>\n\n\n\n<p><\/p>\n\n\n\n<div class=\"wp-block-columns is-layout-flex wp-container-core-columns-is-layout-9d6595d7 wp-block-columns-is-layout-flex\">\n<div class=\"wp-block-column is-layout-flow wp-block-column-is-layout-flow\" style=\"flex-basis:100%\">\n<div class=\"wp-block-group\"><div class=\"wp-block-group__inner-container is-layout-flow wp-block-group-is-layout-flow\">\n<div class=\"wp-block-columns is-layout-flex wp-container-core-columns-is-layout-9d6595d7 wp-block-columns-is-layout-flex\">\n<div class=\"wp-block-column is-layout-flow wp-block-column-is-layout-flow\" style=\"flex-basis:100%\">\n<div class=\"wp-block-group\"><div class=\"wp-block-group__inner-container is-layout-flow wp-block-group-is-layout-flow\">\n<h2 class=\"wp-block-heading\">Solicita\u00e7\u00e3o de An\u00e1lises<\/h2>\n\n\n\n<p>As solicita\u00e7\u00f5es para uso do equipamento de Microssonda Eletr\u00f4nica  dever\u00e3o ser realizadas via Sistema USP Multi.<\/p>\n\n\n\n<p><a href=\"https:\/\/uspmulti.prp.usp.br\/public\/centrais\/74\">Clique aqui para acessar a Central Multiusu\u00e1rios Geoanal\u00edtica<\/a><\/p>\n\n\n\n<p>Caso tenha d\u00favidas sobre como navegar no sistema USP Multi, acessar o documento abaixo.<\/p>\n\n\n\n<p><a href=\"http:\/\/igc.usp.br\/geoanalitica\/wp-content\/uploads\/sites\/17\/2021\/08\/CMGeo.pdf\" data-type=\"URL\" data-id=\"http:\/\/igc.usp.br\/geoanalitica\/wp-content\/uploads\/sites\/17\/2021\/08\/CMGeo.pdf\">Orienta\u00e7\u00f5es para uso do USP Multi<\/a><\/p>\n\n\n\n<p><\/p>\n\n\n\n<p><a rel=\"noreferrer noopener\" href=\"http:\/\/igc.usp.br\/geoanalitica\/wp-content\/uploads\/sites\/17\/2021\/05\/rotinas_minerais_WDS.pdf\" target=\"_blank\">Rotinas e Minerais WDS<\/a><\/p>\n\n\n\n<p><a href=\"http:\/\/igc.usp.br\/geoanalitica\/wp-content\/uploads\/sites\/17\/2020\/08\/Informal\u00e7\u00f5es-ME3.pdf\">Custos e informa\u00e7\u00f5es para acesso ao laborat\u00f3rio<\/a><\/p>\n<\/div><\/div>\n<\/div>\n<\/div>\n<\/div><\/div>\n<\/div>\n<\/div>\n\n\n\n<h2 class=\"wp-block-heading\">Resumo das atividades<\/h2>\n\n\n\n<p>O Laborat\u00f3rio de Microssonda Eletr\u00f4nica (EPMA) \u00e9 o mais tradicional e moderno da Am\u00e9rica do Sul, operando desde o in\u00edcio da d\u00e9cada de 1970. Realiza rotineiramente an\u00e1lises composicionais quantitativas e qualitativas pontuais por dispers\u00e3o de energias (EDS) e de comprimento de ondas (WDS) e imageamentos de varredura eletr\u00f4nica (eletrons secund\u00e1rios, SE, e retro-espalhados, BSE), de raios X caracter\u00edsticos e de luz c\u00e1todo-luminescente (CL), todos com alta resolu\u00e7\u00e3o espacial. As an\u00e1lises quantitativas (mote principal do laborat\u00f3rio) e qualitativas podem ser obtidas em volumes diminutos (algumas \u00b5m3). Em princ\u00edpio, quaisquer amostras de materiais s\u00f3lidos naturais ou sintetizados s\u00e3o pass\u00edveis de an\u00e1lise: minerais, ligas met\u00e1licas, vidros, cer\u00e2micas, bem como outros materiais de interesse \u00e0s geoci\u00eancias e \u00e0s ci\u00eancias dos materiais. Procedimentos anal\u00edticos dispon\u00edveis em rotina aos usu\u00e1rios incluem al\u00e9m de imageamentos e an\u00e1lises qualitativas (EDS, WDS) de quaisquer materiais, determina\u00e7\u00f5es quantitativas (WDS) pontuais para minerais formadores de rocha e minerais acess\u00f3rios e\/ou de interesse metalogen\u00e9tico. Procedimentos diferenciados, tais como an\u00e1lises para geocronologia Th-U-PbT de minerais portadores de Th e\/ou U, an\u00e1lises em que se requer limites de quantifica\u00e7\u00e3o otimizados para elementos espec\u00edficos, outros minerais e\/ou materiais s\u00e3o agendados mediante consulta pr\u00e9via.<\/p>\n\n\n\n<p>As amostras s\u00e3o preparadas no Setor de Lamina\u00e7\u00e3o do Laborat\u00f3rio e incluem se\u00e7\u00f5es delgado-polidas convencionais com espessuras vari\u00e1veis e diversas montagens de gr\u00e3os e\/ou fragmentos em resina apropriada.<\/p>\n\n\n\n<p>Os docentes ligados diretamente ao laborat\u00f3rio oferecem duas disciplinas espec\u00edficas, uma, optativa, em n\u00edvel de gradua\u00e7\u00e3o (GMG-482, An\u00e1lise Instrumental II), outra para p\u00f3s-gradua\u00e7\u00e3o (GMG-5854, Microssonda Eletr\u00f4nica), em que s\u00e3o ministrados os fundamentos dos diversos m\u00e9todos e suas aplica\u00e7\u00f5es, com \u00eanfase nas atividades pr\u00e1ticas para opera\u00e7\u00e3o dos equipamentos, prepara\u00e7\u00e3o de rotinas anal\u00edticas e tratamento de dados.<\/p>\n\n\n\n<p>As atividades anal\u00edticas dos usu\u00e1rios s\u00e3o assistidas por t\u00e9cnicos de n\u00edvel superior e, quando necess\u00e1rio, pelos docentes respons\u00e1veis.<\/p>\n\n\n\n<h2 class=\"wp-block-heading\">Equipamentos<\/h2>\n\n\n\n<p>O laborat\u00f3rio est\u00e1 instalado em dois ambientes distintos e disp\u00f5e de duas microssondas eletr\u00f4nicas totalmente automatizadas, uma JEOL-JXA8600 convencional, com canh\u00e3o eletr\u00f4nico com filamento de W e, outra, moderna, JEOL JXA-FE-8530, com com canh\u00e3o eletr\u00f4nico suportado por Field Emission (FE), que permite a melhor resolu\u00e7\u00e3o espacial da atualidade. Ambas est\u00e3o providas com cinco espectr\u00f4metros WDS e um espectr\u00f4metro EDS. Os espectr\u00f4metros WDS contam, cada qual, com dois cristais analisadores intercambi\u00e1veis. Cristais analisadores de grande \u00e1rea para elementos leves, bem como detector para imageamento CL, est\u00e3o dispon\u00edveis no equipamento 8530.<\/p>\n\n\n\n<p>O laborat\u00f3rio conta com infra-estrutura completa para opera\u00e7\u00e3o, que inclue climatiza\u00e7\u00e3o especial, grupos geradores e sistemas \u201cno-break\u201d, al\u00e9m de micro-computadores para tratamento de dados.<\/p>\n\n\n\n<p>O Setor de Lamina\u00e7\u00e3o do Laborat\u00f3rio conta com completa linha de equipamentos Logitech para prepara\u00e7\u00e3o de se\u00e7\u00f5es delgado-polidas e montagens de fragmentos\/gr\u00e3os. Para prepara\u00e7\u00e3o de amostras, conta-se tamb\u00e9m com metalizadores Edwards e Jeol, al\u00e9m de evaporador de C e Au convencional e equipamentos menores para suporte geral. Uma platina automatizada MicroBeam sob microsc\u00f3pio com luzes transmitida\/refletida permite referenciar pontos para an\u00e1lise com precis\u00e3o microm\u00e9trica.<\/p>\n","protected":false},"excerpt":{"rendered":"<p>Docentes respons\u00e1veis Prof. Dr. Gaston Eduardo Enrich Rojas Prof. Dr. Renato de Moraes Prof. Dr. Rog\u00e9rio Guitarrari Azzone Especialistas em Laborat\u00f3rio Marcos Mansueto (Qu\u00edmico) T\u00e9cnico de Laborat\u00f3rio Paulo Roberto Molinaro Contato (11) 3091-4113 (11)&#46;&#46;&#46;<\/p>\n","protected":false},"author":1,"featured_media":0,"parent":36,"menu_order":5,"comment_status":"closed","ping_status":"closed","template":"","meta":{"_acf_changed":false,"om_disable_all_campaigns":false,"_monsterinsights_skip_tracking":false,"_monsterinsights_sitenote_active":false,"_monsterinsights_sitenote_note":"","_monsterinsights_sitenote_category":0,"_uf_show_specific_survey":0,"_uf_disable_surveys":false,"footnotes":"","_links_to":"","_links_to_target":""},"class_list":["post-61","page","type-page","status-publish","hentry"],"acf":[],"aioseo_notices":[],"publishpress_future_action":{"enabled":false,"date":"2026-04-24 12:31:42","action":"change-status","newStatus":"draft","terms":[],"taxonomy":"language","extraData":[]},"publishpress_future_workflow_manual_trigger":{"enabledWorkflows":[]},"_links":{"self":[{"href":"https:\/\/igc.usp.br\/geoanalitica\/wp-json\/wp\/v2\/pages\/61","targetHints":{"allow":["GET"]}}],"collection":[{"href":"https:\/\/igc.usp.br\/geoanalitica\/wp-json\/wp\/v2\/pages"}],"about":[{"href":"https:\/\/igc.usp.br\/geoanalitica\/wp-json\/wp\/v2\/types\/page"}],"author":[{"embeddable":true,"href":"https:\/\/igc.usp.br\/geoanalitica\/wp-json\/wp\/v2\/users\/1"}],"replies":[{"embeddable":true,"href":"https:\/\/igc.usp.br\/geoanalitica\/wp-json\/wp\/v2\/comments?post=61"}],"version-history":[{"count":27,"href":"https:\/\/igc.usp.br\/geoanalitica\/wp-json\/wp\/v2\/pages\/61\/revisions"}],"predecessor-version":[{"id":300,"href":"https:\/\/igc.usp.br\/geoanalitica\/wp-json\/wp\/v2\/pages\/61\/revisions\/300"}],"up":[{"embeddable":true,"href":"https:\/\/igc.usp.br\/geoanalitica\/wp-json\/wp\/v2\/pages\/36"}],"wp:attachment":[{"href":"https:\/\/igc.usp.br\/geoanalitica\/wp-json\/wp\/v2\/media?parent=61"}],"curies":[{"name":"wp","href":"https:\/\/api.w.org\/{rel}","templated":true}]}}