{"id":51,"date":"2018-10-25T11:15:13","date_gmt":"2018-10-25T14:15:13","guid":{"rendered":"http:\/\/sites.igc.usp.br\/gaa\/?page_id=51"},"modified":"2023-11-13T16:36:31","modified_gmt":"2023-11-13T19:36:31","slug":"paleontologia-sistematica","status":"publish","type":"page","link":"https:\/\/igc.usp.br\/gaa\/laboratorios\/paleontologia-sistematica\/","title":{"rendered":"Paleontologia Sistem\u00e1tica &#8211; LPS"},"content":{"rendered":"\n<h2 class=\"wp-block-heading\">Contato<\/h2>\n\n\n\n<p>Tel: 3091-4123<br> E-mail: leme@usp.br<\/p>\n\n\n\n<h2 class=\"wp-block-heading\">Respons\u00e1veis<\/h2>\n\n\n\n<p>Profa. Dra. Juliana de Moraes Leme Basso<br>Prof. Dr. Paulo Eduardo de Oliveira<br>Ivone Cardoso Gonzales (T\u00e9cnica Respons\u00e1vel)<\/p>\n\n\n\n<h2 class=\"wp-block-heading\">Breve resumo das atividades<\/h2>\n\n\n\n<p>Agrega cole\u00e7\u00f5es paleontol\u00f3gicas. Atua na incorpora\u00e7\u00e3o de novos esp\u00e9cimes para cole\u00e7\u00f5es, supervis\u00e3o de estagi\u00e1rios na Paleontologia, atendimento ao p\u00fablico, p\u00f3s-graduandos e pesquisadores, inclusive do exterior. D\u00e1 suporte para exposi\u00e7\u00f5es do Museu e para atividades did\u00e1ticas e emiss\u00e3o de laudos t\u00e9cnicos.<\/p>\n\n\n\n<h2 class=\"wp-block-heading\">Tipos de an\u00e1lises ou ensaios realizados<\/h2>\n\n\n\n<ul class=\"wp-block-list\">\n<li>Identifca\u00e7\u00e3o de f\u00f3sseis<br><\/li>\n\n\n\n<li>Emiss\u00e3o de laudos t\u00e9cnicos sobre material paleontol\u00f3gico<\/li>\n<\/ul>\n\n\n\n<h2 class=\"wp-block-heading\">Materiais geol\u00f3gicos analisados<\/h2>\n\n\n\n<p>F\u00f3sseis de todo tipo, inclusive material suspeito de ser f\u00f3ssil.<\/p>\n","protected":false},"excerpt":{"rendered":"<p>Contato Tel: 3091-4123 E-mail: leme@usp.br Respons\u00e1veis Profa. Dra. Juliana de Moraes Leme BassoProf. Dr. Paulo Eduardo de OliveiraIvone Cardoso Gonzales (T\u00e9cnica Respons\u00e1vel) Breve resumo das atividades Agrega cole\u00e7\u00f5es paleontol\u00f3gicas. Atua na incorpora\u00e7\u00e3o de novos&#46;&#46;&#46;<\/p>\n","protected":false},"author":1,"featured_media":0,"parent":104,"menu_order":13,"comment_status":"closed","ping_status":"closed","template":"","meta":{"_acf_changed":false,"om_disable_all_campaigns":false,"_monsterinsights_skip_tracking":false,"_monsterinsights_sitenote_active":false,"_monsterinsights_sitenote_note":"","_monsterinsights_sitenote_category":0,"_uf_show_specific_survey":0,"_uf_disable_surveys":false,"footnotes":"","_links_to":"","_links_to_target":""},"class_list":["post-51","page","type-page","status-publish","hentry"],"acf":[],"aioseo_notices":[],"publishpress_future_action":{"enabled":false,"date":"2026-05-24 03:22:32","action":"change-status","newStatus":"draft","terms":[],"taxonomy":"language","extraData":[]},"publishpress_future_workflow_manual_trigger":{"enabledWorkflows":[]},"_links":{"self":[{"href":"https:\/\/igc.usp.br\/gaa\/wp-json\/wp\/v2\/pages\/51","targetHints":{"allow":["GET"]}}],"collection":[{"href":"https:\/\/igc.usp.br\/gaa\/wp-json\/wp\/v2\/pages"}],"about":[{"href":"https:\/\/igc.usp.br\/gaa\/wp-json\/wp\/v2\/types\/page"}],"author":[{"embeddable":true,"href":"https:\/\/igc.usp.br\/gaa\/wp-json\/wp\/v2\/users\/1"}],"replies":[{"embeddable":true,"href":"https:\/\/igc.usp.br\/gaa\/wp-json\/wp\/v2\/comments?post=51"}],"version-history":[{"count":2,"href":"https:\/\/igc.usp.br\/gaa\/wp-json\/wp\/v2\/pages\/51\/revisions"}],"predecessor-version":[{"id":183,"href":"https:\/\/igc.usp.br\/gaa\/wp-json\/wp\/v2\/pages\/51\/revisions\/183"}],"up":[{"embeddable":true,"href":"https:\/\/igc.usp.br\/gaa\/wp-json\/wp\/v2\/pages\/104"}],"wp:attachment":[{"href":"https:\/\/igc.usp.br\/gaa\/wp-json\/wp\/v2\/media?parent=51"}],"curies":[{"name":"wp","href":"https:\/\/api.w.org\/{rel}","templated":true}]}}