{"id":17,"date":"2018-10-25T10:53:00","date_gmt":"2018-10-25T13:53:00","guid":{"rendered":"http:\/\/sites.igc.usp.br\/gaa\/?page_id=17"},"modified":"2026-05-14T13:45:05","modified_gmt":"2026-05-14T16:45:05","slug":"apresentacao","status":"publish","type":"page","link":"https:\/\/igc.usp.br\/gaa\/","title":{"rendered":"Apresenta\u00e7\u00e3o"},"content":{"rendered":"\n<p>O <strong>Departamento de Geologia Ambiental e Aplicada (GAA) <\/strong>integra atividades de ensino, pesquisa e extens\u00e3o universit\u00e1ria em tem\u00e1ticas relativas aos processos da din\u00e2mica externa da Terra, com \u00eanfase nas intera\u00e7\u00f5es entre litosfera-hidrosfera-biosfera, e \u00e0 aplica\u00e7\u00e3o das Geoci\u00eancias aos estudos sobre recursos minerais, energ\u00e9ticos, h\u00eddricos, geotecnia, geologia forense, geof\u00edsica e geologia ambiental.<\/p>\n\n\n\n<p>O departamento foi originado, em 1999, da fus\u00e3o dos departamentos de \u201cPaleontologia e Estratigrafia\u201d e \u201cGeologia Econ\u00f4mica e Geof\u00edsica Aplicada\u201d do IGc-USP, sendo denominado, at\u00e9 2025, como Departamento de Geologia Sedimentar e Ambiental (GSA). O novo nome (<strong>Departamento de Geologia Ambiental e Aplicada &#8211; GAA<\/strong>) ressalta a relev\u00e2ncia dos estudos ambientais, incluindo os relativos \u00e0s mudan\u00e7as (paleo-)clim\u00e1ticas e \u00e0 intera\u00e7\u00e3o com a vida, e \u00e0s aplica\u00e7\u00f5es das Geoci\u00eancias em tem\u00e1ticas prementes para a sociedade. Destacam-se, entre essas, as demandas por recursos naturais, incluindo recursos minerais cr\u00edticos e estrat\u00e9gicos para o desenvolvimento econ\u00f4mico e para a necess\u00e1ria promo\u00e7\u00e3o da transi\u00e7\u00e3o energ\u00e9tica e para uma economia de baixo carbono, o planejamento e gest\u00e3o de recursos h\u00eddricos frente ao crescimento populacional, \u00e0 urbaniza\u00e7\u00e3o e \u00e0s mudan\u00e7as clim\u00e1ticas, a busca por solu\u00e7\u00f5es de problemas geol\u00f3gicos em obras de engenharia e ocupa\u00e7\u00e3o do meio f\u00edsico, o desenvolvimento de aplica\u00e7\u00f5es de Intelig\u00eancia Artificial e geotecnologias, entre outras.<\/p>\n\n\n\n<p>As pesquisas cient\u00edficas aplicadas voltadas \u00e0 solu\u00e7\u00e3o de problemas complexos resultam no relacionamento direto com a sociedade e com os diversos setores da ind\u00fastria e de \u00f3rg\u00e3os p\u00fablicos, permitindo aperfei\u00e7oamento de pol\u00edticas p\u00fablicas e a propaga\u00e7\u00e3o de sua a\u00e7\u00e3o em \u00f3rg\u00e3os da administra\u00e7\u00e3o direta e internacional.<\/p>\n\n\n\n<p>As principais linhas de pesquisa do GAA s\u00e3o:<\/p>\n\n\n\n<h3 class=\"wp-block-heading\">Linhas de Pesquisa<\/h3>\n\n\n\n<ul class=\"wp-block-list\">\n<li>Sistemas Sedimentares, Geobiologia e Paleoclimatologia<\/li>\n\n\n\n<li>Hidrogeologia, Gest\u00e3o de Recursos H\u00eddricos e Geoqu\u00edmica Ambiental<\/li>\n\n\n\n<li>Geotecnia<\/li>\n\n\n\n<li>Geof\u00edsica Aplicada e Geotecnologias<\/li>\n\n\n\n<li>Geoestat\u00edstica e Intelig\u00eancia Artificial<\/li>\n\n\n\n<li>Sistemas Minerais e Metalog\u00eanese<\/li>\n\n\n\n<li>Sistemas Petrol\u00edferos e Recursos Energ\u00e9ticos<\/li>\n\n\n\n<li>Educa\u00e7\u00e3o e Divulga\u00e7\u00e3o em Geoci\u00eancias<\/li>\n<\/ul>\n\n\n\n<h3 class=\"wp-block-heading\">Projeto Acad\u00eamico 2023-2027<\/h3>\n\n\n\n<div data-wp-interactive=\"core\/file\" class=\"wp-block-file\"><object data-wp-bind--hidden=\"!state.hasPdfPreview\" hidden class=\"wp-block-file__embed\" data=\"https:\/\/igc.usp.br\/gaa\/wp-content\/uploads\/sites\/45\/2025\/07\/Projeto-Academico-do-GAA-2023-2027.pdf\" type=\"application\/pdf\" style=\"width:100%;height:600px\" aria-label=\"Incorporado de Projeto Acad\u00eamico do GAA - 2023-2027.\"><\/object><a id=\"wp-block-file--media-4e835f69-3f9b-47cc-8b04-b956e3add5f4\" href=\"https:\/\/igc.usp.br\/gaa\/wp-content\/uploads\/sites\/45\/2025\/07\/Projeto-Academico-do-GAA-2023-2027.pdf\">Projeto Acad\u00eamico do GAA &#8211; 2023-2027<\/a><a href=\"https:\/\/igc.usp.br\/gaa\/wp-content\/uploads\/sites\/45\/2025\/07\/Projeto-Academico-do-GAA-2023-2027.pdf\" class=\"wp-block-file__button wp-element-button\" download aria-describedby=\"wp-block-file--media-4e835f69-3f9b-47cc-8b04-b956e3add5f4\">Baixar<\/a><\/div>\n","protected":false},"excerpt":{"rendered":"<p>O Departamento de Geologia Ambiental e Aplicada (GAA) integra atividades de ensino, pesquisa e extens\u00e3o universit\u00e1ria em tem\u00e1ticas relativas aos processos da din\u00e2mica externa da Terra, com \u00eanfase nas intera\u00e7\u00f5es entre litosfera-hidrosfera-biosfera, e \u00e0&#46;&#46;&#46;<\/p>\n","protected":false},"author":1,"featured_media":0,"parent":0,"menu_order":3,"comment_status":"closed","ping_status":"closed","template":"","meta":{"_acf_changed":false,"om_disable_all_campaigns":false,"_monsterinsights_skip_tracking":false,"_monsterinsights_sitenote_active":false,"_monsterinsights_sitenote_note":"","_monsterinsights_sitenote_category":0,"_uf_show_specific_survey":0,"_uf_disable_surveys":false,"footnotes":"","_links_to":"","_links_to_target":""},"class_list":["post-17","page","type-page","status-publish","hentry"],"acf":[],"aioseo_notices":[],"publishpress_future_action":{"enabled":false,"date":"2026-05-23 11:34:51","action":"change-status","newStatus":"draft","terms":[],"taxonomy":"language","extraData":[]},"publishpress_future_workflow_manual_trigger":{"enabledWorkflows":[]},"_links":{"self":[{"href":"https:\/\/igc.usp.br\/gaa\/wp-json\/wp\/v2\/pages\/17","targetHints":{"allow":["GET"]}}],"collection":[{"href":"https:\/\/igc.usp.br\/gaa\/wp-json\/wp\/v2\/pages"}],"about":[{"href":"https:\/\/igc.usp.br\/gaa\/wp-json\/wp\/v2\/types\/page"}],"author":[{"embeddable":true,"href":"https:\/\/igc.usp.br\/gaa\/wp-json\/wp\/v2\/users\/1"}],"replies":[{"embeddable":true,"href":"https:\/\/igc.usp.br\/gaa\/wp-json\/wp\/v2\/comments?post=17"}],"version-history":[{"count":3,"href":"https:\/\/igc.usp.br\/gaa\/wp-json\/wp\/v2\/pages\/17\/revisions"}],"predecessor-version":[{"id":252,"href":"https:\/\/igc.usp.br\/gaa\/wp-json\/wp\/v2\/pages\/17\/revisions\/252"}],"wp:attachment":[{"href":"https:\/\/igc.usp.br\/gaa\/wp-json\/wp\/v2\/media?parent=17"}],"curies":[{"name":"wp","href":"https:\/\/api.w.org\/{rel}","templated":true}]}}