{"id":154,"date":"2023-11-10T10:19:36","date_gmt":"2023-11-10T13:19:36","guid":{"rendered":"https:\/\/igc.usp.br\/gaa\/?page_id=154"},"modified":"2023-11-10T10:19:38","modified_gmt":"2023-11-10T13:19:38","slug":"portarias-do-gsa","status":"publish","type":"page","link":"https:\/\/igc.usp.br\/gaa\/portarias-do-gsa\/","title":{"rendered":"Portarias do GSA"},"content":{"rendered":"\n<div class=\"wp-block-file\"><a id=\"wp-block-file--media-634af295-843d-4167-a9b4-119ac3184b1e\" href=\"http:\/\/igc.usp.br\/gaa\/wp-content\/uploads\/sites\/45\/2023\/11\/Portaria-GSA-001-de-2010-Comissao-de-Ensino.pdf\">Portaria GSA 001 de 2010 &#8211; Comiss\u00e3o de Ensino<\/a><\/div>\n\n\n\n<div class=\"wp-block-file\"><a id=\"wp-block-file--media-09bc199b-0f61-4e9d-8ecf-5c0983bdd196\" href=\"http:\/\/igc.usp.br\/gaa\/wp-content\/uploads\/sites\/45\/2023\/11\/Portaria-GSA-002-de-2013-Permanencia-e-Renovacao-Senior-atualizada-pela-10-de-2017.pdf\">Portaria GSA 002 de 2013 &#8211; Perman\u00eancia e Renova\u00e7\u00e3o S\u00eanior &#8211; atualizada pela 10 de 2017<\/a><\/div>\n\n\n\n<div class=\"wp-block-file\"><a id=\"wp-block-file--media-f95ff34b-f52d-4ab4-8cbc-1c0b065b29d5\" href=\"http:\/\/igc.usp.br\/gaa\/wp-content\/uploads\/sites\/45\/2023\/11\/Portaria-GSA-003-de-2014-Participacao-na-CTF.pdf\">Portaria GSA 003 de 2014 &#8211; Participa\u00e7\u00e3o na CTF<\/a><\/div>\n\n\n\n<div class=\"wp-block-file\"><a id=\"wp-block-file--media-3faec035-0053-4bdf-8374-25b321f44b93\" href=\"http:\/\/igc.usp.br\/gaa\/wp-content\/uploads\/sites\/45\/2023\/11\/Portaria-GSA-004-de-2014-Creditos-Orientacao-TF.pdf\">Portaria GSA 004 de 2014 &#8211; Cr\u00e9ditos Orienta\u00e7\u00e3o TF<\/a><\/div>\n\n\n\n<div class=\"wp-block-file\"><a id=\"wp-block-file--media-16985679-68c4-4b1e-a162-6bb8e4530adc\" href=\"http:\/\/igc.usp.br\/gaa\/wp-content\/uploads\/sites\/45\/2023\/11\/Portaria-GSA-005-de-2014-Normas-Ocupacao-de-Salas-GSA-substituida-pela-13-de-2022.pdf\">Portaria GSA 005 de 2014 &#8211; Normas Ocupa\u00e7\u00e3o de Salas GSA &#8211; substitu\u00edda pela 13 de 2022<\/a><\/div>\n\n\n\n<div class=\"wp-block-file\"><a id=\"wp-block-file--media-b797f71b-0471-4d06-8e4e-9826ba46c9b3\" href=\"http:\/\/igc.usp.br\/gaa\/wp-content\/uploads\/sites\/45\/2023\/11\/Portaria-GSA-006-de-2015-Premiacao-TF-com-qualidade-destacada.pdf\">Portaria GSA 006 de 2015 &#8211; Premia\u00e7\u00e3o TF com qualidade destacada<\/a><\/div>\n\n\n\n<div class=\"wp-block-file\"><a id=\"wp-block-file--media-7f54622c-3d90-4e3c-a476-6d47a252c099\" href=\"http:\/\/igc.usp.br\/gaa\/wp-content\/uploads\/sites\/45\/2023\/11\/Portaria-GSA-007-de-2016-Criacao-de-Laboratorios-no-GSA.pdf\">Portaria GSA 007 de 2016 &#8211; Cria\u00e7\u00e3o de Laborat\u00f3rios no GSA<\/a><\/div>\n\n\n\n<div class=\"wp-block-file\"><a id=\"wp-block-file--media-1a4f488d-3cdb-4dd9-b36c-db5d5231a86f\" href=\"http:\/\/igc.usp.br\/gaa\/wp-content\/uploads\/sites\/45\/2023\/11\/Portaria-GSA-008-de-2017-Definicoes-para-os-Laboratorios-Multiusuarios-atualizada-pela-12-de-2022.pdf\">Portaria GSA 008 de 2017 &#8211; Defini\u00e7\u00f5es para os Laborat\u00f3rios Multiusu\u00e1rios &#8211; atualizada pela 12 de 2022<\/a><\/div>\n\n\n\n<div class=\"wp-block-file\"><a id=\"wp-block-file--media-ddadd5f2-486c-4ab8-8f0b-f5464c7c2189\" href=\"http:\/\/igc.usp.br\/gaa\/wp-content\/uploads\/sites\/45\/2023\/11\/Portaria-GSA-009-de-2017-Atividades-complementares-para-Distribuicao-Didatica.pdf\">Portaria GSA 009 de 2017 &#8211; Atividades complementares para Distribui\u00e7\u00e3o Did\u00e1tica<\/a><\/div>\n\n\n\n<div class=\"wp-block-file\"><a id=\"wp-block-file--media-54facadd-4a6e-440e-8e88-72d6ca10ad01\" href=\"http:\/\/igc.usp.br\/gaa\/wp-content\/uploads\/sites\/45\/2023\/11\/Portaria-GSA-010-de-2017-Permanencia-e-Renovacao-Senior-alterado.pdf\">Portaria GSA 010 de 2017 &#8211; Perman\u00eancia e Renova\u00e7\u00e3o S\u00eanior (alterado)<\/a><\/div>\n\n\n\n<div class=\"wp-block-file\"><a id=\"wp-block-file--media-0d99ce16-907a-44cf-9be7-7f76fa6fdf70\" href=\"http:\/\/igc.usp.br\/gaa\/wp-content\/uploads\/sites\/45\/2023\/11\/Portaria-GSA-011-de-2018-Definicoes-para-Laboratorios-Multiusuarios.pdf\">Portaria GSA 011 de 2018 &#8211; Defini\u00e7\u00f5es para Laborat\u00f3rios Multiusu\u00e1rios<\/a><\/div>\n\n\n\n<div class=\"wp-block-file\"><a id=\"wp-block-file--media-aa93b159-cd92-4b4a-b935-66669b4221db\" href=\"http:\/\/igc.usp.br\/gaa\/wp-content\/uploads\/sites\/45\/2023\/11\/Portaria-GSA-012-de-2022-Definicoes-para-Laboratorios-e-Central-Multiusuarios.pdf\">Portaria GSA 012 de 2022 &#8211; Defini\u00e7\u00f5es para Laborat\u00f3rios e Central Multiusu\u00e1rios<\/a><\/div>\n\n\n\n<div class=\"wp-block-file\"><a id=\"wp-block-file--media-cf5a5a45-3016-456f-9fc2-abd3f8d20fc3\" href=\"http:\/\/igc.usp.br\/gaa\/wp-content\/uploads\/sites\/45\/2023\/11\/Portaria-GSA-013-de-2022-Normas-Ocupacao-de-Salas-Atualizada.pdf\">Portaria GSA 013 de 2022 &#8211; Normas Ocupa\u00e7\u00e3o de Salas Atualizada<\/a><\/div>\n","protected":false},"excerpt":{"rendered":"","protected":false},"author":1,"featured_media":0,"parent":0,"menu_order":0,"comment_status":"closed","ping_status":"closed","template":"","meta":{"_acf_changed":false,"om_disable_all_campaigns":false,"_monsterinsights_skip_tracking":false,"_monsterinsights_sitenote_active":false,"_monsterinsights_sitenote_note":"","_monsterinsights_sitenote_category":0,"_uf_show_specific_survey":0,"_uf_disable_surveys":false,"footnotes":"","_links_to":"","_links_to_target":""},"class_list":["post-154","page","type-page","status-publish","hentry"],"acf":[],"aioseo_notices":[],"publishpress_future_action":{"enabled":false,"date":"2026-05-23 14:19:23","action":"change-status","newStatus":"draft","terms":[],"taxonomy":"language","extraData":[]},"publishpress_future_workflow_manual_trigger":{"enabledWorkflows":[]},"_links":{"self":[{"href":"https:\/\/igc.usp.br\/gaa\/wp-json\/wp\/v2\/pages\/154","targetHints":{"allow":["GET"]}}],"collection":[{"href":"https:\/\/igc.usp.br\/gaa\/wp-json\/wp\/v2\/pages"}],"about":[{"href":"https:\/\/igc.usp.br\/gaa\/wp-json\/wp\/v2\/types\/page"}],"author":[{"embeddable":true,"href":"https:\/\/igc.usp.br\/gaa\/wp-json\/wp\/v2\/users\/1"}],"replies":[{"embeddable":true,"href":"https:\/\/igc.usp.br\/gaa\/wp-json\/wp\/v2\/comments?post=154"}],"version-history":[{"count":2,"href":"https:\/\/igc.usp.br\/gaa\/wp-json\/wp\/v2\/pages\/154\/revisions"}],"predecessor-version":[{"id":170,"href":"https:\/\/igc.usp.br\/gaa\/wp-json\/wp\/v2\/pages\/154\/revisions\/170"}],"wp:attachment":[{"href":"https:\/\/igc.usp.br\/gaa\/wp-json\/wp\/v2\/media?parent=154"}],"curies":[{"name":"wp","href":"https:\/\/api.w.org\/{rel}","templated":true}]}}