{"id":149,"date":"2023-10-10T16:29:35","date_gmt":"2023-10-10T19:29:35","guid":{"rendered":"https:\/\/igc.usp.br\/gaa\/?page_id=149"},"modified":"2025-07-07T13:58:53","modified_gmt":"2025-07-07T16:58:53","slug":"conselho-departamental","status":"publish","type":"page","link":"https:\/\/igc.usp.br\/gaa\/conselho-departamental\/","title":{"rendered":"Conselho Departamental"},"content":{"rendered":"\n<h2 class=\"wp-block-heading\">Chefia do GAA<\/h2>\n\n\n\n<p><em>(Mandato de 01\/02\/2024 a 31\/01\/2026)<\/em><\/p>\n\n\n\n<h3 class=\"wp-block-heading\">Chefe<\/h3>\n\n\n\n<p>Profa. Dra. Lena Virg\u00ednia Soares Monteiro<\/p>\n\n\n\n<h3 class=\"wp-block-heading\">Vice-Chefe<\/h3>\n\n\n\n<p>Prof. Dr. Marcelo  Monteiro da Rocha<\/p>\n\n\n\n<h2 class=\"wp-block-heading\">Composi\u00e7\u00e3o do Conselho<\/h2>\n\n\n\n<p><em>(Mandato de 30\/09\/2023 a 29\/09\/2025)<\/em><\/p>\n\n\n\n<h3 class=\"wp-block-heading\">Professores Titulares<\/h3>\n\n\n\n<h4 class=\"wp-block-heading\">Titulares<\/h4>\n\n\n\n<p>Prof. Dr. Renato Paes de Almeida<\/p>\n\n\n\n<p>Prof. Dr. Caetano Juliani <\/p>\n\n\n\n<p>Prof. Dr. Andr\u00e9 Oliveira Sawakuchi<\/p>\n\n\n\n<p>Profa. Dra. Lena Virg\u00ednia Soares Monteiro<\/p>\n\n\n\n<p>Prof. Dr. R\u00f4mulo Machado<\/p>\n\n\n\n<p><strong>Suplentes<\/strong><\/p>\n\n\n\n<p>Prof. Dr. Ricardo Cesar Aoki Hirata<\/p>\n\n\n\n<p>Prof. Dr. Francisco William da Cruz Jr<\/p>\n\n\n\n<h3 class=\"wp-block-heading\">Professores Associados<\/h3>\n\n\n\n<h4 class=\"wp-block-heading\">Titulares<\/h4>\n\n\n\n<p>Prof. Dr. Paulo Cesar Boggiani <\/p>\n\n\n\n<p>Prof. Dr. Marcelo Monteiro da Rocha <\/p>\n\n\n\n<p>Prof. Dr. Paulo Eduardo de Oliveira <\/p>\n\n\n\n<p>Prof. Dr. Fernando Antonio M. Marinho <\/p>\n\n\n\n<p><strong>Suplentes<\/strong><\/p>\n\n\n\n<p>Profa. Dra. Denise de La Corte Bacci<\/p>\n\n\n\n<p>Prof. Dr. Reginaldo Antonio Bertolo<\/p>\n\n\n\n<p>Prof. Dr. Luiz Eduardo Anelli<\/p>\n\n\n\n<p>Profa. Dra. Juliana de Moraes L. Basso<\/p>\n\n\n\n<h3 class=\"wp-block-heading\">Professores Doutores<\/h3>\n\n\n\n<h4 class=\"wp-block-heading\">Titulares<\/h4>\n\n\n\n<p>Profa. Dra. Veridiana Teixeira S. Martins<\/p>\n\n\n\n<p>Prof. Dr. Dailson Jos\u00e9 Bertassoli Jr<\/p>\n\n\n\n<p>Prof. Dr. Andr\u00e9 Marconato<\/p>\n\n\n\n<h4 class=\"wp-block-heading\">Suplentes<\/h4>\n\n\n\n<p>Prof. Dr. Andr\u00e9 Luiz Silva Pestilho<\/p>\n\n\n\n<p>Profa. Dra. Camila Duelis Viana<\/p>\n\n\n\n<p>Prof. Dr. Nicol\u00e1s Misailidis Strikis<\/p>\n\n\n\n<h3 class=\"wp-block-heading\">Representa\u00e7\u00e3o Discente<\/h3>\n\n\n\n<p><em>(Mandato: 21\/12\/2023 a 20\/12\/2024)<\/em><\/p>\n\n\n\n<p><strong>Titular<\/strong><br>Rafaela Maciel Lopes de Paula &#8211; <a href=\"mailto:rafaelamaciel@usp.br\" target=\"_blank\" rel=\"noreferrer noopener\">rafaelamaciel@usp.br<\/a><br><strong>Suplente<\/strong><br>Tomaz de Moraes e Castro Santos Heinzenreder &#8211; <a href=\"mailto:tomazheizenreder@usp.br\" target=\"_blank\" rel=\"noreferrer noopener\">tomazheizenreder@usp.br<\/a><\/p>\n","protected":false},"excerpt":{"rendered":"<p>Chefia do GAA (Mandato de 01\/02\/2024 a 31\/01\/2026) Chefe Profa. Dra. Lena Virg\u00ednia Soares Monteiro Vice-Chefe Prof. Dr. Marcelo Monteiro da Rocha Composi\u00e7\u00e3o do Conselho (Mandato de 30\/09\/2023 a 29\/09\/2025) Professores Titulares Titulares Prof.&#46;&#46;&#46;<\/p>\n","protected":false},"author":1,"featured_media":0,"parent":0,"menu_order":0,"comment_status":"closed","ping_status":"closed","template":"","meta":{"_acf_changed":false,"om_disable_all_campaigns":false,"_monsterinsights_skip_tracking":false,"_monsterinsights_sitenote_active":false,"_monsterinsights_sitenote_note":"","_monsterinsights_sitenote_category":0,"_uf_show_specific_survey":0,"_uf_disable_surveys":false,"footnotes":"","_links_to":"","_links_to_target":""},"class_list":["post-149","page","type-page","status-publish","hentry"],"acf":[],"aioseo_notices":[],"publishpress_future_action":{"enabled":false,"date":"2026-04-14 07:32:40","action":"change-status","newStatus":"draft","terms":[],"taxonomy":"language","extraData":[]},"publishpress_future_workflow_manual_trigger":{"enabledWorkflows":[]},"_links":{"self":[{"href":"https:\/\/igc.usp.br\/gaa\/wp-json\/wp\/v2\/pages\/149","targetHints":{"allow":["GET"]}}],"collection":[{"href":"https:\/\/igc.usp.br\/gaa\/wp-json\/wp\/v2\/pages"}],"about":[{"href":"https:\/\/igc.usp.br\/gaa\/wp-json\/wp\/v2\/types\/page"}],"author":[{"embeddable":true,"href":"https:\/\/igc.usp.br\/gaa\/wp-json\/wp\/v2\/users\/1"}],"replies":[{"embeddable":true,"href":"https:\/\/igc.usp.br\/gaa\/wp-json\/wp\/v2\/comments?post=149"}],"version-history":[{"count":4,"href":"https:\/\/igc.usp.br\/gaa\/wp-json\/wp\/v2\/pages\/149\/revisions"}],"predecessor-version":[{"id":233,"href":"https:\/\/igc.usp.br\/gaa\/wp-json\/wp\/v2\/pages\/149\/revisions\/233"}],"wp:attachment":[{"href":"https:\/\/igc.usp.br\/gaa\/wp-json\/wp\/v2\/media?parent=149"}],"curies":[{"name":"wp","href":"https:\/\/api.w.org\/{rel}","templated":true}]}}