{"id":607,"date":"2024-11-06T17:28:43","date_gmt":"2024-11-06T20:28:43","guid":{"rendered":"https:\/\/igc.usp.br\/culturaextensao\/?page_id=607"},"modified":"2024-11-22T13:27:48","modified_gmt":"2024-11-22T16:27:48","slug":"vida-e-terra","status":"publish","type":"page","link":"https:\/\/igc.usp.br\/culturaextensao\/vida-e-terra\/","title":{"rendered":"Vida e Terra"},"content":{"rendered":"\n<p>Coordenado pelo <strong>Prof. Douglas Galante<\/strong>, o Projeto &#8220;<strong>Vida e Terra: Uma Jornada de Co-Evolu\u00e7\u00e3o<\/strong>&#8221; \u00e9 uma iniciativa do Instituto de Geoci\u00eancias (IGc-USP), em parceria com o Museu Catavento, que busca explorar a rela\u00e7\u00e3o entre os sistemas biol\u00f3gicos e geol\u00f3gicos ao longo da hist\u00f3ria da Terra. O projeto promove atividades educativas e interativas voltadas para estudantes do ensino fundamental e m\u00e9dio, professores e o p\u00fablico geral.<br><br>Entre as a\u00e7\u00f5es desenvolvidas est\u00e3o oficinas pr\u00e1ticas, visitas guiadas ao Museu Catavento, workshops e palestras sobre temas como a origem da vida, a evolu\u00e7\u00e3o dos seres vivos e as extin\u00e7\u00f5es em massa. Tamb\u00e9m s\u00e3o oferecidas exposi\u00e7\u00f5es interativas com f\u00f3sseis, r\u00e9plicas e materiais did\u00e1ticos para dissemina\u00e7\u00e3o em escolas e plataformas digitais.<br><br>O objetivo \u00e9 estimular o interesse pelas Ci\u00eancias da Terra e Biologia, fomentar a consci\u00eancia ambiental e fortalecer a parceria entre o IGc-USP e o Museu Catavento. Al\u00e9m disso, o projeto contribui para os Objetivos de Desenvolvimento Sustent\u00e1vel (ODS), com destaque para Educa\u00e7\u00e3o de Qualidade (ODS 4), Vida na \u00c1gua (ODS 14) e Vida Terrestre (ODS 15), promovendo uma compreens\u00e3o cr\u00edtica sobre a preserva\u00e7\u00e3o ambiental e a biodiversidade.<\/p>\n","protected":false},"excerpt":{"rendered":"<p>Coordenado pelo Prof. Douglas Galante, o Projeto &#8220;Vida e Terra: Uma Jornada de Co-Evolu\u00e7\u00e3o&#8221; \u00e9 uma iniciativa do Instituto de&#46;&#46;&#46;<\/p>\n","protected":false},"author":1,"featured_media":0,"parent":0,"menu_order":0,"comment_status":"closed","ping_status":"closed","template":"","meta":{"_acf_changed":false,"om_disable_all_campaigns":false,"_monsterinsights_skip_tracking":false,"_monsterinsights_sitenote_active":false,"_monsterinsights_sitenote_note":"","_monsterinsights_sitenote_category":0,"_uf_show_specific_survey":0,"_uf_disable_surveys":false,"footnotes":"","_links_to":"","_links_to_target":""},"class_list":["post-607","page","type-page","status-publish","hentry"],"acf":[],"aioseo_notices":[],"publishpress_future_action":{"enabled":false,"date":"2026-04-25 04:11:39","action":"change-status","newStatus":"draft","terms":[],"taxonomy":"language","extraData":[]},"publishpress_future_workflow_manual_trigger":{"enabledWorkflows":[]},"_links":{"self":[{"href":"https:\/\/igc.usp.br\/culturaextensao\/wp-json\/wp\/v2\/pages\/607","targetHints":{"allow":["GET"]}}],"collection":[{"href":"https:\/\/igc.usp.br\/culturaextensao\/wp-json\/wp\/v2\/pages"}],"about":[{"href":"https:\/\/igc.usp.br\/culturaextensao\/wp-json\/wp\/v2\/types\/page"}],"author":[{"embeddable":true,"href":"https:\/\/igc.usp.br\/culturaextensao\/wp-json\/wp\/v2\/users\/1"}],"replies":[{"embeddable":true,"href":"https:\/\/igc.usp.br\/culturaextensao\/wp-json\/wp\/v2\/comments?post=607"}],"version-history":[{"count":3,"href":"https:\/\/igc.usp.br\/culturaextensao\/wp-json\/wp\/v2\/pages\/607\/revisions"}],"predecessor-version":[{"id":650,"href":"https:\/\/igc.usp.br\/culturaextensao\/wp-json\/wp\/v2\/pages\/607\/revisions\/650"}],"wp:attachment":[{"href":"https:\/\/igc.usp.br\/culturaextensao\/wp-json\/wp\/v2\/media?parent=607"}],"curies":[{"name":"wp","href":"https:\/\/api.w.org\/{rel}","templated":true}]}}