{"id":899,"date":"2021-11-11T16:45:54","date_gmt":"2021-11-11T19:45:54","guid":{"rendered":"https:\/\/igc.usp.br\/cpq\/?page_id=899"},"modified":"2025-08-13T14:49:10","modified_gmt":"2025-08-13T17:49:10","slug":"regimento-interno-da-cpq-igc","status":"publish","type":"page","link":"https:\/\/igc.usp.br\/cpq\/regimento-interno-da-cpq-igc\/","title":{"rendered":"Regimento Interno"},"content":{"rendered":"\n<p>A <strong>Comiss\u00e3o de Pesquisa do Instituto de Geoci\u00eancias da USP (CPqI-IGc)<\/strong> \u00e9 o \u00f3rg\u00e3o respons\u00e1vel por coordenar, avaliar e acompanhar as atividades de pesquisa no Instituto.<\/p>\n\n\n\n<p>Suas principais atribui\u00e7\u00f5es incluem:<br><br>I. Promover permanentemente a\u00e7\u00f5es integrativas direcionadas \u00e0 multi- e \u00e0 interdisciplinaridade da pesquisa na Unidade;<br>II. Monitorar, diagnosticar e divulgar a produ\u00e7\u00e3o intelectual institucional;<br>III. Dar suporte \u00e0 elabora\u00e7\u00e3o de conv\u00eanios e projetos de pesquisa e inova\u00e7\u00e3o institucionais, quando solicitado, bem como \u00e0 an\u00e1lise de editais p\u00fablicos de ag\u00eancias de fomento e reguladoras da pesquisa no pa\u00eds, estado ou munic\u00edpio;<br>III. Buscar mecanismos de capta\u00e7\u00e3o de recursos para manter, otimizar, modernizar e ampliar a infraestrutura de pesquisa da Unidade;<br>IV. Incentivar a participa\u00e7\u00e3o docente e discente no Programa de Inicia\u00e7\u00e3o Cient\u00edfica e de Inicia\u00e7\u00e3o em Desenvolvimento Tecnol\u00f3gico e Inova\u00e7\u00e3o, e disseminar interna e externamente os resultados gerados no \u00e2mbito deste programa;<br>V. Zelar pelas normas que regem o Programa de P\u00f3s-Doutorado na Unidade, bem como o Programa de Pesquisador Colaborador e Pesquisador Acad\u00eamico;<br>V. Atuar junto com demais comiss\u00f5es estatut\u00e1rias no fortalecimento da nacionaliza\u00e7\u00e3o e internacionaliza\u00e7\u00e3o da pesquisa e inova\u00e7\u00e3o na Unidade;<br>VI. Participar ativamente de iniciativas e a\u00e7\u00f5es que se destinem a estreitar as rela\u00e7\u00f5es com a sociedade, especialmente quando relacionadas \u00e0 pesquisa e inova\u00e7\u00e3o no \u00e2mbito da Unidade.<\/p>\n\n\n\n<p>Voc\u00ea pode ler o Regimento Interno na \u00edntegra abaixo: <br><a href=\"http:\/\/igc.usp.br\/cpq\/wp-content\/uploads\/sites\/14\/2021\/11\/Regimento-Comissao-de-Pesquisa.final_.pdf\">Regimento Interno da Comiss\u00e3o de Pesquisa e Inova\u00e7\u00e3o do IGc\/USP<\/a><\/p>\n\n\n\n<p><\/p>\n\n\n\n<p><\/p>\n","protected":false},"excerpt":{"rendered":"<p>A Comiss\u00e3o de Pesquisa do Instituto de Geoci\u00eancias da USP (CPqI-IGc) \u00e9 o \u00f3rg\u00e3o respons\u00e1vel por coordenar, avaliar e acompanhar&#46;&#46;&#46;<\/p>\n","protected":false},"author":11,"featured_media":0,"parent":0,"menu_order":0,"comment_status":"closed","ping_status":"closed","template":"","meta":{"_acf_changed":false,"om_disable_all_campaigns":false,"_monsterinsights_skip_tracking":false,"_monsterinsights_sitenote_active":false,"_monsterinsights_sitenote_note":"","_monsterinsights_sitenote_category":0,"_uf_show_specific_survey":0,"_uf_disable_surveys":false,"footnotes":"","_links_to":"","_links_to_target":""},"class_list":["post-899","page","type-page","status-publish","hentry"],"acf":[],"aioseo_notices":[],"publishpress_future_action":{"enabled":false,"date":"2026-04-13 02:33:10","action":"change-status","newStatus":"draft","terms":[],"taxonomy":"language","extraData":[]},"publishpress_future_workflow_manual_trigger":{"enabledWorkflows":[]},"_links":{"self":[{"href":"https:\/\/igc.usp.br\/cpq\/wp-json\/wp\/v2\/pages\/899","targetHints":{"allow":["GET"]}}],"collection":[{"href":"https:\/\/igc.usp.br\/cpq\/wp-json\/wp\/v2\/pages"}],"about":[{"href":"https:\/\/igc.usp.br\/cpq\/wp-json\/wp\/v2\/types\/page"}],"author":[{"embeddable":true,"href":"https:\/\/igc.usp.br\/cpq\/wp-json\/wp\/v2\/users\/11"}],"replies":[{"embeddable":true,"href":"https:\/\/igc.usp.br\/cpq\/wp-json\/wp\/v2\/comments?post=899"}],"version-history":[{"count":5,"href":"https:\/\/igc.usp.br\/cpq\/wp-json\/wp\/v2\/pages\/899\/revisions"}],"predecessor-version":[{"id":1483,"href":"https:\/\/igc.usp.br\/cpq\/wp-json\/wp\/v2\/pages\/899\/revisions\/1483"}],"wp:attachment":[{"href":"https:\/\/igc.usp.br\/cpq\/wp-json\/wp\/v2\/media?parent=899"}],"curies":[{"name":"wp","href":"https:\/\/api.w.org\/{rel}","templated":true}]}}