{"id":16,"date":"2018-10-23T10:33:54","date_gmt":"2018-10-23T13:33:54","guid":{"rendered":"http:\/\/sites.igc.usp.br\/cpq\/?page_id=16"},"modified":"2025-08-11T15:14:29","modified_gmt":"2025-08-11T18:14:29","slug":"a-comissao","status":"publish","type":"page","link":"https:\/\/igc.usp.br\/cpq\/a-comissao\/","title":{"rendered":"Membros"},"content":{"rendered":"\n<p><\/p>\n\n\n\n<h2 class=\"wp-block-heading\">Membros da Comiss\u00e3o de Pesquisa e Inova\u00e7\u00e3o (CPqI)<\/h2>\n\n\n\n\n\n<!--<h3>Presidente<\/h3>\n<p> <a target=\"_blank\" href=\"http:\/\/lattes.cnpq.br\/9796891555451415\" rel=\"noopener\"><img width=14px src=https:\/\/igc.usp.br\/igc_consumers\/images\/lattes-logo.png \/><\/a> <a target=\"_blank\" href=\"mailto:hollanda@usp.br\" rel=\"noopener\"><img width=16px src=https:\/\/igc.usp.br\/igc_consumers\/images\/icon-mail.png \/><\/a> Maria Helena Bezerra Maia de Hollanda <i>(Mandato: 18-12-2023 a 17-12-2025)<\/i><\/p>\n\n<h3>Vice-Presidente<\/h3>\n<p>\n<p> <a target=\"_blank\" href=\"http:\/\/lattes.cnpq.br\/9682987535883258\" rel=\"noopener\"><img width=14px src=https:\/\/igc.usp.br\/igc_consumers\/images\/lattes-logo.png \/><\/a> <a target=\"_blank\" href=\"mailto:vilouro@usp.br\" rel=\"noopener\"><img width=16px src=https:\/\/igc.usp.br\/igc_consumers\/images\/icon-mail.png \/><\/a> Vinicius Hector Abud Louro  <i>(Mandato: 18-12-2023 a 17-12-2025)<\/i><\/p><\/p>\n\n<h3>Membros<\/h3>\n<p> \n<a target=\"_blank\" href=\"http:\/\/lattes.cnpq.br\/8080433282736534\" rel=\"noopener\"><img width=14px src=https:\/\/igc.usp.br\/igc_consumers\/images\/lattes-logo.png \/><\/a> \n<a target=\"_blank\" href=\"mailto:mparra@iee.usp.br\" rel=\"noopener\"><img width=16px src=https:\/\/igc.usp.br\/igc_consumers\/images\/icon-mail.png \/><\/a> Mauricio Parra Amezquita  <i>(Mandato: 20-03-2023 a 19-03-2026)<\/i><br>\n<a target=\"_blank\" href=\"http:\/\/lattes.cnpq.br\/2249074352821232\" rel=\"noopener\"><img width=14px src=https:\/\/igc.usp.br\/igc_consumers\/images\/lattes-logo.png \/><\/a> \n<a target=\"_blank\" href=\"mailto:vajanasi@usp.br\" rel=\"noopener\"><img width=16px src=https:\/\/igc.usp.br\/igc_consumers\/images\/icon-mail.png \/><\/a> Valdecir de Assis Janasi  <i>(suplente)<\/i><\/p>\n\n\n<p> \n<a target=\"_blank\" href=\"http:\/\/lattes.cnpq.br\/3472432536871948\" rel=\"noopener\"><img width=14px src=https:\/\/igc.usp.br\/igc_consumers\/images\/lattes-logo.png \/><\/a> <a target=\"_blank\" href=\"mailto:strikis@gmail.com\" rel=\"noopener\"><img width=16px src=https:\/\/igc.usp.br\/igc_consumers\/images\/icon-mail.png \/><\/a> Nicolas Misailidis Strikis  <i>(Mandato: 27-11-2023 a 26-11-2026)<\/i><br>\n<a target=\"_blank\" href=\"http:\/\/lattes.cnpq.br\/0570924736736474\" rel=\"noopener\"><img width=14px src=https:\/\/igc.usp.br\/igc_consumers\/images\/lattes-logo.png \/><\/a> <a target=\"_blank\" href=\"mailto:sauloboliveira@usp.br\" rel=\"noopener\"><img width=16px src=https:\/\/igc.usp.br\/igc_consumers\/images\/icon-mail.png \/><\/a> Saulo Batista de Oliveira  <i>(suplente)<\/i><\/p>\n\n<p> \n<a target=\"_blank\" href=\"http:\/\/lattes.cnpq.br\/9796891555451415\" rel=\"noopener\"><img width=14px src=https:\/\/igc.usp.br\/igc_consumers\/images\/lattes-logo.png \/><\/a> <a target=\"_blank\" href=\"mailto:hollanda@usp.br\" rel=\"noopener\"><img width=16px src=https:\/\/igc.usp.br\/igc_consumers\/images\/icon-mail.png \/><\/a> Maria Helena Bezerra Maia de Hollanda <i>(Mandato: 26-10-2022 a 25-10-2025)<\/i><br>\n<a target=\"_blank\" href=\"http:\/\/lattes.cnpq.br\/<a\" rel=\"noopener\"><img width=14px src=https:\/\/igc.usp.br\/igc_consumers\/images\/lattes-logo.png \/><\/a> <a target=\"_blank\" href=\"mailto:dias@usp.br\" rel=\"noopener\"><img width=16px src=https:\/\/igc.usp.br\/igc_consumers\/images\/icon-mail.png \/><\/a> F\u00e1bio Ramos Dias de Andrade <i>(suplente)<\/i><\/p>\n\n<p> \n<a target=\"_blank\" href=\"http:\/\/lattes.cnpq.br\/9682987535883258\" rel=\"noopener\"><img width=14px src=https:\/\/igc.usp.br\/igc_consumers\/images\/lattes-logo.png \/><\/a> <a target=\"_blank\" href=\"mailto:vilouro@usp.br\" rel=\"noopener\"><img width=16px src=https:\/\/igc.usp.br\/igc_consumers\/images\/icon-mail.png \/><\/a> Vinicius Hector Abud Louro  <i>(Mandato: 24-04-2023 a 23-04-2025)<\/i><br>\n<a target=\"_blank\" href=\"http:\/\/lattes.cnpq.br\/5484363129827679\" rel=\"noopener\"><img width=14px src=https:\/\/igc.usp.br\/igc_consumers\/images\/lattes-logo.png \/><\/a> <a target=\"_blank\" href=\"mailto:paulo.deoliveira@usp.br\" rel=\"noopener\"><img width=16px src=https:\/\/igc.usp.br\/igc_consumers\/images\/icon-mail.png \/><\/a> Paulo Eduardo de Oliveira <i>(suplente)<\/i><\/p>\n\n<h3>Representa\u00e7\u00e3o Discente<\/h3>\n\n<p> <a target=\"_blank\" href=\"http:\/\/lattes.cnpq.br\/7179844725773980\" rel=\"noopener\"><img decoding=\"async\" width=\"14px\" src=\"https:\/\/igc.usp.br\/igc_consumers\/images\/lattes-logo.png\"><\/a> <a target=\"_blank\" href=\"mailto:oscar.patroni@usp.br\" rel=\"noopener\"><img decoding=\"async\" width=\"16px\" src=\"https:\/\/igc.usp.br\/igc_consumers\/images\/icon-mail.png\"><\/a> Oscar Andres Lazcano Patroni  <i>(Mandato: 21-12-2023 a 20-12-2024)<\/i><br>\n\n<a target=\"_blank\" href=\"\" rel=\"noopener\"><img decoding=\"async\" width=\"14px\" src=\"https:\/\/igc.usp.br\/igc_consumers\/images\/lattes-logo.png\"><\/a> <a target=\"_blank\" href=\"mailto:costagyovana@usp.br\" rel=\"noopener\"><img decoding=\"async\" width=\"16px\" src=\"https:\/\/igc.usp.br\/igc_consumers\/images\/icon-mail.png\"><\/a> Gyovana Patricia Goncalves Costa <i>(Suplente)<\/i>\n<\/p>-->\n\n\n\n<h3 class=\"wp-block-heading\">Para contatar a CPqI<\/h3>\n\n\n\n<p>Secret\u00e1ria: Hellen C. Damaso<br>Telefone (+5511) 3091-0505&nbsp;<br>Email:&nbsp;<a href=\"mailto:cpqigc@usp.br\">cpqigc@usp.br<\/a><\/p>\n","protected":false},"excerpt":{"rendered":"<p>Membros da Comiss\u00e3o de Pesquisa e Inova\u00e7\u00e3o (CPqI) Para contatar a CPqI Secret\u00e1ria: Hellen C. DamasoTelefone (+5511) 3091-0505&nbsp;Email:&nbsp;cpqigc@usp.br<\/p>\n","protected":false},"author":1,"featured_media":0,"parent":0,"menu_order":6,"comment_status":"closed","ping_status":"closed","template":"","meta":{"_acf_changed":false,"om_disable_all_campaigns":false,"_monsterinsights_skip_tracking":false,"_monsterinsights_sitenote_active":false,"_monsterinsights_sitenote_note":"","_monsterinsights_sitenote_category":0,"_uf_show_specific_survey":0,"_uf_disable_surveys":false,"footnotes":"","_links_to":"","_links_to_target":""},"class_list":["post-16","page","type-page","status-publish","hentry"],"acf":[],"aioseo_notices":[],"publishpress_future_action":{"enabled":false,"date":"2026-05-16 22:24:09","action":"change-status","newStatus":"draft","terms":[],"taxonomy":"language","extraData":[]},"publishpress_future_workflow_manual_trigger":{"enabledWorkflows":[]},"_links":{"self":[{"href":"https:\/\/igc.usp.br\/cpq\/wp-json\/wp\/v2\/pages\/16","targetHints":{"allow":["GET"]}}],"collection":[{"href":"https:\/\/igc.usp.br\/cpq\/wp-json\/wp\/v2\/pages"}],"about":[{"href":"https:\/\/igc.usp.br\/cpq\/wp-json\/wp\/v2\/types\/page"}],"author":[{"embeddable":true,"href":"https:\/\/igc.usp.br\/cpq\/wp-json\/wp\/v2\/users\/1"}],"replies":[{"embeddable":true,"href":"https:\/\/igc.usp.br\/cpq\/wp-json\/wp\/v2\/comments?post=16"}],"version-history":[{"count":81,"href":"https:\/\/igc.usp.br\/cpq\/wp-json\/wp\/v2\/pages\/16\/revisions"}],"predecessor-version":[{"id":1468,"href":"https:\/\/igc.usp.br\/cpq\/wp-json\/wp\/v2\/pages\/16\/revisions\/1468"}],"wp:attachment":[{"href":"https:\/\/igc.usp.br\/cpq\/wp-json\/wp\/v2\/media?parent=16"}],"curies":[{"name":"wp","href":"https:\/\/api.w.org\/{rel}","templated":true}]}}