{"id":1356,"date":"2025-07-02T10:52:00","date_gmt":"2025-07-02T13:52:00","guid":{"rendered":"https:\/\/igc.usp.br\/cpq\/?page_id=1356"},"modified":"2025-07-02T11:28:36","modified_gmt":"2025-07-02T14:28:36","slug":"iniciacao-cientifica-e-tecnologica","status":"publish","type":"page","link":"https:\/\/igc.usp.br\/cpq\/iniciacao-cientifica-e-tecnologica\/","title":{"rendered":"Inicia\u00e7\u00e3o Cient\u00edfica e Tecnol\u00f3gica"},"content":{"rendered":"\n<p>O Programa de Inicia\u00e7\u00e3o Cient\u00edfica e de Inicia\u00e7\u00e3o em Desenvolvimento Tecnol\u00f3gico e Inova\u00e7\u00e3o atende alunos dos cursos de gradua\u00e7\u00e3o desde 1983, colocando-os em contato com grupos e linhas de pesquisa para proporcionar aprendizagem de t\u00e9cnicas e m\u00e9todos cient\u00edficos. Visando estimular o desenvolvimento pessoal, profissional e o pensamento cr\u00edtico, o aluno \u00e9 orientado por um pesquisador experiente e atuante em sua respectiva \u00e1rea do conhecimento, sob as condi\u00e7\u00f5es criadas pelo confronto direto com os problemas pr\u00e1ticos da pesquisa. O estudante pode desenvolver pesquisa com bolsa oferecida pelas ag\u00eancias de fomento, com bolsa de programas da pr\u00f3pria USP ou sem bolsa.<\/p>\n\n\n\n<p><a href=\"https:\/\/prpi.usp.br\/wp-content\/uploads\/sites\/1239\/2024\/05\/guia-programa-iniciacao-cientifica.pdf\" title=\"\">Guia Programa de Inicia\u00e7\u00e3o Cient\u00edfica e de Inicia\u00e7\u00e3o em Desenvolvimento Tecnol\u00f3gico e Inova\u00e7\u00e3o da USP<\/a><\/p>\n\n\n\n<p>Bolsas: <\/p>\n\n\n\n<p><a href=\"https:\/\/prpi.usp.br\/programas\/iniciacao-cientifica-e-tecnologica\/\" title=\"\">PIBIC E PIBITI<\/a><\/p>\n\n\n\n<p>PUB VERTENTE PESQUISA: <a href=\"https:\/\/prpi.usp.br\/wp-content\/uploads\/sites\/1239\/2024\/08\/Divulgacao-PRPI-Padrao-Instagram-3.pdf\" title=\"\">Guia para inscri\u00e7\u00e3o da Bolsa PUB<\/a><\/p>\n\n\n\n<p><a href=\"https:\/\/fapesp.br\/bolsas\/ic\" title=\"\">FAPESP<\/a><\/p>\n\n\n\n<p>PRH<\/p>\n\n\n\n<p><\/p>\n\n\n\n<p><br><\/p>\n\n\n\n<p><\/p>\n\n\n\n<p><br><\/p>\n\n\n\n<p><\/p>\n","protected":false},"excerpt":{"rendered":"<p>O Programa de Inicia\u00e7\u00e3o Cient\u00edfica e de Inicia\u00e7\u00e3o em Desenvolvimento Tecnol\u00f3gico e Inova\u00e7\u00e3o atende alunos dos cursos de gradua\u00e7\u00e3o desde&#46;&#46;&#46;<\/p>\n","protected":false},"author":11,"featured_media":0,"parent":0,"menu_order":0,"comment_status":"closed","ping_status":"closed","template":"","meta":{"_acf_changed":false,"om_disable_all_campaigns":false,"_monsterinsights_skip_tracking":false,"_monsterinsights_sitenote_active":false,"_monsterinsights_sitenote_note":"","_monsterinsights_sitenote_category":0,"_uf_show_specific_survey":0,"_uf_disable_surveys":false,"footnotes":"","_links_to":"","_links_to_target":""},"class_list":["post-1356","page","type-page","status-publish","hentry"],"acf":[],"aioseo_notices":[],"publishpress_future_action":{"enabled":false,"date":"2026-05-17 11:04:01","action":"change-status","newStatus":"draft","terms":[],"taxonomy":"language","extraData":[]},"publishpress_future_workflow_manual_trigger":{"enabledWorkflows":[]},"_links":{"self":[{"href":"https:\/\/igc.usp.br\/cpq\/wp-json\/wp\/v2\/pages\/1356","targetHints":{"allow":["GET"]}}],"collection":[{"href":"https:\/\/igc.usp.br\/cpq\/wp-json\/wp\/v2\/pages"}],"about":[{"href":"https:\/\/igc.usp.br\/cpq\/wp-json\/wp\/v2\/types\/page"}],"author":[{"embeddable":true,"href":"https:\/\/igc.usp.br\/cpq\/wp-json\/wp\/v2\/users\/11"}],"replies":[{"embeddable":true,"href":"https:\/\/igc.usp.br\/cpq\/wp-json\/wp\/v2\/comments?post=1356"}],"version-history":[{"count":6,"href":"https:\/\/igc.usp.br\/cpq\/wp-json\/wp\/v2\/pages\/1356\/revisions"}],"predecessor-version":[{"id":1375,"href":"https:\/\/igc.usp.br\/cpq\/wp-json\/wp\/v2\/pages\/1356\/revisions\/1375"}],"wp:attachment":[{"href":"https:\/\/igc.usp.br\/cpq\/wp-json\/wp\/v2\/media?parent=1356"}],"curies":[{"name":"wp","href":"https:\/\/api.w.org\/{rel}","templated":true}]}}