{"id":1515,"date":"2021-08-05T14:15:09","date_gmt":"2021-08-05T17:15:09","guid":{"rendered":"https:\/\/igc.usp.br\/cpgeo\/?page_id=1515"},"modified":"2026-02-19T11:08:51","modified_gmt":"2026-02-19T14:08:51","slug":"informacao","status":"publish","type":"page","link":"https:\/\/igc.usp.br\/cpgeo\/","title":{"rendered":"Informa\u00e7\u00e3o"},"content":{"rendered":"\n<p><strong>Caros pesquisadores,<\/strong><\/p>\n\n\n\n<p>Os laborat\u00f3rios do CPGeo disponibilizam seus&nbsp;<strong>servi\u00e7os anal\u00edticos<\/strong>&nbsp;por meio da&nbsp;<strong>Plataforma de Centrais de Equipamentos Multiusu\u00e1rios \u2013 USP<\/strong>&nbsp;Multi, gerida pela Pr\u00f3-Reitoria de Pesquisa da USP, e, nesse novo formato, todas as solicita\u00e7\u00f5es relacionadas a&nbsp;<strong>servi\u00e7os anal\u00edticos e\/ou prepara\u00e7\u00e3o de amostras geol\u00f3gicas<\/strong>&nbsp;dever\u00e3o ser realizadas exclusivamente por meio da plataforma, nos ambientes espec\u00edficos dos laborat\u00f3rios listados abaixo.&nbsp;&nbsp;<\/p>\n\n\n\n<p>Nesse mesmo espa\u00e7o est\u00e3o dispon\u00edveis&nbsp;<strong>informa\u00e7\u00f5es metodol\u00f3gicas, orienta\u00e7\u00f5es aos usu\u00e1rios e instru\u00e7\u00f5es operacionais<\/strong>.<\/p>\n\n\n\n<p><strong>Exce\u00e7\u00e3o:<\/strong>&nbsp;para solicita\u00e7\u00f5es de an\u00e1lises pela t\u00e9cnica&nbsp;<strong>SHRIMP<\/strong>, o contato dever\u00e1 ser realizado diretamente pelo e-mail:&nbsp;<strong><a>glshrimp@usp.br<\/a><\/strong>.<\/p>\n\n\n\n<p>Eventuais d\u00favidas ou solicita\u00e7\u00f5es de informa\u00e7\u00f5es adicionais poder\u00e3o ser encaminhadas diretamente aos coordenadores dos respectivos laborat\u00f3rios.<\/p>\n\n\n\n<p>A seguir, apresentamos as informa\u00e7\u00f5es gerais dos&nbsp;laborat\u00f3rios do&nbsp;CPGeo no ambiente USP Multi.<\/p>\n\n\n\n<h2 class=\"wp-block-heading\">Laborat\u00f3rios LSP e LA-ICP-MS<\/h2>\n\n\n\n<p>Prepara\u00e7\u00e3o de amostras e separa\u00e7\u00e3o mineral (todos os m\u00e9todos) e LA-ICP-MS (U-Pb e Hf)<\/p>\n\n\n\n<p><a href=\"https:\/\/uspmulti.prp.usp.br\/public\/centrais\/121\">https:\/\/uspmulti.prp.usp.br\/public\/centrais\/121<\/a><\/p>\n\n\n\n<p>Coordenadores: Miguel A. S. Basei e Cl\u00e1udia R. Passarelli<\/p>\n\n\n\n<p>E-mails:laicpms-cpgeo@usp.br; baseimas@usp.br; cr.passarelli@usp.br<\/p>\n\n\n\n<p><strong>Cadastro e sele\u00e7\u00e3o de servi\u00e7os CPGeo_LSP\/LLA na Plataforma USP Multi<\/strong><\/p>\n\n\n\n<p><strong>Procedimentos e rotina &#8211; Laborat\u00f3rio CPGeo_LSP\/LLA<\/strong><\/p>\n\n\n\n<div class=\"wp-block-file\"><a id=\"wp-block-file--media-0b941952-d770-4bf8-84af-56e9d4069fe1\" href=\"https:\/\/igc.usp.br\/cpgeo\/wp-content\/uploads\/sites\/8\/2024\/03\/1-Instrucoes-cadastro-e-solicitacao-de-servicos-USP-MULTI.pdf\">1-Instrucoes-cadastro-e-solicitacao-de-servicos-USP-MULTI<\/a><a href=\"https:\/\/igc.usp.br\/cpgeo\/wp-content\/uploads\/sites\/8\/2024\/03\/1-Instrucoes-cadastro-e-solicitacao-de-servicos-USP-MULTI.pdf\" class=\"wp-block-file__button wp-element-button\" download aria-describedby=\"wp-block-file--media-0b941952-d770-4bf8-84af-56e9d4069fe1\">Baixar<\/a><\/div>\n\n\n\n<div class=\"wp-block-file\"><a id=\"wp-block-file--media-8be703c2-18bb-451b-a10d-03928cf92b54\" href=\"https:\/\/igc.usp.br\/cpgeo\/wp-content\/uploads\/sites\/8\/2024\/03\/2-Instrucoes-para-selecao-de-servicos-USP-MULTI_LSP_LLA.pdf\">2-Instrucoes-para-selecao-de-servicos-USP-MULTI_LSP_LLA<\/a><a href=\"https:\/\/igc.usp.br\/cpgeo\/wp-content\/uploads\/sites\/8\/2024\/03\/2-Instrucoes-para-selecao-de-servicos-USP-MULTI_LSP_LLA.pdf\" class=\"wp-block-file__button wp-element-button\" download aria-describedby=\"wp-block-file--media-8be703c2-18bb-451b-a10d-03928cf92b54\">Baixar<\/a><\/div>\n\n\n\n<div class=\"wp-block-file\"><a id=\"wp-block-file--media-9752d966-ab33-4821-8762-5581ee588da7\" href=\"https:\/\/igc.usp.br\/cpgeo\/wp-content\/uploads\/sites\/8\/2024\/03\/Entrada-de-Amostras-_CPGeo_LLA_2024.xlsx\">Entrada-de-Amostras-_CPGeo_LLA_2024<\/a><a href=\"https:\/\/igc.usp.br\/cpgeo\/wp-content\/uploads\/sites\/8\/2024\/03\/Entrada-de-Amostras-_CPGeo_LLA_2024.xlsx\" class=\"wp-block-file__button wp-element-button\" download aria-describedby=\"wp-block-file--media-9752d966-ab33-4821-8762-5581ee588da7\">Baixar<\/a><\/div>\n\n\n\n<div class=\"wp-block-file\"><a id=\"wp-block-file--media-303261c4-9aec-4ff4-aa5a-d81c96d01db8\" href=\"https:\/\/igc.usp.br\/cpgeo\/wp-content\/uploads\/sites\/8\/2023\/10\/Procedimento-_-Rotina-LA-ICP-MS.pdf\">Procedimentos-e-Rotina-CPGeo_LSP_LLA<\/a><a href=\"https:\/\/igc.usp.br\/cpgeo\/wp-content\/uploads\/sites\/8\/2023\/10\/Procedimento-_-Rotina-LA-ICP-MS.pdf\" class=\"wp-block-file__button wp-element-button\" download aria-describedby=\"wp-block-file--media-303261c4-9aec-4ff4-aa5a-d81c96d01db8\">Baixar<\/a><\/div>\n\n\n\n<div class=\"wp-block-file\"><a id=\"wp-block-file--media-ca2a883d-8ac7-4561-b6b1-4f581023805c\" href=\"https:\/\/igc.usp.br\/cpgeo\/wp-content\/uploads\/sites\/8\/2022\/08\/Manual-do-Usuario-Instrucoes-LA-ICP-MS.pdf\">Manual-do-Usuario-Instrucoes-LA-ICP-MS<\/a><a href=\"https:\/\/igc.usp.br\/cpgeo\/wp-content\/uploads\/sites\/8\/2022\/08\/Manual-do-Usuario-Instrucoes-LA-ICP-MS.pdf\" class=\"wp-block-file__button wp-element-button\" download aria-describedby=\"wp-block-file--media-ca2a883d-8ac7-4561-b6b1-4f581023805c\">Baixar<\/a><\/div>\n\n\n\n<hr class=\"wp-block-separator has-css-opacity\"\/>\n\n\n\n<h2 class=\"wp-block-heading\">Laborat\u00f3rio LQI_LEM<\/h2>\n\n\n\n<p>An\u00e1lises Sr, Nd, Pb,\u00a0determina\u00e7\u00e3o\u00a0d\u00a0\u00a0Cu,\u00a0d\u00a0Zn e\u00a0d\u00a0\u00a0Mg,\u00a0espectrometria TIMS e ICP-MS<\/p>\n\n\n\n<p><a href=\"https:\/\/uspmulti.prp.usp.br\/public\/centrais\/123\">https:\/\/uspmulti.prp.usp.br\/public\/centrais\/123<\/a><\/p>\n\n\n\n<p>Coordenadores: Marly Babinski e Veridiana Martins<\/p>\n\n\n\n<p>E-mail: babinski@usp.br<\/p>\n\n\n\n<hr class=\"wp-block-separator has-css-opacity\"\/>\n\n\n\n<h2 class=\"wp-block-heading\">Laborat\u00f3rio de Termocronologia LTC<\/h2>\n\n\n\n<p>An\u00e1lises isot\u00f3picas de Ar, TF em apatita\/zirc\u00e3o e (U-Th)\/He em apatita<\/p>\n\n\n\n<p><a href=\"https:\/\/uspmulti.prp.usp.br\/public\/centrais\/122\">https:\/\/uspmulti.prp.usp.br\/public\/centrais\/122<\/a><\/p>\n\n\n\n<p>Coordenadores: Maria Helena B. M. de Hollanda e Maur\u00edcio P. Am\u00e9zquita<\/p>\n\n\n\n<p>E-mail: ltc_cpgeo@usp.br<\/p>\n\n\n\n<hr class=\"wp-block-separator has-css-opacity\"\/>\n\n\n\n<h2 class=\"wp-block-heading\">Laborat\u00f3rio de Is\u00f3topos Est\u00e1veis LES<\/h2>\n\n\n\n<p>Determina\u00e7\u00f5es de <math data-latex=\"\\delta\"><semantics><mi>\u03b4<\/mi><annotation encoding=\"application\/x-tex\">\\delta<\/annotation><\/semantics><\/math><sup>34<\/sup>S, <math data-latex=\"\\delta\"><semantics><mi>\u03b4<\/mi><annotation encoding=\"application\/x-tex\">\\delta<\/annotation><\/semantics><\/math><sup>2<\/sup>H e <math data-latex=\"\\delta\"><semantics><mi>\u03b4<\/mi><annotation encoding=\"application\/x-tex\">\\delta<\/annotation><\/semantics><\/math><sup>18<\/sup>O em \u00e1gua, <math data-latex=\"\\delta\"><semantics><mi>\u03b4<\/mi><annotation encoding=\"application\/x-tex\">\\delta<\/annotation><\/semantics><\/math><sup>13<\/sup>C e <math data-latex=\"\\delta\"><semantics><mi>\u03b4<\/mi><annotation encoding=\"application\/x-tex\">\\delta<\/annotation><\/semantics><\/math><sup>18<\/sup>O em carbonatos, <math data-latex=\"\\delta\"><semantics><mi>\u03b4<\/mi><annotation encoding=\"application\/x-tex\">\\delta<\/annotation><\/semantics><\/math><sup>13<\/sup>C e <math data-latex=\"\\delta\"><semantics><mi>\u03b4<\/mi><annotation encoding=\"application\/x-tex\">\\delta<\/annotation><\/semantics><\/math><sup>15<\/sup>N em amostras org\u00e2nicas, <math data-latex=\"\\delta\"><semantics><mi>\u03b4<\/mi><annotation encoding=\"application\/x-tex\">\\delta<\/annotation><\/semantics><\/math><sup>18<\/sup>O em celulose, <math data-latex=\"\\delta\"><semantics><mi>\u03b4<\/mi><annotation encoding=\"application\/x-tex\">\\delta<\/annotation><\/semantics><\/math><sup>13<\/sup>C e <math data-latex=\"\\delta\"><semantics><mi>\u03b4<\/mi><annotation encoding=\"application\/x-tex\">\\delta<\/annotation><\/semantics><\/math><sup>15<\/sup>N em amostras de ossos<\/p>\n\n\n\n<p><a href=\"https:\/\/uspmulti.prp.usp.br\/public\/centrais\/124\">https:\/\/uspmulti.prp.usp.br\/public\/centrais\/124<\/a><\/p>\n\n\n\n<p>Coordenadores: Francisco W. da Cruz Jr e Veridiana Martins<\/p>\n\n\n\n<p>E-mails: cbill@usp.br;\u00a0veridian@usp.br<\/p>\n\n\n\n<hr class=\"wp-block-separator has-css-opacity\"\/>\n\n\n\n<p><\/p>\n","protected":false},"excerpt":{"rendered":"<p>Caros pesquisadores, Os laborat\u00f3rios do CPGeo disponibilizam seus&nbsp;servi\u00e7os anal\u00edticos&nbsp;por meio da&nbsp;Plataforma de Centrais de Equipamentos Multiusu\u00e1rios \u2013 USP&nbsp;Multi, gerida pela&#46;&#46;&#46;<\/p>\n","protected":false},"author":1,"featured_media":0,"parent":0,"menu_order":0,"comment_status":"closed","ping_status":"closed","template":"","meta":{"_acf_changed":false,"om_disable_all_campaigns":false,"_monsterinsights_skip_tracking":false,"_monsterinsights_sitenote_active":false,"_monsterinsights_sitenote_note":"","_monsterinsights_sitenote_category":0,"_uf_show_specific_survey":0,"_uf_disable_surveys":false,"footnotes":"","_links_to":"","_links_to_target":""},"class_list":["post-1515","page","type-page","status-publish","hentry"],"acf":[],"aioseo_notices":[],"publishpress_future_action":{"enabled":false,"date":"2026-05-20 21:51:28","action":"change-status","newStatus":"draft","terms":[],"taxonomy":"language","extraData":[]},"publishpress_future_workflow_manual_trigger":{"enabledWorkflows":[]},"_links":{"self":[{"href":"https:\/\/igc.usp.br\/cpgeo\/wp-json\/wp\/v2\/pages\/1515","targetHints":{"allow":["GET"]}}],"collection":[{"href":"https:\/\/igc.usp.br\/cpgeo\/wp-json\/wp\/v2\/pages"}],"about":[{"href":"https:\/\/igc.usp.br\/cpgeo\/wp-json\/wp\/v2\/types\/page"}],"author":[{"embeddable":true,"href":"https:\/\/igc.usp.br\/cpgeo\/wp-json\/wp\/v2\/users\/1"}],"replies":[{"embeddable":true,"href":"https:\/\/igc.usp.br\/cpgeo\/wp-json\/wp\/v2\/comments?post=1515"}],"version-history":[{"count":19,"href":"https:\/\/igc.usp.br\/cpgeo\/wp-json\/wp\/v2\/pages\/1515\/revisions"}],"predecessor-version":[{"id":1615,"href":"https:\/\/igc.usp.br\/cpgeo\/wp-json\/wp\/v2\/pages\/1515\/revisions\/1615"}],"wp:attachment":[{"href":"https:\/\/igc.usp.br\/cpgeo\/wp-json\/wp\/v2\/media?parent=1515"}],"curies":[{"name":"wp","href":"https:\/\/api.w.org\/{rel}","templated":true}]}}