{"id":1356,"date":"2019-02-27T15:18:14","date_gmt":"2019-02-27T18:18:14","guid":{"rendered":"http:\/\/sites.igc.usp.br\/cpgeo\/?page_id=1356"},"modified":"2020-03-26T15:14:15","modified_gmt":"2020-03-26T18:14:15","slug":"comunicados","status":"publish","type":"page","link":"https:\/\/igc.usp.br\/cpgeo\/comunicados\/","title":{"rendered":"Comunicados"},"content":{"rendered":"\n<p>A Diretoria do CPGeo informa que:<\/p>\n\n\n\n<ul class=\"wp-block-list\"><li>Clientes com interesse em an\u00e1lises <sup>40<\/sup>Ar\/<sup>39<\/sup>Ar devem contatar diretamente o pesquisador respons\u00e1vel do LGN. Datas de irradia\u00e7\u00e3o n\u00e3o s\u00e3o pr\u00e9-fixadas. <\/li><\/ul>\n\n\n\n<ul class=\"wp-block-list\"><li>A redu\u00e7\u00e3o do corpo t\u00e9cnico dos laborat\u00f3rios LQI-LEM aliada \u00e0s frequentes interrup\u00e7\u00f5es no funcionamento dos equipamentos ou perif\u00e9ricos devido problemas t\u00e9cnicos, nos impede de atender os clientes em curto prazo. Na medida do poss\u00edvel, resultados de projetos com at\u00e9 12 amostras podem ser entregues em 5-6 meses. Projetos com demandas maiores devem considerar prazos mais estendidos. Pedimos que considerem essas informa\u00e7\u00f5es para planejar a requisi\u00e7\u00e3o do servi\u00e7o com conservadora anteced\u00eancia.<\/li><\/ul>\n\n\n\n<ul class=\"wp-block-list\"><li>Informamos que prazos no CPGeo s\u00e3o contados diferentemente para cada laborat\u00f3rio. No caso do LQI, o prazo estimado considera <strong>o in\u00edcio do procedimento no laborat\u00f3rio<\/strong>, e n\u00e3o a data em que a requisi\u00e7\u00e3o do servi\u00e7o foi aprovada.<\/li><\/ul>\n","protected":false},"excerpt":{"rendered":"<p>A Diretoria do CPGeo informa que: Clientes com interesse em an\u00e1lises 40Ar\/39Ar devem contatar diretamente o pesquisador respons\u00e1vel do LGN.&#46;&#46;&#46;<\/p>\n","protected":false},"author":14,"featured_media":0,"parent":0,"menu_order":0,"comment_status":"closed","ping_status":"closed","template":"","meta":{"_acf_changed":false,"om_disable_all_campaigns":false,"_monsterinsights_skip_tracking":false,"_monsterinsights_sitenote_active":false,"_monsterinsights_sitenote_note":"","_monsterinsights_sitenote_category":0,"_uf_show_specific_survey":0,"_uf_disable_surveys":false,"footnotes":"","_links_to":"","_links_to_target":""},"class_list":["post-1356","page","type-page","status-publish","hentry"],"acf":[],"aioseo_notices":[],"publishpress_future_action":{"enabled":false,"date":"2026-05-21 07:22:41","action":"change-status","newStatus":"draft","terms":[],"taxonomy":"language","extraData":[]},"publishpress_future_workflow_manual_trigger":{"enabledWorkflows":[]},"_links":{"self":[{"href":"https:\/\/igc.usp.br\/cpgeo\/wp-json\/wp\/v2\/pages\/1356","targetHints":{"allow":["GET"]}}],"collection":[{"href":"https:\/\/igc.usp.br\/cpgeo\/wp-json\/wp\/v2\/pages"}],"about":[{"href":"https:\/\/igc.usp.br\/cpgeo\/wp-json\/wp\/v2\/types\/page"}],"author":[{"embeddable":true,"href":"https:\/\/igc.usp.br\/cpgeo\/wp-json\/wp\/v2\/users\/14"}],"replies":[{"embeddable":true,"href":"https:\/\/igc.usp.br\/cpgeo\/wp-json\/wp\/v2\/comments?post=1356"}],"version-history":[{"count":10,"href":"https:\/\/igc.usp.br\/cpgeo\/wp-json\/wp\/v2\/pages\/1356\/revisions"}],"predecessor-version":[{"id":1465,"href":"https:\/\/igc.usp.br\/cpgeo\/wp-json\/wp\/v2\/pages\/1356\/revisions\/1465"}],"wp:attachment":[{"href":"https:\/\/igc.usp.br\/cpgeo\/wp-json\/wp\/v2\/media?parent=1356"}],"curies":[{"name":"wp","href":"https:\/\/api.w.org\/{rel}","templated":true}]}}