{"id":1328,"date":"2019-02-27T09:15:41","date_gmt":"2019-02-27T12:15:41","guid":{"rendered":"http:\/\/sites.igc.usp.br\/cpgeo\/?page_id=1328"},"modified":"2021-01-14T16:49:34","modified_gmt":"2021-01-14T19:49:34","slug":"geolab","status":"publish","type":"page","link":"https:\/\/igc.usp.br\/cpgeo\/geolab\/","title":{"rendered":"GeoLab SHRIMP"},"content":{"rendered":"\n<p>SHRIMP \u00e9 o acr\u00f4nimo para <em>Sensitive High-Resolution Ion MicroProbe <\/em>e refere-se a uma microssonda i\u00f4nica desenvolvida na d\u00e9cada de 70 por pesquisadores da Research School of Earth Sciences (Australian National University), hoje comercializada pela Australian Scientific Instruments Pty Ltd. (ASI) \/ Dunyi (Beijing) Technology Development Co. Ltd (DTDC).<\/p>\n\n\n\n<p>O GeoLab SHRIMP foi criado atrav\u00e9s do cons\u00f3rcio FAPESP-Petrobras com objetivo de instalar a primeira microssonda i\u00f4nica na Am\u00e9rica do Sul dedicada a estudos geocronol\u00f3gicos. A vers\u00e3o instalada \u00e9 a SHRIMP IIe\/MC onde &#8220;II&#8221; significa&nbsp;<em>second generation<\/em>, &#8220;e&#8221; significa&nbsp;<em>extended <\/em>e &#8220;MC&#8221;,&nbsp;<em>multicollector<\/em>. Detalhes sobre a instrumenta\u00e7\u00e3o e procedimentos anal\u00edticos est\u00e3o descritos em Sato et al. (2014) (<a href=\"https:\/\/doi.org\/10.5327\/Z1519-874X201400030001\">https:\/\/doi.org\/10.5327\/Z1519-874X201400030001<\/a>).<\/p>\n\n\n\n<p>O GeoLab SHRIMP d\u00e1 suporte anal\u00edtico a in\u00fameros projetos cient\u00edficos desenvolvidos no \u00e2mbito acad\u00eamico e de interesse do setor produtivo, notadamente empresas relacionadas ao setor de minera\u00e7\u00e3o e \u00f3leo e g\u00e1s. Como contribui\u00e7\u00e3o importante \u00e0 pesquisa na \u00e1rea da geologia b\u00e1sica, destaca-se a parceria cont\u00ednua com o Servi\u00e7o Geol\u00f3gico do Brasil (CPRM).<\/p>\n\n\n\n<p>O GeoLab SHRIMP realiza an\u00e1lises U-Pb em zirc\u00e3o e no \u00e2mbito acad\u00eamico, U-Pb em xenotima, baddeley\u00edta, titanita e an\u00e1lises de ETRs e Ti em zirc\u00e3o.<\/p>\n\n\n\n<p>Como os laborat\u00f3rios do CPGeo, o GeoLab SHRIMP tem car\u00e1ter multiusu\u00e1rio. Informa\u00e7\u00f5es sobre a submiss\u00e3o de projetos para uso podem ser acessadas via os e-mails <a href=\"glshrim@usp.br\">glshrimp@usp.br<\/a> e <a href=\"projetoscpgeo@usp.br\">projetoscpgeo@usp.br<\/a>.<\/p>\n\n\n\n<p>Diretor &#8211; Prof. Colombo C. G. Tassinari<\/p>\n\n\n\n<p>Respons\u00e1vel t\u00e9cnico &#8211; Dr. Kei Sato<br><\/p>\n\n\n\n<p><br><\/p>\n\n\n\n<p><br><\/p>\n","protected":false},"excerpt":{"rendered":"<p>SHRIMP \u00e9 o acr\u00f4nimo para Sensitive High-Resolution Ion MicroProbe e refere-se a uma microssonda i\u00f4nica desenvolvida na d\u00e9cada de 70&#46;&#46;&#46;<\/p>\n","protected":false},"author":1,"featured_media":0,"parent":0,"menu_order":0,"comment_status":"closed","ping_status":"closed","template":"","meta":{"_acf_changed":false,"om_disable_all_campaigns":false,"_monsterinsights_skip_tracking":false,"_monsterinsights_sitenote_active":false,"_monsterinsights_sitenote_note":"","_monsterinsights_sitenote_category":0,"_uf_show_specific_survey":0,"_uf_disable_surveys":false,"footnotes":"","_links_to":"","_links_to_target":""},"class_list":["post-1328","page","type-page","status-publish","hentry"],"acf":[],"aioseo_notices":[],"publishpress_future_action":{"enabled":false,"date":"2026-05-21 02:01:08","action":"change-status","newStatus":"draft","terms":[],"taxonomy":"language","extraData":[]},"publishpress_future_workflow_manual_trigger":{"enabledWorkflows":[]},"_links":{"self":[{"href":"https:\/\/igc.usp.br\/cpgeo\/wp-json\/wp\/v2\/pages\/1328","targetHints":{"allow":["GET"]}}],"collection":[{"href":"https:\/\/igc.usp.br\/cpgeo\/wp-json\/wp\/v2\/pages"}],"about":[{"href":"https:\/\/igc.usp.br\/cpgeo\/wp-json\/wp\/v2\/types\/page"}],"author":[{"embeddable":true,"href":"https:\/\/igc.usp.br\/cpgeo\/wp-json\/wp\/v2\/users\/1"}],"replies":[{"embeddable":true,"href":"https:\/\/igc.usp.br\/cpgeo\/wp-json\/wp\/v2\/comments?post=1328"}],"version-history":[{"count":6,"href":"https:\/\/igc.usp.br\/cpgeo\/wp-json\/wp\/v2\/pages\/1328\/revisions"}],"predecessor-version":[{"id":1505,"href":"https:\/\/igc.usp.br\/cpgeo\/wp-json\/wp\/v2\/pages\/1328\/revisions\/1505"}],"wp:attachment":[{"href":"https:\/\/igc.usp.br\/cpgeo\/wp-json\/wp\/v2\/media?parent=1328"}],"curies":[{"name":"wp","href":"https:\/\/api.w.org\/{rel}","templated":true}]}}