{"id":1233,"date":"2019-02-01T08:40:18","date_gmt":"2019-02-01T10:40:18","guid":{"rendered":"http:\/\/sites.igc.usp.br\/cpgeo\/?page_id=1233"},"modified":"2021-08-05T14:22:18","modified_gmt":"2021-08-05T17:22:18","slug":"apresentacao","status":"publish","type":"page","link":"https:\/\/igc.usp.br\/cpgeo\/apresentacao\/","title":{"rendered":"Apresenta\u00e7\u00e3o"},"content":{"rendered":"\n<p>A cria\u00e7\u00e3o do CPGeo remonta a 1965 quando, por execu\u00e7\u00e3o do decreto estadual Nr. 45.519 publicado em 17\/11\/1965, o ent\u00e3o Laborat\u00f3rio de Geocronologia da Faculdade de Filosofia, Ci\u00eancias e Letras da USP passou a centro de pesquisa vinculado ao Departamento de Geologia e Paleontologia desta faculdade, nomeado Centro de Pesquisas Geocronol\u00f3gicas.<\/p>\n\n\n\n<p>No in\u00edcio dedicado exclusivamente \u00e0 aplica\u00e7\u00e3o de m\u00e9todos radiom\u00e9tricos \u00e0 data\u00e7\u00e3o de rochas e minerais, o CPGeo rapidamente expandiu seu escopo anal\u00edtico para aplicar raz\u00f5es isot\u00f3picas (radiog\u00eanicos e est\u00e1veis) ao conhecimento de processos geol\u00f3gicos os mais diversos. A compreens\u00e3o dos aspectos relativos \u00e0 forma\u00e7\u00e3o e evolu\u00e7\u00e3o dos tr\u00eas grandes reservat\u00f3rios do sistema Terra \u2013 Litosfera, Hidrosfera e Atmosfera, s\u00e3o hoje contemplados nos projetos cient\u00edficos desenvolvidos ou apoiados pelo CPGeo.<\/p>\n\n\n\n<p>Buscando alinhar sua identidade nominal com o extensivo espectro de atua\u00e7\u00e3o nas Geoci\u00eancias e \u00e1reas afins, para muito al\u00e9m do campo exclusivo da Geocronologia, o ano de 2019 marca a redefini\u00e7\u00e3o do CPGeo como \u201cCentro de Pesquisas em Geocronologia e Geoqu\u00edmica Isot\u00f3pica\u201d, mantendo o acr\u00f4nimo.<\/p>\n\n\n\n<p>Nos \u00faltimos anos, mudan\u00e7as internas foram implementadas como: a inclus\u00e3o de novos pesquisadores ao quadro de membros efetivos, a implanta\u00e7\u00e3o de um sistema de gest\u00e3o da qualidade e automa\u00e7\u00e3o no atendimento ao usu\u00e1rio, incentivo a patentes metodol\u00f3gicas e de materiais, e parcerias formais com o setor produtivo.<\/p>\n\n\n\n<p>Nossos princ\u00edpios est\u00e3o fundamentados no cont\u00ednuo investimento em qualidade dos servi\u00e7os prestados, no forte engajamento com desenvolvimento tecnol\u00f3gico e inova\u00e7\u00e3o cient\u00edfica, e na capacita\u00e7\u00e3o de recursos humanos nas \u00e1reas espec\u00edficas que atuamos.<\/p>\n\n\n\n<p>Para garantir o cont\u00ednuo aprimoramento de seus servi\u00e7os, a partir de agosto de 2021, os laborat\u00f3rios do CPGeo migram para <strong>Plataforma Centrais de Equipamentos Multiusu\u00e1rios \u2013 USP Multi<\/strong>, gerida pela Pr\u00f3-Reitoria de Pesquisa da USP. Esta plataforma atende a necessidade de gest\u00e3o estrat\u00e9gica da infraestrutura do CPGeo e auxilia os pesquisadores na gest\u00e3o dos equipamentos.<\/p>\n","protected":false},"excerpt":{"rendered":"<p>A cria\u00e7\u00e3o do CPGeo remonta a 1965 quando, por execu\u00e7\u00e3o do decreto estadual Nr. 45.519 publicado em 17\/11\/1965, o ent\u00e3o&#46;&#46;&#46;<\/p>\n","protected":false},"author":1,"featured_media":0,"parent":0,"menu_order":0,"comment_status":"closed","ping_status":"closed","template":"","meta":{"_acf_changed":false,"om_disable_all_campaigns":false,"_monsterinsights_skip_tracking":false,"_monsterinsights_sitenote_active":false,"_monsterinsights_sitenote_note":"","_monsterinsights_sitenote_category":0,"_uf_show_specific_survey":0,"_uf_disable_surveys":false,"footnotes":"","_links_to":"","_links_to_target":""},"class_list":["post-1233","page","type-page","status-publish","hentry"],"acf":[],"aioseo_notices":[],"publishpress_future_action":{"enabled":false,"date":"2026-04-23 17:15:21","action":"change-status","newStatus":"draft","terms":[],"taxonomy":"language","extraData":[]},"publishpress_future_workflow_manual_trigger":{"enabledWorkflows":[]},"_links":{"self":[{"href":"https:\/\/igc.usp.br\/cpgeo\/wp-json\/wp\/v2\/pages\/1233","targetHints":{"allow":["GET"]}}],"collection":[{"href":"https:\/\/igc.usp.br\/cpgeo\/wp-json\/wp\/v2\/pages"}],"about":[{"href":"https:\/\/igc.usp.br\/cpgeo\/wp-json\/wp\/v2\/types\/page"}],"author":[{"embeddable":true,"href":"https:\/\/igc.usp.br\/cpgeo\/wp-json\/wp\/v2\/users\/1"}],"replies":[{"embeddable":true,"href":"https:\/\/igc.usp.br\/cpgeo\/wp-json\/wp\/v2\/comments?post=1233"}],"version-history":[{"count":5,"href":"https:\/\/igc.usp.br\/cpgeo\/wp-json\/wp\/v2\/pages\/1233\/revisions"}],"predecessor-version":[{"id":1518,"href":"https:\/\/igc.usp.br\/cpgeo\/wp-json\/wp\/v2\/pages\/1233\/revisions\/1518"}],"wp:attachment":[{"href":"https:\/\/igc.usp.br\/cpgeo\/wp-json\/wp\/v2\/media?parent=1233"}],"curies":[{"name":"wp","href":"https:\/\/api.w.org\/{rel}","templated":true}]}}