{"id":1209,"date":"2019-02-01T08:16:21","date_gmt":"2019-02-01T10:16:21","guid":{"rendered":"http:\/\/sites.igc.usp.br\/cpgeo\/?page_id=1209"},"modified":"2021-08-05T14:29:11","modified_gmt":"2021-08-05T17:29:11","slug":"proposta-comercial","status":"publish","type":"page","link":"https:\/\/igc.usp.br\/cpgeo\/proposta-comercial\/","title":{"rendered":"Proposta Comercial"},"content":{"rendered":"\n<p>Solicita\u00e7\u00f5es para propostas comerciais dever\u00e3o ser encaminhadas \u00e0 Diretoria do CPGeo pelo e-mail <a href=\"mailto:cpgeo@usp.br\"> cpgeo@usp.br <\/a>.<\/p>\n","protected":false},"excerpt":{"rendered":"<p>Solicita\u00e7\u00f5es para propostas comerciais dever\u00e3o ser encaminhadas \u00e0 Diretoria do CPGeo pelo e-mail cpgeo@usp.br .<\/p>\n","protected":false},"author":1,"featured_media":0,"parent":0,"menu_order":0,"comment_status":"closed","ping_status":"closed","template":"","meta":{"_acf_changed":false,"om_disable_all_campaigns":false,"_monsterinsights_skip_tracking":false,"_monsterinsights_sitenote_active":false,"_monsterinsights_sitenote_note":"","_monsterinsights_sitenote_category":0,"_uf_show_specific_survey":0,"_uf_disable_surveys":false,"footnotes":"","_links_to":"","_links_to_target":""},"class_list":["post-1209","page","type-page","status-publish","hentry"],"acf":[],"aioseo_notices":[],"publishpress_future_action":{"enabled":false,"date":"2026-04-20 14:44:49","action":"change-status","newStatus":"draft","terms":[],"taxonomy":"language","extraData":[]},"publishpress_future_workflow_manual_trigger":{"enabledWorkflows":[]},"_links":{"self":[{"href":"https:\/\/igc.usp.br\/cpgeo\/wp-json\/wp\/v2\/pages\/1209","targetHints":{"allow":["GET"]}}],"collection":[{"href":"https:\/\/igc.usp.br\/cpgeo\/wp-json\/wp\/v2\/pages"}],"about":[{"href":"https:\/\/igc.usp.br\/cpgeo\/wp-json\/wp\/v2\/types\/page"}],"author":[{"embeddable":true,"href":"https:\/\/igc.usp.br\/cpgeo\/wp-json\/wp\/v2\/users\/1"}],"replies":[{"embeddable":true,"href":"https:\/\/igc.usp.br\/cpgeo\/wp-json\/wp\/v2\/comments?post=1209"}],"version-history":[{"count":5,"href":"https:\/\/igc.usp.br\/cpgeo\/wp-json\/wp\/v2\/pages\/1209\/revisions"}],"predecessor-version":[{"id":1525,"href":"https:\/\/igc.usp.br\/cpgeo\/wp-json\/wp\/v2\/pages\/1209\/revisions\/1525"}],"wp:attachment":[{"href":"https:\/\/igc.usp.br\/cpgeo\/wp-json\/wp\/v2\/media?parent=1209"}],"curies":[{"name":"wp","href":"https:\/\/api.w.org\/{rel}","templated":true}]}}