{"id":1160,"date":"2018-12-17T15:38:32","date_gmt":"2018-12-17T17:38:32","guid":{"rendered":"http:\/\/sites.igc.usp.br\/cpgeo\/?page_id=1160"},"modified":"2019-02-26T18:08:39","modified_gmt":"2019-02-26T21:08:39","slug":"metas","status":"publish","type":"page","link":"https:\/\/igc.usp.br\/cpgeo\/metas\/","title":{"rendered":"Metas"},"content":{"rendered":"\n<h3 class=\"wp-block-heading\">S\u00e3o metas de gest\u00e3o para o bi\u00eanio 2019-2020<\/h3>\n\n\n\n<ul class=\"wp-block-list\"><li>Implementar sistema de rastreabilidade (LIMS &#8211; Laboratory Information Management System) que inclua as atividades exercidas na estrutura organizacional, desde o cadastramento de clientes e servi\u00e7os, at\u00e9 emiss\u00e3o de or\u00e7amentos e laudos t\u00e9cnicos [em andamento];<\/li><li>Implementar um Sistema de Gest\u00e3o da Qualidade baseado nas normativas ABNT NBR ISO\/IEC 17025:2017) em parte dos laborat\u00f3rios, aqui incluindo-se inicialmente aqueles com forte integra\u00e7\u00e3o com o setor produtivo, p\u00fablico e privado [em andamento];<\/li><li>Expandir a atua\u00e7\u00e3o do Centro na \u00e1rea de microscopia eletr\u00f4nica de varredura oferecendo servi\u00e7os diferenciados de eletromicrografia (SEM, CL, BSE) e an\u00e1lises composicionais em baixo v\u00e1cuo para materiais geol\u00f3gicos, ambientais e arqueol\u00f3gicos [atrav\u00e9s do PNCM-FINEP-INOVAGEO];<\/li><li>Implementar nova rotina anal\u00edtica baseada em determina\u00e7\u00f5es isot\u00f3picas d<sup>18<\/sup>O in situ em minerais obtidas em microssonda i\u00f4nica SHRIMP IIe [atrav\u00e9s do PNCM-FINEP-INOVAGEO];<\/li><li>Implementar nova rotina anal\u00edtica baseada na determina\u00e7\u00e3o de raz\u00f5es de is\u00f3topos est\u00e1veis (C, N, O, S) em mat\u00e9ria org\u00e2nica, representando importante salto em inova\u00e7\u00e3o cient\u00edfica aplicada a v\u00e1rias \u00e1reas do conhecimento em Geoci\u00eancias e afins [em andamento];<\/li><li>Implementar nova rotina anal\u00edtica baseada na determina\u00e7\u00e3o de raz\u00f5es de is\u00f3topos n\u00e3o tradicionais (Zn, Li) para aplica\u00e7\u00e3o em estudos paleo-ambientais [em andamento];<\/li><li>Implementar nova rotina anal\u00edtica baseada na data\u00e7\u00e3o <sup>40<\/sup>Ar\/<sup>39<\/sup>Ar de argilominerais para aplica\u00e7\u00e3o em estudos envolvendo diag\u00eanese e migra\u00e7\u00e3o de \u00f3leo-g\u00e1s em bacias petrol\u00edferas [em andamento];<\/li><li>Automatizar o sistema de aquisi\u00e7\u00e3o de dados da microssonda i\u00f4nica SHRIMP IIe atrav\u00e9s da aquisi\u00e7\u00e3o e implementa\u00e7\u00e3o de software espec\u00edfico e dedicado, permitindo a opera\u00e7\u00e3o remota do instrumento e beneficiando as parcerias com clientes de outras institui\u00e7\u00f5es brasileiras e estrangeiras [atrav\u00e9s do PNCM-FINEP-INOVAGEO];<\/li><li>Implementar sistema de reuso de \u00e1gua no Laborat\u00f3rio de Separa\u00e7\u00e3o e Prepara\u00e7\u00e3o (LSP) de materiais geol\u00f3gicos visando reduzir o impacto ambiental decorrente de desperd\u00edcio [ema andamento].<\/li><\/ul>\n","protected":false},"excerpt":{"rendered":"<p>S\u00e3o metas de gest\u00e3o para o bi\u00eanio 2019-2020 Implementar sistema de rastreabilidade (LIMS &#8211; Laboratory Information Management System) que inclua&#46;&#46;&#46;<\/p>\n","protected":false},"author":1,"featured_media":0,"parent":0,"menu_order":0,"comment_status":"closed","ping_status":"closed","template":"","meta":{"_acf_changed":false,"om_disable_all_campaigns":false,"_monsterinsights_skip_tracking":false,"_monsterinsights_sitenote_active":false,"_monsterinsights_sitenote_note":"","_monsterinsights_sitenote_category":0,"_uf_show_specific_survey":0,"_uf_disable_surveys":false,"footnotes":"","_links_to":"","_links_to_target":""},"class_list":["post-1160","page","type-page","status-publish","hentry"],"acf":[],"aioseo_notices":[],"publishpress_future_action":{"enabled":false,"date":"2026-04-23 04:09:05","action":"change-status","newStatus":"draft","terms":[],"taxonomy":"language","extraData":[]},"publishpress_future_workflow_manual_trigger":{"enabledWorkflows":[]},"_links":{"self":[{"href":"https:\/\/igc.usp.br\/cpgeo\/wp-json\/wp\/v2\/pages\/1160","targetHints":{"allow":["GET"]}}],"collection":[{"href":"https:\/\/igc.usp.br\/cpgeo\/wp-json\/wp\/v2\/pages"}],"about":[{"href":"https:\/\/igc.usp.br\/cpgeo\/wp-json\/wp\/v2\/types\/page"}],"author":[{"embeddable":true,"href":"https:\/\/igc.usp.br\/cpgeo\/wp-json\/wp\/v2\/users\/1"}],"replies":[{"embeddable":true,"href":"https:\/\/igc.usp.br\/cpgeo\/wp-json\/wp\/v2\/comments?post=1160"}],"version-history":[{"count":6,"href":"https:\/\/igc.usp.br\/cpgeo\/wp-json\/wp\/v2\/pages\/1160\/revisions"}],"predecessor-version":[{"id":1292,"href":"https:\/\/igc.usp.br\/cpgeo\/wp-json\/wp\/v2\/pages\/1160\/revisions\/1292"}],"wp:attachment":[{"href":"https:\/\/igc.usp.br\/cpgeo\/wp-json\/wp\/v2\/media?parent=1160"}],"curies":[{"name":"wp","href":"https:\/\/api.w.org\/{rel}","templated":true}]}}